{"id":2791,"date":"2024-04-20T20:25:51","date_gmt":"2024-04-20T18:25:51","guid":{"rendered":"https:\/\/closcoquet.fr\/?page_id=2791"},"modified":"2024-04-20T20:25:52","modified_gmt":"2024-04-20T18:25:52","slug":"mentions-legales","status":"publish","type":"page","link":"https:\/\/closcoquet.fr\/de\/mentions-legales\/","title":{"rendered":"Impressum"},"content":{"rendered":"<p>Informations \u00e9diteur<br>Ce site web, www.closcoquet.fr, est \u00e9dit\u00e9 par :<br>S.C.E.A. LE CLOS COQUET<br>352 CHE DE GINASSERVIS 83510 LORGUES<\/p>\n\n\n\n<p>Directeur de la publication : Baptiste Zunino<\/p>\n\n\n\n<p>Cr\u00e9dits<br>Concept, webdesign, production du site web : Marion Barral, AOC Conseils<br>H\u00e9bergement du site : OVH SAS 2 rue Kellermann &#8211; 59100 Roubaix &#8211; France<\/p>\n\n\n\n<p>Conditions d\u2019utilisation<br>Ce site web rel\u00e8ve de la l\u00e9gislation fran\u00e7aise et internationale sur le droit d\u2019auteur et la propri\u00e9t\u00e9 intellectuelle. La reproduction de tout ou partie de ce site web sur support \u00e9lectronique ou support papier (y compris les documents t\u00e9l\u00e9chargeables) est formellement interdite sauf autorisation expresse du directeur de la publication.<\/p>\n\n\n\n<p>www.closcoquet.fr met \u00e0 la disposition des internautes des informations dont elle fait ses meilleurs efforts pour assurer l\u2019exactitude au moment de leur mise en ligne.<br>www.closcoquet.fr ne saurait en aucun cas \u00eatre tenue responsable des \u00e9ventuels pr\u00e9judices li\u00e9s \u00e0 la consultation de ces informations.<br>www.closcoquet.fr ne saurait \u00eatre tenue responsable de l\u2019utilisation qui serait faite par les internautes des informations contenues dans le site web. La pr\u00e9sence de liens hypertexte vers d\u2019autres sites web n\u2019engage aucunement www.closcoquet.fr sur le contenu de ces sites web.<br>www.closcoquet.fr se r\u00e9serve le droit de modifier, corriger ou supprimer le contenu du site web.<\/p>\n\n\n\n<p>Vous pouvez mettre en place un lien hypertexte pointant vers un contenu du site www.closcoquet.fr, sous r\u00e9serve de mentionner la source www.closcoquet.fr du contenu vis\u00e9. Cette autorisation ne s\u2019applique pas aux sites Internet diffusant des informations \u00e0 caract\u00e8re pol\u00e9mique, pornographique, x\u00e9nophobe ou pouvant, dans une plus large mesure, porter atteinte \u00e0 la sensibilit\u00e9 du plus grand nombre ou \u00e0 l\u2019ordre public.<\/p>\n\n\n\n<p>Droits d\u2019auteur<br>Contenus prot\u00e9g\u00e9s : \u00a9 www.closcoquet.fr. Tous droits r\u00e9serv\u00e9s. La reproduction du contenu de ce site web, en tout ou en partie, est interdite sans la permission \u00e9crite de l\u2019auteur (sauf mention particuli\u00e8re). Tout autre mat\u00e9riel contenu sur ce site ne nous appartenant pas : photos, textes, images, codes source, logos, noms de produits ou marques cit\u00e9es, etc., est la propri\u00e9t\u00e9 de leurs d\u00e9tenteurs respectifs.<\/p>\n\n\n\n<p>Cr\u00e9dits photos<br>Marion Barral, AOC Conseils et S.C.E.A. LE CLOS COQUET<\/p>\n\n\n\n<p>Age l\u00e9gal pour la consommation d\u2019alcool<br>Pour pouvoir consulter ce site, vous devez avoir l\u2019\u00e2ge l\u00e9gal fix\u00e9 par la loi de votre pays pour la consommation d\u2019alcool \u2013 si ce n\u2019est pas le cas, veuillez quitter ce site. Si vous avez l\u2019\u00e2ge requis, consommez nos produits avec mod\u00e9ration.<\/p>\n\n\n\n<p>Territoires faisant l\u2019objet d\u2019une restriction<br>Dans certains pays, il est interdit de consulter un site comme le n\u00f4tre car la l\u00e9gislation locale restreint la vente et\/ou la promotion de boissons alcoolis\u00e9es. Si vous consultez ce site depuis un pays o\u00f9 de telles restrictions s\u2019appliquent, d\u00e9connectez-vous imm\u00e9diatement. Si vous ne connaissez pas les dispositions de la loi de votre pays \u00e0 ce sujet, nous vous recommandons de quitter ce site et de consulter vos droits avant de continuer.<\/p>\n\n\n\n<p>L&rsquo;ABUS D&rsquo;ALCOOL EST DANGEREUX POUR LA SANT\u00c9,<\/p>\n\n\n\n<p>VEILLEZ \u00c0 D\u00c9GUSTER ET CONSOMMER AVEC MOD\u00c9RATION<\/p>\n\n\n\n<p>\u00a9 2024 FSCEA LE CLOS COQUET &#8211; MENTIONS L\u00c9GALES<\/p>","protected":false},"excerpt":{"rendered":"<p>Informations \u00e9diteurCe site web, www.closcoquet.fr, est \u00e9dit\u00e9 par :S.C.E.A. LE CLOS COQUET352 CHE DE GINASSERVIS 83510 LORGUES Directeur de la publication : Baptiste Zunino Cr\u00e9ditsConcept, webdesign, production du site web : Marion Barral, AOC ConseilsH\u00e9bergement du site : OVH SAS 2 rue Kellermann &#8211; 59100 Roubaix &#8211; France Conditions d\u2019utilisationCe site web rel\u00e8ve de la<br class=\"read-more-spacer\"> <a class=\"more-link\" href=\"https:\/\/closcoquet.fr\/de\/mentions-legales\/\">Read More<\/a><\/p>","protected":false},"author":1,"featured_media":0,"parent":0,"menu_order":0,"comment_status":"closed","ping_status":"closed","template":"","meta":{"_acf_changed":false,"om_disable_all_campaigns":false,"_monsterinsights_skip_tracking":false,"_monsterinsights_sitenote_active":false,"_monsterinsights_sitenote_note":"","_monsterinsights_sitenote_category":0,"footnotes":""},"class_list":["post-2791","page","type-page","status-publish","hentry"],"acf":[],"aioseo_notices":[],"_links":{"self":[{"href":"https:\/\/closcoquet.fr\/de\/wp-json\/wp\/v2\/pages\/2791","targetHints":{"allow":["GET"]}}],"collection":[{"href":"https:\/\/closcoquet.fr\/de\/wp-json\/wp\/v2\/pages"}],"about":[{"href":"https:\/\/closcoquet.fr\/de\/wp-json\/wp\/v2\/types\/page"}],"author":[{"embeddable":true,"href":"https:\/\/closcoquet.fr\/de\/wp-json\/wp\/v2\/users\/1"}],"replies":[{"embeddable":true,"href":"https:\/\/closcoquet.fr\/de\/wp-json\/wp\/v2\/comments?post=2791"}],"version-history":[{"count":1,"href":"https:\/\/closcoquet.fr\/de\/wp-json\/wp\/v2\/pages\/2791\/revisions"}],"predecessor-version":[{"id":2792,"href":"https:\/\/closcoquet.fr\/de\/wp-json\/wp\/v2\/pages\/2791\/revisions\/2792"}],"wp:attachment":[{"href":"https:\/\/closcoquet.fr\/de\/wp-json\/wp\/v2\/media?parent=2791"}],"curies":[{"name":"wp","href":"https:\/\/api.w.org\/{rel}","templated":true}]}}