{"id":341,"date":"2016-03-15T14:31:38","date_gmt":"2016-03-15T14:31:38","guid":{"rendered":"http:\/\/okthemes.com\/villenoirdemonew\/?page_id=341"},"modified":"2024-04-20T18:47:13","modified_gmt":"2024-04-20T16:47:13","slug":"une-histoire-de-famille","status":"publish","type":"page","link":"https:\/\/closcoquet.fr\/de\/une-histoire-de-famille\/","title":{"rendered":"Eine Familiengeschichte"},"content":{"rendered":"<div class=\"wpb-content-wrapper\"><div data-vc-full-width=\"true\" data-vc-full-width-init=\"false\" class=\"vc_row wpb_row vc_row-fluid vc_custom_1460974692501 vc_row-has-fill\"><div class=\"wpb_column vc_column_container vc_col-sm-12\"><div class=\"vc_column-inner\"><div class=\"wpb_wrapper\">\n\t<div class=\"title-subtitle-box  vc_custom_1713630693507 vc_custom_1713630693508 vc_custom_1713630693508\" style=\" margin-bottom:90px; text-align: left;\">\n\t\t<p  style=\"\">Clos Coquet<\/p>\n\t\t<h1 style=\" font-style: normal;\">Zur\u00fcck in die Zeit<\/h1>\n\t<\/div> <section id=\"cd-timeline\" class=\"cd-container horizontal\">\n\t<div class=\"cd-timeline-block\">\n\t\t<div class=\"cd-timeline-img cd-picture kd-animated\">\n\t\t<img decoding=\"async\" src=\"https:\/\/closcoquet.fr\/wp-content\/themes\/villenoir\/images\/cd-icon-location.svg\" alt=\"Location\">\n\t\t<\/div>\n\t\t<div class=\"cd-timeline-content kd-animated\">\n\t\t <img decoding=\"async\" class=\"wp-post-image\" src=\"https:\/\/closcoquet.fr\/wp-content\/uploads\/2024\/04\/pepe-Louis-avec-ARpin-et-Coquet.jpg\" alt=\"p\u00e9p\u00e9 Louis avec ARpin et Coquet\" \/> \n\t\t<div class=\"cd-timeline-content-wrapper\">\n\t\t<p class=\"cd-title\">Opa Louis<\/p>\n\t\t<p>Opa Louis bearbeitet die Farm mit seinen Kaltblutpferden, Arpin und Coquet. Diese werden w\u00e4hrend des Zweiten Weltkriegs requiriert.<\/p>\n\t\t<h4 class=\"cd-date\">1930<\/h4>\n\t\t<\/div>\n\t\t<\/div>\n\t<\/div>\n\t<div class=\"cd-timeline-block\">\n\t\t<div class=\"cd-timeline-img cd-picture kd-animated\">\n\t\t<img decoding=\"async\" src=\"https:\/\/closcoquet.fr\/wp-content\/themes\/villenoir\/images\/cd-icon-location.svg\" alt=\"Location\">\n\t\t<\/div>\n\t\t<div class=\"cd-timeline-content kd-animated\">\n\t\t <img decoding=\"async\" class=\"wp-post-image\" src=\"https:\/\/closcoquet.fr\/wp-content\/uploads\/2024\/04\/20240306114214_IMG_8721-scaled.jpg\" alt=\"\" \/> \n\t\t<div class=\"cd-timeline-content-wrapper\">\n\t\t<p class=\"cd-title\">Gr\u00fcndung des Weinguts<\/p>\n\t\t<p>Christophe gr\u00fcndet das Weingut mit dem Wunsch, seine Kinder einzubeziehen und ihnen ein sch\u00f6nes Erbe f\u00fcr die Zukunft zu hinterlassen.<\/p>\n\t\t<h4 class=\"cd-date\">2018<\/h4>\n\t\t<\/div>\n\t\t<\/div>\n\t<\/div>\n\t<div class=\"cd-timeline-block\">\n\t\t<div class=\"cd-timeline-img cd-picture kd-animated\">\n\t\t<img decoding=\"async\" src=\"https:\/\/closcoquet.fr\/wp-content\/themes\/villenoir\/images\/cd-icon-location.svg\" alt=\"Location\">\n\t\t<\/div>\n\t\t<div class=\"cd-timeline-content kd-animated\">\n\t\t <img decoding=\"async\" class=\"wp-post-image\" src=\"https:\/\/closcoquet.fr\/wp-content\/uploads\/2024\/04\/coccinelle-vignes-scaled.jpg\" alt=\"\" \/> \n\t\t<div class=\"cd-timeline-content-wrapper\">\n\t\t<p class=\"cd-title\">Zertifizierung f\u00fcr biologischen Landbau<\/p>\n\t\t<p>Baptiste erh\u00e4lt die Zertifizierung ab 2023 mit dem Ziel, mit der Biodynamik noch weiter zu gehen.v<\/p>\n\t\t<h4 class=\"cd-date\">2023<\/h4>\n\t\t<\/div>\n\t\t<\/div>\n\t<\/div>\n\t<div class=\"cd-timeline-block\">\n\t\t<div class=\"cd-timeline-img cd-picture kd-animated\">\n\t\t<img decoding=\"async\" src=\"https:\/\/closcoquet.fr\/wp-content\/themes\/villenoir\/images\/cd-icon-location.svg\" alt=\"Location\">\n\t\t<\/div>\n\t\t<div class=\"cd-timeline-content kd-animated\">\n\t\t <img decoding=\"async\" class=\"wp-post-image\" src=\"https:\/\/closcoquet.fr\/wp-content\/uploads\/2024\/04\/caveau-1-scaled.jpg\" alt=\"\" \/> \n\t\t<div class=\"cd-timeline-content-wrapper\">\n\t\t<p class=\"cd-title\">Er\u00f6ffnung des Verkaufskellers<\/p>\n\t\t<p>Er\u00f6ffnung des Verkaufskellers unter der Leitung von Camille.<\/p>\n\t\t<h4 class=\"cd-date\">2024<\/h4>\n\t\t<\/div>\n\t\t<\/div>\n\t<\/div><\/section><\/div><\/div><\/div><\/div><div class=\"vc_row-full-width vc_clearfix\"><\/div><div data-vc-full-width=\"true\" data-vc-full-width-init=\"false\" class=\"vc_row wpb_row vc_row-fluid gg-force-background-bottom-no-cover vc_custom_1713631378623 vc_row-has-fill\"><div class=\"wpb_column vc_column_container vc_col-sm-4\"><div class=\"vc_column-inner\"><div class=\"wpb_wrapper\"><\/div><\/div><\/div><div class=\"wpb_column vc_column_container vc_col-sm-4\"><div class=\"vc_column-inner  vc_custom_1458310150528\"><div class=\"wpb_wrapper\">\n\t<div class=\"title-subtitle-box\" style=\" text-align: left;\">\n\t\t<p  style=\"\">Geschichte<\/p>\n\t<\/div> \n\t<div class=\"wpb_text_column wpb_content_element\" >\n\t\t<div class=\"wpb_wrapper\">\n\t\t\t<p><span class=\"OYPEnA text-decoration-none text-strikethrough-none\">Die Geschichte des Weinguts reicht zur\u00fcck bis <\/span><span class=\"OYPEnA text-decoration-none text-strikethrough-none\">Opa Louis Victor Alibert <\/span><span class=\"OYPEnA text-decoration-none text-strikethrough-none\">der im Weiler Saint Jaumes in der Region lebte. Dieser famili\u00e4re Ort hat die Geburt aller Familienmitglieder gesehen, einschlie\u00dflich Christophe.\u00a0<\/span><\/p>\n\n\t\t<\/div>\n\t<\/div>\n<\/div><\/div><\/div><div class=\"wpb_column vc_column_container vc_col-sm-4\"><div class=\"vc_column-inner\"><div class=\"wpb_wrapper\">\n\t<div class=\"title-subtitle-box\" style=\" text-align: left;\">\n\t\t<p  style=\"\">Die Name  ``Clos Coquet'<\/p>\n\t<\/div> \n\t<div class=\"wpb_text_column wpb_content_element\" >\n\t\t<div class=\"wpb_wrapper\">\n\t\t\t<p><span class=\"OYPEnA text-decoration-none text-strikethrough-none\">Louis Victor besa\u00df Pferde, die er haupts\u00e4chlich f\u00fcr die Arbeit in den Weinbergen und zum Ziehen seines Wagens (genannt \"chareton\") nutzte. W\u00e4hrend des Krieges wurden jedoch seine Pferde von den Streitkr\u00e4ften requiriert. Auf dem Foto nebenan sehen wir Gro\u00dfvater Louis mit seinen treuen Arbeitspferden Arpin und Coquet. \u00dcbrigens wird der Name des Weinguts von letzterem abgeleitet \"<\/span><span class=\"OYPEnA text-decoration-none text-strikethrough-none\">Clos Coquet<\/span><span class=\"OYPEnA text-decoration-none text-strikethrough-none\">.<\/span><\/p>\n\n\t\t<\/div>\n\t<\/div>\n<\/div><\/div><\/div><\/div><div class=\"vc_row-full-width vc_clearfix\"><\/div><div data-vc-full-width=\"true\" data-vc-full-width-init=\"false\" class=\"vc_row wpb_row vc_row-fluid gg-force-background-bottom vc_custom_1459442923303 vc_row-has-fill\"><div class=\"wpb_column vc_column_container vc_col-sm-6\"><div class=\"vc_column-inner\"><div class=\"wpb_wrapper\">\n\t<div class=\"wpb_text_column wpb_content_element\" >\n\t\t<div class=\"wpb_wrapper\">\n\t\t\t<h2><span class=\"OYPEnA text-decoration-none text-strikethrough-none\">Christophes Traum<\/span><\/h2>\n<p><span class=\"OYPEnA text-decoration-none text-strikethrough-none\">Nach einer erfolgreichen Karriere in der <\/span><span class=\"OYPEnA text-decoration-none text-strikethrough-none\">Zeichnen und Lieferung von hochwertigen Flaschen f\u00fcr die gro\u00dfen Ros\u00e9-H\u00e4user der Provence<\/span><span class=\"OYPEnA text-decoration-none text-strikethrough-none\">Christophe hat beschlossen, zu seinen Wurzeln zur\u00fcckzukehren und mit seinem Sohn Baptiste sein eigenes Weingut zu gr\u00fcnden. Baptiste, der einen Abschluss in Weinbau und \u00d6nologie hat, k\u00fcmmert sich mit gro\u00dfer Sorgfalt und Hingabe um die Weinberge, was sich bereits in der Qualit\u00e4t der <\/span><span class=\"OYPEnA text-decoration-none text-strikethrough-none\">ersten Weinbereitungen von 2022<\/span><span class=\"OYPEnA text-decoration-none text-strikethrough-none\">vielversprechend und f\u00fcr ihre Exzellenz gelobt.<\/span><\/p>\n<h2>Camille schlie\u00dft sich dem Abenteuer im Jahr 2024 an.<\/h2>\n<p><span class=\"OYPEnA text-decoration-none text-strikethrough-none\"> Im Jahr 2024 schlie\u00dft sich seine Schwester Camille dem famili\u00e4ren Abenteuer an, um sich um den Verkaufskeller zu k\u00fcmmern, und bringt ihre Leidenschaft und Dynamik in das Team ein. Lydia, ihre Mutter, verwaltet effizient alle administrativen Aspekte des Weinguts. <\/span><\/p>\n<p><span class=\"OYPEnA text-decoration-none text-strikethrough-none\">Der Clos Coquet ist mehr als nur ein Weingut; es ist ein famili\u00e4res Projekt, verwurzelt in der Erde ihrer Vorfahren, das die Einheit und St\u00e4rke einer Familie symbolisiert, die von einer gemeinsamen Leidenschaft f\u00fcr Wein und ihre Heimat Provence verbunden ist.<\/span><\/p>\n\n\t\t<\/div>\n\t<\/div>\n<\/div><\/div><\/div><div class=\"wpb_column vc_column_container vc_col-sm-6\"><div class=\"vc_column-inner\"><div class=\"wpb_wrapper\">\n\t<div class=\"title-subtitle-box  vc_custom_1713631601168 vc_custom_1713631601169 vc_custom_1713631601169\" style=\" padding: 90px 0 0 0px; text-align: center;\">\n\t\t<p  style=\" color:#ad8366; \">Camille Zunino<\/p>\n\t\t<h1 style=\" font-style: normal;\">\"Das ist Papas zweites Leben.\"<\/h1>\n\t<\/div> <\/div><\/div><\/div><\/div><div class=\"vc_row-full-width vc_clearfix\"><\/div>\n<\/div>","protected":false},"excerpt":{"rendered":"Clos Coquet Retour dans le temps P\u00e9p\u00e9 Louis P\u00e9p\u00e9 Louis travaille la ferme avec ses chevaux de trait, Arpin et coquet. Ces derniers seront r\u00e9quisitionn\u00e9s pendant la deuxi\u00e8me guerre mondiale. 1930 Cr\u00e9ation du domaine Christophe cr\u00e9\u00e9e le domaine avec la volont\u00e9 d'y impliquer ses enfants et de leur laisser un beau patrimoine sur la dur\u00e9e.<br class=\"read-more-spacer\"> <a class=\"more-link\" href=\"https:\/\/closcoquet.fr\/de\/une-histoire-de-famille\/\">Read More<\/a>","protected":false},"author":1,"featured_media":2616,"parent":0,"menu_order":0,"comment_status":"closed","ping_status":"closed","template":"","meta":{"_acf_changed":false,"om_disable_all_campaigns":false,"_monsterinsights_skip_tracking":false,"_monsterinsights_sitenote_active":false,"_monsterinsights_sitenote_note":"","_monsterinsights_sitenote_category":0,"footnotes":""},"class_list":["post-341","page","type-page","status-publish","has-post-thumbnail","hentry"],"acf":[],"aioseo_notices":[],"_links":{"self":[{"href":"https:\/\/closcoquet.fr\/de\/wp-json\/wp\/v2\/pages\/341","targetHints":{"allow":["GET"]}}],"collection":[{"href":"https:\/\/closcoquet.fr\/de\/wp-json\/wp\/v2\/pages"}],"about":[{"href":"https:\/\/closcoquet.fr\/de\/wp-json\/wp\/v2\/types\/page"}],"author":[{"embeddable":true,"href":"https:\/\/closcoquet.fr\/de\/wp-json\/wp\/v2\/users\/1"}],"replies":[{"embeddable":true,"href":"https:\/\/closcoquet.fr\/de\/wp-json\/wp\/v2\/comments?post=341"}],"version-history":[{"count":15,"href":"https:\/\/closcoquet.fr\/de\/wp-json\/wp\/v2\/pages\/341\/revisions"}],"predecessor-version":[{"id":3053,"href":"https:\/\/closcoquet.fr\/de\/wp-json\/wp\/v2\/pages\/341\/revisions\/3053"}],"wp:featuredmedia":[{"embeddable":true,"href":"https:\/\/closcoquet.fr\/de\/wp-json\/wp\/v2\/media\/2616"}],"wp:attachment":[{"href":"https:\/\/closcoquet.fr\/de\/wp-json\/wp\/v2\/media?parent=341"}],"curies":[{"name":"wp","href":"https:\/\/api.w.org\/{rel}","templated":true}]}}