{"id":406,"date":"2016-03-21T07:36:56","date_gmt":"2016-03-21T07:36:56","guid":{"rendered":"http:\/\/okthemes.com\/villenoirdemonew\/?page_id=406"},"modified":"2024-04-21T16:42:59","modified_gmt":"2024-04-21T14:42:59","slug":"nos-vins","status":"publish","type":"page","link":"https:\/\/closcoquet.fr\/de\/nos-vins\/","title":{"rendered":"Unsere Weine"},"content":{"rendered":"<div class=\"wpb-content-wrapper\"><div data-vc-full-width=\"true\" data-vc-full-width-init=\"false\" class=\"vc_row wpb_row vc_row-fluid vc_custom_1458552690761 vc_row-has-fill\"><div class=\"wpb_column vc_column_container vc_col-sm-12\"><div class=\"vc_column-inner\"><div class=\"wpb_wrapper\"><div class=\"vc_row wpb_row vc_inner vc_row-fluid\"><div class=\"wpb_column vc_column_container vc_col-sm-7 vc_col-lg-8 vc_col-md-8\"><div class=\"vc_column-inner\"><div class=\"wpb_wrapper\">\n\t<div  class=\"wpb_single_image wpb_content_element vc_align_center  vc_custom_1713618113285  gg-display-inline\">\n\t\t\n\t\t<figure class=\"wpb_wrapper vc_figure\">\n\t\t\t<div class=\"vc_single_image-wrapper   vc_box_border_grey\"><img loading=\"lazy\" decoding=\"async\" width=\"940\" height=\"788\" src=\"https:\/\/closcoquet.fr\/wp-content\/uploads\/2024\/04\/rose-clos-coquet-fond-bois-2-Photoroom.jpg\" class=\"vc_single_image-img attachment-full\" alt=\"ros\u00e9 du clos coquet\" title=\"ros\u00e9 du clos coquet\" srcset=\"https:\/\/closcoquet.fr\/wp-content\/uploads\/2024\/04\/rose-clos-coquet-fond-bois-2-Photoroom.jpg 940w, https:\/\/closcoquet.fr\/wp-content\/uploads\/2024\/04\/rose-clos-coquet-fond-bois-2-Photoroom-300x251.jpg 300w, https:\/\/closcoquet.fr\/wp-content\/uploads\/2024\/04\/rose-clos-coquet-fond-bois-2-Photoroom-768x644.jpg 768w\" sizes=\"auto, (max-width: 940px) 100vw, 940px\" \/><\/div>\n\t\t<\/figure>\n\t<\/div>\n<\/div><\/div><\/div><div class=\"wpb_column vc_column_container vc_col-sm-5 vc_col-lg-4 vc_col-md-4 vc_col-has-fill\"><div class=\"vc_column-inner vc_custom_1713626404779\"><div class=\"wpb_wrapper\">\n\t<div class=\"title-subtitle-box\" style=\" text-align: left;\">\n\t\t<p  style=\"\">Weinsortiment<\/p>\n\t\t<h2 style=\" font-style: normal;\">Der Ros\u00e9<\/h2>\n\t<\/div> \n\t<div class=\"gg_list list_style_line\">\n<ul>\n<li>Ros\u00e9 Baptiste Zunino<\/li>\n<\/ul>\n<\/div><div class=\"vc_btn3-container vc_btn3-inline vc_custom_1713625980095\" ><a style=\"background-color:#baa78f; color:#ffffff;\" class=\"vc_general vc_btn3 vc_btn3-size-md vc_btn3-shape-square vc_btn3-style-custom\" href=\"https:\/\/closcoquet.fr\/de\/produkt\/rose-baptiste-zunino\/\" title=\"E-Shop\">Entdecken Sie unseren Ros\u00e9<\/a><\/div><\/div><\/div><\/div><\/div><div class=\"vc_row wpb_row vc_inner vc_row-fluid vc_custom_1458553570458\"><div class=\"wpb_column vc_column_container vc_col-sm-5 vc_col-lg-4 vc_col-md-4 vc_col-has-fill\"><div class=\"vc_column-inner vc_custom_1713626459364\"><div class=\"wpb_wrapper\">\n\t<div class=\"title-subtitle-box\" style=\" text-align: left;\">\n\t\t<p  style=\"\">Weinsortiment<\/p>\n\t\t<h2 style=\" font-style: normal;\">Die Wei\u00dfen<\/h2>\n\t<\/div> \n\t<div class=\"gg_list list_style_line\">\n<ul>\n<li>Clos Coquet blanc<\/li>\n<li>Chardonnay<\/li>\n<\/ul>\n<\/div><div class=\"vc_btn3-container vc_btn3-inline vc_custom_1713624745416\" ><a style=\"background-color:#ad8366; color:#ffffff;\" class=\"vc_general vc_btn3 vc_btn3-size-md vc_btn3-shape-square vc_btn3-style-custom\" href=\"https:\/\/closcoquet.fr\/de\/produkt\/clos-coquet-blanc\/\" title=\"E-Shop\">Entdecken Sie unseren Clos Coquet blanc<\/a><\/div>\n<div class=\"vc-zigzag-wrapper vc-zigzag-align-center\"><div class=\"vc-zigzag-inner\" style=\"width: 100%;min-height: 14px;background: 0 repeat-x url(&#039;data:image\/svg+xml;utf-8,%3C%3Fxml%20version%3D%221.0%22%20encoding%3D%22utf-8%22%3F%3E%3C%21DOCTYPE%20svg%20PUBLIC%20%22-%2F%2FW3C%2F%2FDTD%20SVG%201.1%2F%2FEN%22%20%22http%3A%2F%2Fwww.w3.org%2FGraphics%2FSVG%2F1.1%2FDTD%2Fsvg11.dtd%22%3E%3Csvg%20width%3D%2214px%22%20height%3D%2212px%22%20viewBox%3D%220%200%2018%2015%22%20version%3D%221.1%22%20xmlns%3D%22http%3A%2F%2Fwww.w3.org%2F2000%2Fsvg%22%20xmlns%3Axlink%3D%22http%3A%2F%2Fwww.w3.org%2F1999%2Fxlink%22%3E%3Cpolygon%20id%3D%22Combined-Shape%22%20fill%3D%22%23ebebeb%22%20points%3D%228.98762301%200%200%209.12771969%200%2014.519983%209%205.40479869%2018%2014.519983%2018%209.12771969%22%3E%3C%2Fpolygon%3E%3C%2Fsvg%3E&#039;);\"><\/div><\/div><div class=\"vc_btn3-container vc_btn3-inline vc_custom_1713624782409\" ><a style=\"background-color:#ad8366; color:#ffffff;\" class=\"vc_general vc_btn3 vc_btn3-size-md vc_btn3-shape-square vc_btn3-style-custom\" href=\"https:\/\/closcoquet.fr\/de\/produkt\/clos-coquet-chardonnay\/\" title=\"E-Shop\">Entdecken Sie unseren Chardonnay<\/a><\/div><\/div><\/div><\/div><div class=\"wpb_column vc_column_container vc_col-sm-7 vc_col-lg-8 vc_col-md-8\"><div class=\"vc_column-inner\"><div class=\"wpb_wrapper\">\n\t<div  class=\"wpb_single_image wpb_content_element vc_align_center  vc_custom_1713617521754  gg-display-inline\">\n\t\t\n\t\t<figure class=\"wpb_wrapper vc_figure\">\n\t\t\t<div class=\"vc_single_image-wrapper   vc_box_border_grey\"><img loading=\"lazy\" decoding=\"async\" width=\"940\" height=\"788\" src=\"https:\/\/closcoquet.fr\/wp-content\/uploads\/2024\/04\/rose-clos-coquet-fond-bois-2-Photoroom.jpg\" class=\"vc_single_image-img attachment-full\" alt=\"vins blancs du clos coquet\" title=\"Wei\u00dfe Weine von Clos Coquet\" srcset=\"https:\/\/closcoquet.fr\/wp-content\/uploads\/2024\/04\/rose-clos-coquet-fond-bois-2-Photoroom.jpg 940w, https:\/\/closcoquet.fr\/wp-content\/uploads\/2024\/04\/rose-clos-coquet-fond-bois-2-Photoroom-300x251.jpg 300w, https:\/\/closcoquet.fr\/wp-content\/uploads\/2024\/04\/rose-clos-coquet-fond-bois-2-Photoroom-768x644.jpg 768w\" sizes=\"auto, (max-width: 940px) 100vw, 940px\" \/><\/div>\n\t\t<\/figure>\n\t<\/div>\n<\/div><\/div><\/div><\/div><div class=\"vc_row wpb_row vc_inner vc_row-fluid\"><div class=\"wpb_column vc_column_container vc_col-sm-7 vc_col-lg-8 vc_col-md-8\"><div class=\"vc_column-inner\"><div class=\"wpb_wrapper\">\n\t<div  class=\"wpb_single_image wpb_content_element vc_align_center  vc_custom_1713616968717  gg-display-inline\">\n\t\t\n\t\t<figure class=\"wpb_wrapper vc_figure\">\n\t\t\t<div class=\"vc_single_image-wrapper   vc_box_border_grey\"><img loading=\"lazy\" decoding=\"async\" width=\"940\" height=\"788\" src=\"https:\/\/closcoquet.fr\/wp-content\/uploads\/2024\/04\/rouges-clos-coquet-fond-bois-Photoroom.jpg\" class=\"vc_single_image-img attachment-full\" alt=\"les rouges du clos Coquet\" title=\"Die Roten von Clos Coquet\" srcset=\"https:\/\/closcoquet.fr\/wp-content\/uploads\/2024\/04\/rouges-clos-coquet-fond-bois-Photoroom.jpg 940w, https:\/\/closcoquet.fr\/wp-content\/uploads\/2024\/04\/rouges-clos-coquet-fond-bois-Photoroom-300x251.jpg 300w, https:\/\/closcoquet.fr\/wp-content\/uploads\/2024\/04\/rouges-clos-coquet-fond-bois-Photoroom-768x644.jpg 768w\" sizes=\"auto, (max-width: 940px) 100vw, 940px\" \/><\/div>\n\t\t<\/figure>\n\t<\/div>\n<\/div><\/div><\/div><div class=\"wpb_column vc_column_container vc_col-sm-5 vc_col-lg-4 vc_col-md-4 vc_col-has-fill\"><div class=\"vc_column-inner vc_custom_1713626357448\"><div class=\"wpb_wrapper\">\n\t<div class=\"title-subtitle-box\" style=\" text-align: left;\">\n\t\t<p  style=\"\">Weinsortiment<\/p>\n\t\t<h2 style=\" font-style: normal;\">Die Roten<\/h2>\n\t<\/div> \n\t<div class=\"gg_list list_style_line\">\n<ul>\n<li>Clos Coquet rouge<\/li>\n<li>Syrah Cheval<\/li>\n<\/ul>\n<\/div><div class=\"vc_btn3-container vc_btn3-inline vc_custom_1713626030753\" ><a style=\"background-color:#ad8366; color:#ffffff;\" class=\"vc_general vc_btn3 vc_btn3-size-md vc_btn3-shape-square vc_btn3-style-custom\" href=\"https:\/\/closcoquet.fr\/de\/produkt\/clos-coquet-rouge\/\" title=\"E-Shop\">Entdecken Sie unseren Clos Coquet Rouge<\/a><\/div>\n<div class=\"vc-zigzag-wrapper vc-zigzag-align-center\"><div class=\"vc-zigzag-inner\" style=\"width: 100%;min-height: 14px;background: 0 repeat-x url(&#039;data:image\/svg+xml;utf-8,%3C%3Fxml%20version%3D%221.0%22%20encoding%3D%22utf-8%22%3F%3E%3C%21DOCTYPE%20svg%20PUBLIC%20%22-%2F%2FW3C%2F%2FDTD%20SVG%201.1%2F%2FEN%22%20%22http%3A%2F%2Fwww.w3.org%2FGraphics%2FSVG%2F1.1%2FDTD%2Fsvg11.dtd%22%3E%3Csvg%20width%3D%2214px%22%20height%3D%2212px%22%20viewBox%3D%220%200%2018%2015%22%20version%3D%221.1%22%20xmlns%3D%22http%3A%2F%2Fwww.w3.org%2F2000%2Fsvg%22%20xmlns%3Axlink%3D%22http%3A%2F%2Fwww.w3.org%2F1999%2Fxlink%22%3E%3Cpolygon%20id%3D%22Combined-Shape%22%20fill%3D%22%23ebebeb%22%20points%3D%228.98762301%200%200%209.12771969%200%2014.519983%209%205.40479869%2018%2014.519983%2018%209.12771969%22%3E%3C%2Fpolygon%3E%3C%2Fsvg%3E&#039;);\"><\/div><\/div><div class=\"vc_btn3-container vc_btn3-inline vc_custom_1713626074223\" ><a style=\"background-color:#ad8366; color:#ffffff;\" class=\"vc_general vc_btn3 vc_btn3-size-md vc_btn3-shape-square vc_btn3-style-custom\" href=\"https:\/\/closcoquet.fr\/de\/produkt\/syrah-cheval\/\" title=\"E-Shop\">Entdecken Sie unseren Syah Cheval<\/a><\/div><\/div><\/div><\/div><\/div><div class=\"vc_row wpb_row vc_inner vc_row-fluid vc_custom_1713622426051 vc_row-has-fill\"><div class=\"wpb_column vc_column_container vc_col-sm-4\"><div class=\"vc_column-inner\"><div class=\"wpb_wrapper\">\n\t<div class=\"counter-holder media\" style=\"text-align:center;   \">\n\t\t\t<div class=\"counter-content media-body\">\n\t\t\t\t<span style=\" font-size:60px; color:#ad8366;\" class=\"counter\" data-number=\"8\" data-interval=\"100\" data-speed=\"1500\">8<\/span>\n\t\t\t\t<p style=\"color:#593f01\">hectares de vignes<\/p>\n\t\t\t<\/div>\n\t<\/div> <\/div><\/div><\/div><div class=\"wpb_column vc_column_container vc_col-sm-4\"><div class=\"vc_column-inner\"><div class=\"wpb_wrapper\">\n\t<div class=\"counter-holder media\" style=\"text-align:center;   \">\n\t\t\t<div class=\"counter-content media-body\">\n\t\t\t\t<span style=\" font-size:60px; color:#ad8366;\" class=\"counter\" data-number=\"5\" data-interval=\"100\" data-speed=\"1500\">5<\/span>\n\t\t\t\t<p style=\"color:#593f01\">Wei\u00dfwein-, Rotwein- und Ros\u00e9-Cuv\u00e9es<\/p>\n\t\t\t<\/div>\n\t<\/div> <\/div><\/div><\/div><div class=\"wpb_column vc_column_container vc_col-sm-4\"><div class=\"vc_column-inner\"><div class=\"wpb_wrapper\">\n\t<div class=\"counter-holder media\" style=\"text-align:center;   \">\n\t\t\t<div class=\"counter-content media-body\">\n\t\t\t\t<span style=\" font-size:60px; color:#ad8366;\" class=\"counter\" data-number=\"2\" data-interval=\"100\" data-speed=\"1500\">2<\/span>\n\t\t\t\t<p style=\"color:#593f01\">Appellationen: C\u00f4tes de Provence und Vin de France<\/p>\n\t\t\t<\/div>\n\t<\/div> <\/div><\/div><\/div><\/div><div class=\"vc_row wpb_row vc_inner vc_row-fluid vc_custom_1713622449964 vc_row-has-fill\"><div class=\"wpb_column vc_column_container vc_col-sm-4\"><div class=\"vc_column-inner\"><div class=\"wpb_wrapper\">\n\t<div class=\"counter-holder media\" style=\"text-align:center;   \">\n\t\t\t<div class=\"counter-content media-body\">\n\t\t\t\t<span style=\" font-size:60px; color:#ad8366;\" class=\"counter\" data-number=\"3\" data-interval=\"100\" data-speed=\"1500\">3<\/span>\n\t\t\t\t<p style=\"color:#593f01\">Pferde f\u00fcr die Bodenbearbeitung der Weinberge<\/p>\n\t\t\t<\/div>\n\t<\/div> <\/div><\/div><\/div><div class=\"wpb_column vc_column_container vc_col-sm-4\"><div class=\"vc_column-inner\"><div class=\"wpb_wrapper\">\n\t<div class=\"counter-holder media\" style=\"text-align:center;   \">\n\t\t\t<div class=\"counter-content media-body\">\n\t\t\t\t<span style=\" font-size:60px; color:#ad8366;\" class=\"counter\" data-number=\"2018\" data-interval=\"100\" data-speed=\"1500\">2018<\/span>\n\t\t\t\t<p style=\"color:#593f01\">Gr\u00fcndung des Weinguts<\/p>\n\t\t\t<\/div>\n\t<\/div> <\/div><\/div><\/div><div class=\"wpb_column vc_column_container vc_col-sm-4\"><div class=\"vc_column-inner\"><div class=\"wpb_wrapper\">\n\t<div class=\"counter-holder media\" style=\"text-align:center;   \">\n\t\t\t<div class=\"counter-content media-body\">\n\t\t\t\t<span style=\" font-size:60px; color:#ad8366;\" class=\"counter\" data-number=\"2023\" data-interval=\"100\" data-speed=\"1500\">2023<\/span>\n\t\t\t\t<p style=\"color:#593f01\">Zertifizierung f\u00fcr biologischen Landbau<\/p>\n\t\t\t<\/div>\n\t<\/div> <\/div><\/div><\/div><\/div><\/div><\/div><\/div><\/div><div class=\"vc_row-full-width vc_clearfix\"><\/div><div class=\"vc_row wpb_row vc_row-fluid vc_custom_1713621893265 vc_row-has-fill\"><div class=\"wpb_column vc_column_container vc_col-sm-12\"><div class=\"vc_column-inner\"><div class=\"wpb_wrapper\">\n\t<blockquote  class=\"gg-vc-quote style_1\">\n\t\u201cLa passion n\u2019exprime pas la fatigue\u201d\n\t<cite >Baptiste Zunino<\/cite>\n\t<\/blockquote><\/div><\/div><\/div><\/div><div class=\"vc_row wpb_row vc_row-fluid\"><div class=\"wpb_column vc_column_container vc_col-sm-12\"><div class=\"vc_column-inner\"><div class=\"wpb_wrapper\">\n\t<div class=\"title-subtitle-box\" style=\" text-align: center;\">\n\t\t<p  style=\"\">Seit 2018<\/p>\n\t\t<h1 style=\" font-style: normal;\">Mutige Weine<\/h1>\n\t<\/div> <div class=\"vc_row wpb_row vc_inner vc_row-fluid\"><div class=\"wpb_column vc_column_container vc_col-sm-2\"><div class=\"vc_column-inner\"><div class=\"wpb_wrapper\"><\/div><\/div><\/div><div class=\"wpb_column vc_column_container vc_col-sm-4\"><div class=\"vc_column-inner\"><div class=\"wpb_wrapper\">\n\t<div class=\"wpb_text_column wpb_content_element\" >\n\t\t<div class=\"wpb_wrapper\">\n\t\t\t<p><span class=\"OYPEnA text-decoration-none text-strikethrough-none\">Baptiste verk\u00f6rpert die neue Generation von Winzern, die Respekt vor der Natur und Innovation verbindet. Er erlangt 2023 die Zertifizierung in <\/span><span class=\"OYPEnA text-decoration-none text-strikethrough-none\">biologischem Landbau<\/span><span class=\"OYPEnA text-decoration-none text-strikethrough-none\">, aber sein Ansatz geht weit dar\u00fcber hinaus. Baptiste folgt den <strong>Mondphasen<\/strong> und wendet eine <strong>\u00e4u\u00dferst wenig interventionistische Methode<\/strong> in seiner Weinbereitung an. Seine Philosophie? So wenig wie m\u00f6glich eingreifen, um jeder Cuv\u00e9e die vollst\u00e4ndige Entfaltung des einzigartigen Charakters seines Terroirs und der Rebsorten zu erm\u00f6glichen. Mit seinem Fokus auf kleinen Mengen konzentriert sich Baptiste auf <\/span><strong><span class=\"OYPEnA text-decoration-none text-strikethrough-none\">Mikrocuv\u00e9es<\/span><\/strong><span class=\"OYPEnA text-decoration-none text-strikethrough-none\">die die wahre Essenz seines kreativen Talents zum Ausdruck bringen.\u00a0<\/span><\/p>\n\n\t\t<\/div>\n\t<\/div>\n<\/div><\/div><\/div><div class=\"wpb_column vc_column_container vc_col-sm-4\"><div class=\"vc_column-inner\"><div class=\"wpb_wrapper\">\n\t<div class=\"wpb_text_column wpb_content_element\" >\n\t\t<div class=\"wpb_wrapper\">\n\t\t\t<p><span class=\"OYPEnA text-decoration-none text-strikethrough-none\">Jeder Wein, originell und kreativ, spiegelt seine Inspiration und pers\u00f6nliche Empfindung wider. Abseits ausgetretener Pfade z\u00f6gert er nicht, <strong>Vin de France<\/strong> Cuv\u00e9es gegen\u00fcber AOP Cuv\u00e9es zu bevorzugen. Diese Freiheit erm\u00f6glicht es ihm, neue Assemblagen und avantgardistische Techniken zu erkunden, was zu <strong>des <\/strong><\/span><strong><span class=\"OYPEnA text-decoration-none text-strikethrough-none\">k\u00fchnen Weinen<\/span><\/strong><span class=\"OYPEnA text-decoration-none text-strikethrough-none\"><strong>.<\/strong> Diese oft experimentellen Weine ziehen diejenigen an, die auf der Suche nach neuen Geschmackserlebnissen sind, und festigen so den Ruf des Weinguts Le Clos Coquet als Ort der Kreativit\u00e4t und Exzellenz in der Provence.<\/span><\/p>\n\n\t\t<\/div>\n\t<\/div>\n<\/div><\/div><\/div><div class=\"wpb_column vc_column_container vc_col-sm-2\"><div class=\"vc_column-inner\"><div class=\"wpb_wrapper\"><\/div><\/div><\/div><\/div><div class=\"vc_row wpb_row vc_inner vc_row-fluid\"><div class=\"wpb_column vc_column_container vc_col-sm-2\"><div class=\"vc_column-inner\"><div class=\"wpb_wrapper\"><\/div><\/div><\/div><div class=\"wpb_column vc_column_container vc_col-sm-4\"><div class=\"vc_column-inner\"><div class=\"wpb_wrapper\">\n\t<div class=\"featured-image-box  text-align-left\">\n\t\t<figure class=\"default\">\n\t\t\t <img decoding=\"async\" class=\"wp-post-image default\" src=\"https:\/\/closcoquet.fr\/wp-content\/uploads\/2024\/04\/vignification-rouge.jpg\" alt=\"petit pressoir \u00e0 l&#039;ancienne\" \/> \n\t\t<figcaption>\n\t\t\t<span class=\"toptitle\"><\/span>\n\t\t\t<h4>Unser alter Presskorb<\/h4>\n\t\t\t<p>Baptiste widmet viele Stunden und arbeitet bis sp\u00e4t in die Nacht, um seine Rotweine zu pressen. Dazu verwendet er eine kleine traditionelle Holzpresse mit einem Fassungsverm\u00f6gen von 50 Litern.<\/p>\n\t\t<\/figcaption>\n\t\t<\/figure>\n\t<\/div> \n\t<div class=\"featured-image-box  text-align-left\">\n\t\t<figure class=\"default\">\n\t\t\t <img decoding=\"async\" class=\"wp-post-image default\" src=\"https:\/\/closcoquet.fr\/wp-content\/uploads\/2024\/04\/cave-clos-coquet-scaled.jpg\" alt=\"chai de vinification du clos coquet\" \/> \n\t\t<figcaption>\n\t\t\t<span class=\"toptitle\"><\/span>\n\t\t\t<h4>Unser Weinkeller<\/h4>\n\t\t\t<p>Wir haben einen Weinkeller komplett aus Holz gebaut, der so konzipiert ist, dass er harmonisch in die umliegenden W\u00e4lder passt und so die nat\u00fcrliche \u00c4sthetik des Gel\u00e4ndes bewahrt.<\/p>\n\t\t<\/figcaption>\n\t\t<\/figure>\n\t<\/div> <\/div><\/div><\/div><div class=\"wpb_column vc_column_container vc_col-sm-4\"><div class=\"vc_column-inner\"><div class=\"wpb_wrapper\">\n\t<div class=\"featured-image-box  text-align-left\">\n\t\t<figure class=\"default\">\n\t\t\t <img decoding=\"async\" class=\"wp-post-image default\" src=\"https:\/\/closcoquet.fr\/wp-content\/uploads\/2024\/04\/amphores-clos-coquet-1-scaled.jpg\" alt=\"amphores de 600 litres en gr\u00e8s\" \/> \n\t\t<figcaption>\n\t\t\t<span class=\"toptitle\"><\/span>\n\t\t\t<h4>Unsere Amphoren<\/h4>\n\t\t\t<p>Baptiste verfeinert seine ausgew\u00e4hlten Cuv\u00e9es aus Parzellen in 600-Liter-Gresamphoren, was seinen Weinen eine bemerkenswerte Feinheit verleiht.<\/p>\n\t\t<\/figcaption>\n\t\t<\/figure>\n\t<\/div> \n\t<div class=\"featured-image-box  text-align-left\">\n\t\t<figure class=\"default\">\n\t\t\t <img decoding=\"async\" class=\"wp-post-image default\" src=\"https:\/\/closcoquet.fr\/wp-content\/uploads\/2024\/04\/parclle-du-clos-scaled.jpg\" alt=\"parcelle du clos\" \/> \n\t\t<figcaption>\n\t\t\t<span class=\"toptitle\"><\/span>\n\t\t\t<h4>Die Name ``Clos Coquet``<\/h4>\n\t\t\t<p>Der Name unseres Weinguts, 'Clos Coquet', leitet sich von Coquet ab, einem Pferd unseres Gro\u00dfvaters Louis, und bezieht sich auch auf die geschlossene Konfiguration unseres Anwesens.<\/p>\n\t\t<\/figcaption>\n\t\t<\/figure>\n\t<\/div> <\/div><\/div><\/div><div class=\"wpb_column vc_column_container vc_col-sm-2\"><div class=\"vc_column-inner\"><div class=\"wpb_wrapper\"><\/div><\/div><\/div><\/div><\/div><\/div><\/div><\/div><div class=\"vc_row wpb_row vc_row-fluid\"><div class=\"wpb_column vc_column_container vc_col-sm-12\"><div class=\"vc_column-inner\"><div class=\"wpb_wrapper\">\n\t<div  class=\"wpb_single_image wpb_content_element vc_align_left\">\n\t\t\n\t\t<figure class=\"wpb_wrapper vc_figure\">\n\t\t\t<div class=\"vc_single_image-wrapper   vc_box_border_grey\"><img loading=\"lazy\" decoding=\"async\" width=\"1200\" height=\"800\" src=\"https:\/\/closcoquet.fr\/wp-content\/uploads\/2024\/04\/bouteille-oroshi-fond-blanc-Photoroom.jpg\" class=\"vc_single_image-img attachment-full\" alt=\"boutille oroshi\" title=\"Oroshi Flasche\" srcset=\"https:\/\/closcoquet.fr\/wp-content\/uploads\/2024\/04\/bouteille-oroshi-fond-blanc-Photoroom.jpg 1200w, https:\/\/closcoquet.fr\/wp-content\/uploads\/2024\/04\/bouteille-oroshi-fond-blanc-Photoroom-300x200.jpg 300w, https:\/\/closcoquet.fr\/wp-content\/uploads\/2024\/04\/bouteille-oroshi-fond-blanc-Photoroom-1024x683.jpg 1024w, https:\/\/closcoquet.fr\/wp-content\/uploads\/2024\/04\/bouteille-oroshi-fond-blanc-Photoroom-768x512.jpg 768w, https:\/\/closcoquet.fr\/wp-content\/uploads\/2024\/04\/bouteille-oroshi-fond-blanc-Photoroom-18x12.jpg 18w\" sizes=\"auto, (max-width: 1200px) 100vw, 1200px\" \/><\/div>\n\t\t<\/figure>\n\t<\/div>\n<\/div><\/div><\/div><\/div><div class=\"vc_row wpb_row vc_row-fluid\"><div class=\"wpb_column vc_column_container vc_col-sm-12\"><div class=\"vc_column-inner\"><div class=\"wpb_wrapper\">\n\t<div class=\"wpb_text_column wpb_content_element\" >\n\t\t<div class=\"wpb_wrapper\">\n\t\t\t<h2>Die Flasche \"Oroshi\"<\/h2>\n<p>F\u00fcr unsere Wei\u00df- und Rotweine haben wir uns f\u00fcr die \"Oroshi\"-Flasche entschieden, f\u00fcr die wir exklusiv sind. Ihre Wahl erkl\u00e4rt sich durch ihre charakteristischen Markierungen und Unregelm\u00e4\u00dfigkeiten im Glas, was es uns erm\u00f6glicht, uns auf einem Markt zu unterscheiden, der st\u00e4ndig Perfektion und M\u00e4ngelfreiheit bei Glasflaschen bevorzugt.<\/p>\n\n\t\t<\/div>\n\t<\/div>\n<\/div><\/div><\/div><\/div><div class=\"vc_row wpb_row vc_row-fluid\"><div class=\"wpb_column vc_column_container vc_col-sm-12\"><div class=\"vc_column-inner\"><div class=\"wpb_wrapper\">\n\t<div  class=\"wpb_single_image wpb_content_element vc_align_left\">\n\t\t\n\t\t<figure class=\"wpb_wrapper vc_figure\">\n\t\t\t<div class=\"vc_single_image-wrapper   vc_box_border_grey\"><img loading=\"lazy\" decoding=\"async\" width=\"1200\" height=\"800\" src=\"https:\/\/closcoquet.fr\/wp-content\/uploads\/2024\/04\/bouteille-oroshi-2.png\" class=\"vc_single_image-img attachment-full\" alt=\"d\u00e9tail bouteille oroshi\" title=\"d\u00e9tail bouteille oroshi\" srcset=\"https:\/\/closcoquet.fr\/wp-content\/uploads\/2024\/04\/bouteille-oroshi-2.png 1200w, https:\/\/closcoquet.fr\/wp-content\/uploads\/2024\/04\/bouteille-oroshi-2-300x200.png 300w, https:\/\/closcoquet.fr\/wp-content\/uploads\/2024\/04\/bouteille-oroshi-2-1024x683.png 1024w, https:\/\/closcoquet.fr\/wp-content\/uploads\/2024\/04\/bouteille-oroshi-2-768x512.png 768w, https:\/\/closcoquet.fr\/wp-content\/uploads\/2024\/04\/bouteille-oroshi-2-18x12.png 18w\" sizes=\"auto, (max-width: 1200px) 100vw, 1200px\" \/><\/div>\n\t\t<\/figure>\n\t<\/div>\n<\/div><\/div><\/div><\/div>\n<\/div>","protected":false},"excerpt":{"rendered":"Gamme Le ros\u00e9 Ros\u00e9 Baptiste Zunino D\u00e9couvrir notre ros\u00e9 Gamme Les blancs Clos Coquet blanc Chardonnay D\u00e9couvrir le Clos Coquet blanc D\u00e9couvrir le Chardonnay Gamme Les rouges Clos Coquet rouge Syrah Cheval D\u00e9couvrir le Clos Coquet rouge D\u00e9couvrir la Syrah Cheval 8 hectares de vignes 5 cuv\u00e9es en blanc, rouge, ros\u00e9s 2 appellations : C\u00f4tes<br class=\"read-more-spacer\"> <a class=\"more-link\" href=\"https:\/\/closcoquet.fr\/de\/nos-vins\/\">Read More<\/a>","protected":false},"author":1,"featured_media":2647,"parent":0,"menu_order":0,"comment_status":"closed","ping_status":"closed","template":"","meta":{"_acf_changed":false,"om_disable_all_campaigns":false,"_monsterinsights_skip_tracking":false,"_monsterinsights_sitenote_active":false,"_monsterinsights_sitenote_note":"","_monsterinsights_sitenote_category":0,"footnotes":""},"class_list":["post-406","page","type-page","status-publish","has-post-thumbnail","hentry"],"acf":[],"aioseo_notices":[],"_links":{"self":[{"href":"https:\/\/closcoquet.fr\/de\/wp-json\/wp\/v2\/pages\/406","targetHints":{"allow":["GET"]}}],"collection":[{"href":"https:\/\/closcoquet.fr\/de\/wp-json\/wp\/v2\/pages"}],"about":[{"href":"https:\/\/closcoquet.fr\/de\/wp-json\/wp\/v2\/types\/page"}],"author":[{"embeddable":true,"href":"https:\/\/closcoquet.fr\/de\/wp-json\/wp\/v2\/users\/1"}],"replies":[{"embeddable":true,"href":"https:\/\/closcoquet.fr\/de\/wp-json\/wp\/v2\/comments?post=406"}],"version-history":[{"count":30,"href":"https:\/\/closcoquet.fr\/de\/wp-json\/wp\/v2\/pages\/406\/revisions"}],"predecessor-version":[{"id":2848,"href":"https:\/\/closcoquet.fr\/de\/wp-json\/wp\/v2\/pages\/406\/revisions\/2848"}],"wp:featuredmedia":[{"embeddable":true,"href":"https:\/\/closcoquet.fr\/de\/wp-json\/wp\/v2\/media\/2647"}],"wp:attachment":[{"href":"https:\/\/closcoquet.fr\/de\/wp-json\/wp\/v2\/media?parent=406"}],"curies":[{"name":"wp","href":"https:\/\/api.w.org\/{rel}","templated":true}]}}