{"id":490,"date":"2016-03-21T12:18:13","date_gmt":"2016-03-21T12:18:13","guid":{"rendered":"http:\/\/okthemes.com\/villenoirdemonew\/?page_id=490"},"modified":"2024-05-02T12:35:01","modified_gmt":"2024-05-02T10:35:01","slug":"le-vignoble","status":"publish","type":"page","link":"https:\/\/closcoquet.fr\/de\/le-vignoble\/","title":{"rendered":"Der Weingut"},"content":{"rendered":"<div class=\"wpb-content-wrapper\"><div class=\"vc_row wpb_row vc_row-fluid\"><div class=\"wpb_column vc_column_container vc_col-sm-12\"><div class=\"vc_column-inner\"><div class=\"wpb_wrapper\">\n\t<div  class=\"wpb_single_image wpb_content_element vc_align_center\">\n\t\t\n\t\t<figure class=\"wpb_wrapper vc_figure\">\n\t\t\t<div class=\"vc_single_image-wrapper   vc_box_border_grey\"><img loading=\"lazy\" decoding=\"async\" width=\"856\" height=\"516\" src=\"https:\/\/closcoquet.fr\/wp-content\/uploads\/2024\/05\/carte-Provence.jpg\" class=\"vc_single_image-img attachment-full\" alt=\"\" title=\"Provence\" srcset=\"https:\/\/closcoquet.fr\/wp-content\/uploads\/2024\/05\/carte-Provence.jpg 856w, https:\/\/closcoquet.fr\/wp-content\/uploads\/2024\/05\/carte-Provence-300x181.jpg 300w, https:\/\/closcoquet.fr\/wp-content\/uploads\/2024\/05\/carte-Provence-768x463.jpg 768w, https:\/\/closcoquet.fr\/wp-content\/uploads\/2024\/05\/carte-Provence-18x12.jpg 18w\" sizes=\"auto, (max-width: 856px) 100vw, 856px\" \/><\/div>\n\t\t<\/figure>\n\t<\/div>\n\n\t<div class=\"wpb_text_column wpb_content_element\" >\n\t\t<div class=\"wpb_wrapper\">\n\t\t\t<p><span class=\"OYPEnA text-decoration-none text-strikethrough-none\">Die Parzellen liegen in zwei getrennten Bl\u00f6cken, die 10 km voneinander entfernt sind: Le Jas, wo sich der Verkaufskeller \u00f6stlich von Lorgues befindet, und La Seillane, wo sich die Pferde westlich von Lorgues befinden.<\/span><\/p>\n\n\t\t<\/div>\n\t<\/div>\n\n<div class=\"vc-zigzag-wrapper vc-zigzag-align-center\"><div class=\"vc-zigzag-inner\" style=\"width: 100%;min-height: 14px;background: 0 repeat-x url(&#039;data:image\/svg+xml;utf-8,%3C%3Fxml%20version%3D%221.0%22%20encoding%3D%22utf-8%22%3F%3E%3C%21DOCTYPE%20svg%20PUBLIC%20%22-%2F%2FW3C%2F%2FDTD%20SVG%201.1%2F%2FEN%22%20%22http%3A%2F%2Fwww.w3.org%2FGraphics%2FSVG%2F1.1%2FDTD%2Fsvg11.dtd%22%3E%3Csvg%20width%3D%2214px%22%20height%3D%2212px%22%20viewBox%3D%220%200%2018%2015%22%20version%3D%221.1%22%20xmlns%3D%22http%3A%2F%2Fwww.w3.org%2F2000%2Fsvg%22%20xmlns%3Axlink%3D%22http%3A%2F%2Fwww.w3.org%2F1999%2Fxlink%22%3E%3Cpolygon%20id%3D%22Combined-Shape%22%20fill%3D%22%23ebebeb%22%20points%3D%228.98762301%200%200%209.12771969%200%2014.519983%209%205.40479869%2018%2014.519983%2018%209.12771969%22%3E%3C%2Fpolygon%3E%3C%2Fsvg%3E&#039;);\"><\/div><\/div><\/div><\/div><\/div><\/div><div data-vc-full-width=\"true\" data-vc-full-width-init=\"false\" data-vc-stretch-content=\"true\" class=\"vc_row wpb_row vc_row-fluid vc_custom_1458562782643 vc_row-no-padding vc_row-o-equal-height vc_row-o-content-middle vc_row-flex\"><div class=\"wpb_column vc_column_container vc_col-sm-6 vc_col-lg-6 vc_col-md-6 vc_col-has-fill\"><div class=\"vc_column-inner  vc_custom_1713629161668\"><div class=\"wpb_wrapper\">\n\t<div  class=\"wpb_single_image wpb_content_element vc_align_left\">\n\t\t\n\t\t<figure class=\"wpb_wrapper vc_figure\">\n\t\t\t<div class=\"vc_single_image-wrapper   vc_box_border_grey\"><img loading=\"lazy\" decoding=\"async\" width=\"508\" height=\"364\" src=\"https:\/\/closcoquet.fr\/wp-content\/uploads\/2024\/04\/le-jas-colorie.jpg\" class=\"vc_single_image-img attachment-full\" alt=\"le jas clos coquet\" title=\"le jas clos coquet\" srcset=\"https:\/\/closcoquet.fr\/wp-content\/uploads\/2024\/04\/le-jas-colorie.jpg 508w, https:\/\/closcoquet.fr\/wp-content\/uploads\/2024\/04\/le-jas-colorie-300x215.jpg 300w\" sizes=\"auto, (max-width: 508px) 100vw, 508px\" \/><\/div>\n\t\t<\/figure>\n\t<\/div>\n\n\t<div  class=\"wpb_single_image wpb_content_element vc_align_left\">\n\t\t\n\t\t<figure class=\"wpb_wrapper vc_figure\">\n\t\t\t<div class=\"vc_single_image-wrapper   vc_box_border_grey\"><img loading=\"lazy\" decoding=\"async\" width=\"2560\" height=\"1706\" src=\"https:\/\/closcoquet.fr\/wp-content\/uploads\/2024\/04\/les-pierres-plates-scaled.jpg\" class=\"vc_single_image-img attachment-full\" alt=\"\" title=\"les pierres plates\" srcset=\"https:\/\/closcoquet.fr\/wp-content\/uploads\/2024\/04\/les-pierres-plates-scaled.jpg 2560w, https:\/\/closcoquet.fr\/wp-content\/uploads\/2024\/04\/les-pierres-plates-300x200.jpg 300w, https:\/\/closcoquet.fr\/wp-content\/uploads\/2024\/04\/les-pierres-plates-1024x683.jpg 1024w, https:\/\/closcoquet.fr\/wp-content\/uploads\/2024\/04\/les-pierres-plates-768x512.jpg 768w, https:\/\/closcoquet.fr\/wp-content\/uploads\/2024\/04\/les-pierres-plates-1536x1024.jpg 1536w, https:\/\/closcoquet.fr\/wp-content\/uploads\/2024\/04\/les-pierres-plates-2048x1365.jpg 2048w\" sizes=\"auto, (max-width: 2560px) 100vw, 2560px\" \/><\/div>\n\t\t<\/figure>\n\t<\/div>\n<\/div><\/div><\/div><div class=\"wpb_column vc_column_container vc_col-sm-6 vc_col-lg-6 vc_col-md-6 vc_col-has-fill\"><div class=\"vc_column-inner  vc_custom_1713628437967 vc_custom_1713628437969\"><div class=\"wpb_wrapper\">\n\t<div class=\"title-subtitle-box\" style=\" text-align: left;\">\n\t\t<p  style=\" color:#ffffff; \">Le Jas<\/p>\n\t\t<h2 style=\" color:#ffffff;  font-style: normal;\">\"Die Sch\u00e4ferei\"<\/h2>\n\t<\/div> \n\t<div class=\"wpb_text_column wpb_content_element  vc_custom_1713629020322 vc_custom_1713629020323\" >\n\t\t<div class=\"wpb_wrapper\">\n\t\t\t<p><span class=\"OYPEnA text-decoration-none text-strikethrough-none\">Der Terroir von Le Jas ist <\/span><span class=\"OYPEnA text-decoration-none text-strikethrough-none\">lehm-kalkhaltig<\/span><span class=\"OYPEnA text-decoration-none text-strikethrough-none\"> mit<\/span><span class=\"OYPEnA text-decoration-none text-strikethrough-none\"> Rote B\u00f6den<\/span><span class=\"OYPEnA text-decoration-none text-strikethrough-none\"> im s\u00fcdlichen Teil.\u00a0<\/span><span class=\"OYPEnA text-decoration-none text-strikethrough-none\">Die Weinreben werden in einer H\u00f6he von<\/span> <span class=\"OYPEnA text-decoration-none text-strikethrough-none\">200 bis 220 Meter \u00fcber dem Meeresspiegel<\/span><span class=\"OYPEnA text-decoration-none text-strikethrough-none\"> auf einem Orthogneis-Plateau, was einen gut durchl\u00e4ssigen und mineralischen Boden bietet, der die Produktion von Weinen von sehr hoher Qualit\u00e4t beg\u00fcnstigt.<\/span><\/p>\n\n\t\t<\/div>\n\t<\/div>\n\n<div class=\"vc-zigzag-wrapper vc-zigzag-align-center\"><div class=\"vc-zigzag-inner\" style=\"width: 100%;min-height: 14px;background: 0 repeat-x url(&#039;data:image\/svg+xml;utf-8,%3C%3Fxml%20version%3D%221.0%22%20encoding%3D%22utf-8%22%3F%3E%3C%21DOCTYPE%20svg%20PUBLIC%20%22-%2F%2FW3C%2F%2FDTD%20SVG%201.1%2F%2FEN%22%20%22http%3A%2F%2Fwww.w3.org%2FGraphics%2FSVG%2F1.1%2FDTD%2Fsvg11.dtd%22%3E%3Csvg%20width%3D%2214px%22%20height%3D%2212px%22%20viewBox%3D%220%200%2018%2015%22%20version%3D%221.1%22%20xmlns%3D%22http%3A%2F%2Fwww.w3.org%2F2000%2Fsvg%22%20xmlns%3Axlink%3D%22http%3A%2F%2Fwww.w3.org%2F1999%2Fxlink%22%3E%3Cpolygon%20id%3D%22Combined-Shape%22%20fill%3D%22%23ebebeb%22%20points%3D%228.98762301%200%200%209.12771969%200%2014.519983%209%205.40479869%2018%2014.519983%2018%209.12771969%22%3E%3C%2Fpolygon%3E%3C%2Fsvg%3E&#039;);\"><\/div><\/div>\n\t<div class=\"wpb_text_column wpb_content_element  vc_custom_1713629743992 vc_custom_1713629743993\" >\n\t\t<div class=\"wpb_wrapper\">\n\t\t\t<p><em>In der Provence bezeichnet \"jas\" eine Sch\u00e4ferei oder ein Geb\u00e4ude aus Stein, das fr\u00fcher von Hirten genutzt wurde, um ihre Herden zu sch\u00fctzen. Das Geb\u00e4ude, in dem sich unser Verkaufskeller befindet, beherbergte ein solches \"jas\". Der Begriff ist charakteristisch f\u00fcr das l\u00e4ndliche Vokabular unserer Region und ruft ein wichtiges Element des provenzalischen pastoralen Erbes hervor.<\/em><\/p>\n\n\t\t<\/div>\n\t<\/div>\n<\/div><\/div><\/div><\/div><div class=\"vc_row-full-width vc_clearfix\"><\/div><div class=\"vc_row wpb_row vc_row-fluid\"><div class=\"wpb_column vc_column_container vc_col-sm-12\"><div class=\"vc_column-inner\"><div class=\"wpb_wrapper\">\n<div class=\"vc-zigzag-wrapper vc-zigzag-align-center\"><div class=\"vc-zigzag-inner\" style=\"width: 100%;min-height: 14px;background: 0 repeat-x url(&#039;data:image\/svg+xml;utf-8,%3C%3Fxml%20version%3D%221.0%22%20encoding%3D%22utf-8%22%3F%3E%3C%21DOCTYPE%20svg%20PUBLIC%20%22-%2F%2FW3C%2F%2FDTD%20SVG%201.1%2F%2FEN%22%20%22http%3A%2F%2Fwww.w3.org%2FGraphics%2FSVG%2F1.1%2FDTD%2Fsvg11.dtd%22%3E%3Csvg%20width%3D%2214px%22%20height%3D%2212px%22%20viewBox%3D%220%200%2018%2015%22%20version%3D%221.1%22%20xmlns%3D%22http%3A%2F%2Fwww.w3.org%2F2000%2Fsvg%22%20xmlns%3Axlink%3D%22http%3A%2F%2Fwww.w3.org%2F1999%2Fxlink%22%3E%3Cpolygon%20id%3D%22Combined-Shape%22%20fill%3D%22%23ebebeb%22%20points%3D%228.98762301%200%200%209.12771969%200%2014.519983%209%205.40479869%2018%2014.519983%2018%209.12771969%22%3E%3C%2Fpolygon%3E%3C%2Fsvg%3E&#039;);\"><\/div><\/div><\/div><\/div><\/div><\/div><div data-vc-full-width=\"true\" data-vc-full-width-init=\"false\" data-vc-stretch-content=\"true\" class=\"vc_row wpb_row vc_row-fluid vc_custom_1617308337246 reverse_columns_mobile vc_row-no-padding vc_row-o-equal-height vc_row-o-content-middle vc_row-flex\"><div class=\"wpb_column vc_column_container vc_col-sm-6 vc_col-lg-6 vc_col-md-6 vc_col-has-fill\"><div class=\"vc_column-inner  vc_custom_1681215278117 vc_custom_1681215278118\"><div class=\"wpb_wrapper\">\n\t<div class=\"title-subtitle-box\" style=\" text-align: left;\">\n\t\t<p  style=\"\">La Seillane<\/p>\n\t\t<h2 style=\" font-style: normal;\">Unsere Parzellenauswahlen<\/h2>\n\t<\/div> \n\t<div class=\"wpb_text_column wpb_content_element  vc_custom_1713628989334 vc_custom_1713628989334\" >\n\t\t<div class=\"wpb_wrapper\">\n\t\t\t<p>Hier f\u00fchren wir alle unsere Parzellenauswahlen durch. Baptiste hat alle Reben in Massenselektionen gepflanzt.<span class=\"OYPEnA text-decoration-none text-strikethrough-none\">Die B\u00f6den sind durchl\u00e4ssiger als am Jas, mit einem alten ausgetrockneten Flussbett, bestehend aus <\/span><span class=\"OYPEnA text-decoration-none text-strikethrough-none\">Sand<\/span><span class=\"OYPEnA text-decoration-none text-strikethrough-none\"> und einem Untergrund aus <\/span><span class=\"OYPEnA text-decoration-none text-strikethrough-none\">Kreide<\/span><span class=\"OYPEnA text-decoration-none text-strikethrough-none\"> die die Frische gut bewahrt.\u00a0<\/span><\/p>\n\n\t\t<\/div>\n\t<\/div>\n\n<div class=\"vc-zigzag-wrapper vc-zigzag-align-center\"><div class=\"vc-zigzag-inner\" style=\"width: 100%;min-height: 14px;background: 0 repeat-x url(&#039;data:image\/svg+xml;utf-8,%3C%3Fxml%20version%3D%221.0%22%20encoding%3D%22utf-8%22%3F%3E%3C%21DOCTYPE%20svg%20PUBLIC%20%22-%2F%2FW3C%2F%2FDTD%20SVG%201.1%2F%2FEN%22%20%22http%3A%2F%2Fwww.w3.org%2FGraphics%2FSVG%2F1.1%2FDTD%2Fsvg11.dtd%22%3E%3Csvg%20width%3D%2214px%22%20height%3D%2212px%22%20viewBox%3D%220%200%2018%2015%22%20version%3D%221.1%22%20xmlns%3D%22http%3A%2F%2Fwww.w3.org%2F2000%2Fsvg%22%20xmlns%3Axlink%3D%22http%3A%2F%2Fwww.w3.org%2F1999%2Fxlink%22%3E%3Cpolygon%20id%3D%22Combined-Shape%22%20fill%3D%22%23ebebeb%22%20points%3D%228.98762301%200%200%209.12771969%200%2014.519983%209%205.40479869%2018%2014.519983%2018%209.12771969%22%3E%3C%2Fpolygon%3E%3C%2Fsvg%3E&#039;);\"><\/div><\/div>\n\t<div class=\"wpb_text_column wpb_content_element  vc_custom_1713629733053 vc_custom_1713629733054\" >\n\t\t<div class=\"wpb_wrapper\">\n\t\t\t<p><em>Der Ort \"La Seillane\" in der provenzalischen Sprache bezieht sich auf ein Anwesen, ein Haus oder einen Ort. Dies ist der Ort, an dem unser Haus steht.<\/em><\/p>\n\n\t\t<\/div>\n\t<\/div>\n<\/div><\/div><\/div><div class=\"wpb_column vc_column_container vc_col-sm-6 vc_col-lg-6 vc_col-md-6 vc_col-has-fill\"><div class=\"vc_column-inner  vc_custom_1713629187055\"><div class=\"wpb_wrapper\">\n\t<div  class=\"wpb_single_image wpb_content_element vc_align_left\">\n\t\t\n\t\t<figure class=\"wpb_wrapper vc_figure\">\n\t\t\t<div class=\"vc_single_image-wrapper   vc_box_border_grey\"><img loading=\"lazy\" decoding=\"async\" width=\"506\" height=\"362\" src=\"https:\/\/closcoquet.fr\/wp-content\/uploads\/2024\/04\/la-seillane-colorie.jpg\" class=\"vc_single_image-img attachment-full\" alt=\"la seillane clos coquet\" title=\"la seillane clos coquet\" srcset=\"https:\/\/closcoquet.fr\/wp-content\/uploads\/2024\/04\/la-seillane-colorie.jpg 506w, https:\/\/closcoquet.fr\/wp-content\/uploads\/2024\/04\/la-seillane-colorie-300x215.jpg 300w\" sizes=\"auto, (max-width: 506px) 100vw, 506px\" \/><\/div>\n\t\t<\/figure>\n\t<\/div>\n\n\t<div  class=\"wpb_single_image wpb_content_element vc_align_left\">\n\t\t\n\t\t<figure class=\"wpb_wrapper vc_figure\">\n\t\t\t<div class=\"vc_single_image-wrapper   vc_box_border_grey\"><img loading=\"lazy\" decoding=\"async\" width=\"2560\" height=\"1706\" src=\"https:\/\/closcoquet.fr\/wp-content\/uploads\/2024\/04\/sabs-coquet-scaled.jpg\" class=\"vc_single_image-img attachment-full\" alt=\"terroir sableux de la seillane\" title=\"Sandiges Terroir von La Seillane\" srcset=\"https:\/\/closcoquet.fr\/wp-content\/uploads\/2024\/04\/sabs-coquet-scaled.jpg 2560w, https:\/\/closcoquet.fr\/wp-content\/uploads\/2024\/04\/sabs-coquet-300x200.jpg 300w, https:\/\/closcoquet.fr\/wp-content\/uploads\/2024\/04\/sabs-coquet-1024x683.jpg 1024w, https:\/\/closcoquet.fr\/wp-content\/uploads\/2024\/04\/sabs-coquet-768x512.jpg 768w, https:\/\/closcoquet.fr\/wp-content\/uploads\/2024\/04\/sabs-coquet-1536x1024.jpg 1536w, https:\/\/closcoquet.fr\/wp-content\/uploads\/2024\/04\/sabs-coquet-2048x1365.jpg 2048w\" sizes=\"auto, (max-width: 2560px) 100vw, 2560px\" \/><\/div>\n\t\t<\/figure>\n\t<\/div>\n<\/div><\/div><\/div><\/div><div class=\"vc_row-full-width vc_clearfix\"><\/div><div class=\"vc_row wpb_row vc_row-fluid\"><div class=\"wpb_column vc_column_container vc_col-sm-12\"><div class=\"vc_column-inner\"><div class=\"wpb_wrapper\">\n<div class=\"vc-zigzag-wrapper vc-zigzag-align-center\"><div class=\"vc-zigzag-inner\" style=\"width: 100%;min-height: 14px;background: 0 repeat-x url(&#039;data:image\/svg+xml;utf-8,%3C%3Fxml%20version%3D%221.0%22%20encoding%3D%22utf-8%22%3F%3E%3C%21DOCTYPE%20svg%20PUBLIC%20%22-%2F%2FW3C%2F%2FDTD%20SVG%201.1%2F%2FEN%22%20%22http%3A%2F%2Fwww.w3.org%2FGraphics%2FSVG%2F1.1%2FDTD%2Fsvg11.dtd%22%3E%3Csvg%20width%3D%2214px%22%20height%3D%2212px%22%20viewBox%3D%220%200%2018%2015%22%20version%3D%221.1%22%20xmlns%3D%22http%3A%2F%2Fwww.w3.org%2F2000%2Fsvg%22%20xmlns%3Axlink%3D%22http%3A%2F%2Fwww.w3.org%2F1999%2Fxlink%22%3E%3Cpolygon%20id%3D%22Combined-Shape%22%20fill%3D%22%23ebebeb%22%20points%3D%228.98762301%200%200%209.12771969%200%2014.519983%209%205.40479869%2018%2014.519983%2018%209.12771969%22%3E%3C%2Fpolygon%3E%3C%2Fsvg%3E&#039;);\"><\/div><\/div><\/div><\/div><\/div><\/div>\n<\/div>","protected":false},"excerpt":{"rendered":"Les parcelles sont en deux ilots s\u00e9par\u00e9s de 10 km : Le jas, o\u00f9 se trouve le caveau de vente, \u00e0 l\u2019est de Lorgues, et la Seillane, o\u00f9 se trouvent les chevaux, \u00e0 l\u2019ouest de Lorgues. Le Jas ``La bergerie`` Le terroir du Jas est argilo-calcaire avec des terres rouges sur la partie sud.\u00a0Les vignes<br class=\"read-more-spacer\"> <a class=\"more-link\" href=\"https:\/\/closcoquet.fr\/de\/le-vignoble\/\">Read More<\/a>","protected":false},"author":1,"featured_media":2617,"parent":0,"menu_order":0,"comment_status":"closed","ping_status":"closed","template":"","meta":{"_acf_changed":false,"om_disable_all_campaigns":false,"_monsterinsights_skip_tracking":false,"_monsterinsights_sitenote_active":false,"_monsterinsights_sitenote_note":"","_monsterinsights_sitenote_category":0,"footnotes":""},"class_list":["post-490","page","type-page","status-publish","has-post-thumbnail","hentry"],"acf":[],"aioseo_notices":[],"_links":{"self":[{"href":"https:\/\/closcoquet.fr\/de\/wp-json\/wp\/v2\/pages\/490","targetHints":{"allow":["GET"]}}],"collection":[{"href":"https:\/\/closcoquet.fr\/de\/wp-json\/wp\/v2\/pages"}],"about":[{"href":"https:\/\/closcoquet.fr\/de\/wp-json\/wp\/v2\/types\/page"}],"author":[{"embeddable":true,"href":"https:\/\/closcoquet.fr\/de\/wp-json\/wp\/v2\/users\/1"}],"replies":[{"embeddable":true,"href":"https:\/\/closcoquet.fr\/de\/wp-json\/wp\/v2\/comments?post=490"}],"version-history":[{"count":8,"href":"https:\/\/closcoquet.fr\/de\/wp-json\/wp\/v2\/pages\/490\/revisions"}],"predecessor-version":[{"id":2915,"href":"https:\/\/closcoquet.fr\/de\/wp-json\/wp\/v2\/pages\/490\/revisions\/2915"}],"wp:featuredmedia":[{"embeddable":true,"href":"https:\/\/closcoquet.fr\/de\/wp-json\/wp\/v2\/media\/2617"}],"wp:attachment":[{"href":"https:\/\/closcoquet.fr\/de\/wp-json\/wp\/v2\/media?parent=490"}],"curies":[{"name":"wp","href":"https:\/\/api.w.org\/{rel}","templated":true}]}}