{"id":2639,"date":"2024-04-20T13:56:36","date_gmt":"2024-04-20T11:56:36","guid":{"rendered":"https:\/\/closcoquet.fr\/?post_type=product&#038;p=2639"},"modified":"2025-08-11T09:35:10","modified_gmt":"2025-08-11T07:35:10","slug":"clos-coquet-chardonnay","status":"publish","type":"product","link":"https:\/\/closcoquet.fr\/de\/produkt\/clos-coquet-chardonnay\/","title":{"rendered":"Chardonnay"},"content":{"rendered":"<div class=\"wpb-content-wrapper\"><div class=\"vc_row wpb_row vc_row-fluid vc_custom_1713597243624 reverse_columns_mobile vc_row-has-fill vc_row-o-equal-height vc_row-o-content-middle vc_row-flex\"><div class=\"wpb_column vc_column_container vc_col-sm-6 vc_col-lg-6 vc_col-md-6\"><div class=\"vc_column-inner  vc_custom_1681218019260 vc_custom_1681218019261\"><div class=\"wpb_wrapper\">\n\t<div class=\"title-subtitle-box\" style=\" text-align: left;\">\n\t\t<h1 style=\" font-style: normal;\">Terroir<\/h1>\n\t<\/div> \n\t<div class=\"wpb_text_column wpb_content_element  vc_custom_1713600578533\" >\n\t\t<div class=\"wpb_wrapper\">\n\t\t\t<p><strong><span class=\"OYPEnA text-decoration-none text-strikethrough-none\">Parzellenauswahl<\/span><\/strong><span class=\"OYPEnA text-decoration-none text-strikethrough-none\">Altes ausgetrocknetes Flussbett, bestehend aus <\/span><strong><span class=\"OYPEnA text-decoration-none text-strikethrough-none\">Sand<\/span><\/strong><span class=\"OYPEnA text-decoration-none text-strikethrough-none\"> mit einem Untergrund von <strong>Kreide<\/strong> die die Frische gut bewahrt.<\/span><\/p>\n\n\t\t<\/div>\n\t<\/div>\n<\/div><\/div><\/div><div class=\"wpb_column vc_column_container vc_col-sm-6 vc_col-lg-6 vc_col-md-6 vc_col-has-fill\"><div class=\"vc_column-inner  vc_custom_1713600673954\"><div class=\"wpb_wrapper\"><style>@media (max-width: 991px) {.spacer-1614932660 {height: 500px !important;}}<\/style><style>@media (max-width: 480px) {.spacer-1614932660 {height: 350px !important;}}<\/style><div class=\"vc_empty_space spacer-1614932660\"   style=\"height: 700px\"><span class=\"vc_empty_space_inner\"><\/span><\/div><\/div><\/div><\/div><\/div><div class=\"vc_row wpb_row vc_row-fluid vc_custom_1681218263514 vc_row-has-fill vc_row-o-equal-height vc_row-o-content-middle vc_row-flex\"><div class=\"wpb_column vc_column_container vc_col-sm-6 vc_col-lg-6 vc_col-md-6 vc_col-has-fill\"><div class=\"vc_column-inner  vc_custom_1713600781970\"><div class=\"wpb_wrapper\"><style>@media (max-width: 991px) {.spacer-1977186451 {height: 500px !important;}}<\/style><style>@media (max-width: 480px) {.spacer-1977186451 {height: 350px !important;}}<\/style><div class=\"vc_empty_space spacer-1977186451\"   style=\"height: 700px\"><span class=\"vc_empty_space_inner\"><\/span><\/div><\/div><\/div><\/div><div class=\"wpb_column vc_column_container vc_col-sm-6 vc_col-lg-6 vc_col-md-6\"><div class=\"vc_column-inner  vc_custom_1681218032015 vc_custom_1681218032015\"><div class=\"wpb_wrapper\">\n\t<div class=\"title-subtitle-box\" style=\" text-align: left;\">\n\t\t<h1 style=\" font-style: normal;\">Weinbau<\/h1>\n\t<\/div> \n\t<div class=\"wpb_text_column wpb_content_element\" >\n\t\t<div class=\"wpb_wrapper\">\n\t\t\t<p><span class=\"OYPEnA text-decoration-none text-strikethrough-none\">Die Reben sind zwischen 5 und 6 Jahre alt und wurden von Baptiste gepflanzt. Es handelt sich um erstklassige Rebst\u00f6cke.<strong> 100% <\/strong><\/span><strong><span class=\"OYPEnA text-decoration-none text-strikethrough-none\">Massenselektion<\/span><\/strong><span class=\"OYPEnA text-decoration-none text-strikethrough-none\"><strong> von Lilian B\u00e9rillon.<\/strong> Bodenbearbeitung mit unseren <\/span><strong><span class=\"OYPEnA text-decoration-none text-strikethrough-none\">Kaltbl\u00fcterpferde<\/span><\/strong><span class=\"OYPEnA text-decoration-none text-strikethrough-none\">Anlage <\/span><strong><span class=\"OYPEnA text-decoration-none text-strikethrough-none\">einer Begr\u00fcnung<\/span><\/strong><span class=\"OYPEnA text-decoration-none text-strikethrough-none\"> einer von zwei Reihen. Unsere Ausbeute betr\u00e4gt 35 hl\/ha, was eine gute Konzentration der Beeren gew\u00e4hrleistet.<\/span><\/p>\n\n\t\t<\/div>\n\t<\/div>\n<\/div><\/div><\/div><\/div><div class=\"vc_row wpb_row vc_row-fluid vc_custom_1681218268463 reverse_columns_mobile vc_row-has-fill vc_row-o-equal-height vc_row-o-content-middle vc_row-flex\"><div class=\"wpb_column vc_column_container vc_col-sm-6 vc_col-lg-6 vc_col-md-6\"><div class=\"vc_column-inner  vc_custom_1681218040522 vc_custom_1681218040523\"><div class=\"wpb_wrapper\">\n\t<div class=\"title-subtitle-box\" style=\" text-align: left;\">\n\t\t<h1 style=\" font-style: normal;\">Weinlese<\/h1>\n\t<\/div> \n\t<div class=\"wpb_text_column wpb_content_element\" >\n\t\t<div class=\"wpb_wrapper\">\n\t\t\t<p><span class=\"OYPEnA text-decoration-none text-strikethrough-none\">Unsere Weinlese wird vollst\u00e4ndig <\/span><span class=\"OYPEnA text-decoration-none text-strikethrough-none\">von Hand <\/span><span class=\"OYPEnA text-decoration-none text-strikethrough-none\">durchgef\u00fchrt und in kleinen Kisten gesammelt, um die Integrit\u00e4t der Fr\u00fcchte zu bewahren. Nach der Ernte bewahren wir die Trauben <strong>in einem K\u00fchlcontainer<\/strong> \u00fcber Nacht vor der direkten pneumatischen Niederdruckpressung. Die Weinlese fand am<strong> 22. August statt.<\/strong><\/span><\/p>\n\n\t\t<\/div>\n\t<\/div>\n<\/div><\/div><\/div><div class=\"wpb_column vc_column_container vc_col-sm-6 vc_col-lg-6 vc_col-md-6 vc_col-has-fill\"><div class=\"vc_column-inner  vc_custom_1713599059603\"><div class=\"wpb_wrapper\"><style>@media (max-width: 991px) {.spacer-603540153 {height: 500px !important;}}<\/style><style>@media (max-width: 480px) {.spacer-603540153 {height: 350px !important;}}<\/style><div class=\"vc_empty_space spacer-603540153\"   style=\"height: 700px\"><span class=\"vc_empty_space_inner\"><\/span><\/div><\/div><\/div><\/div><\/div><div class=\"vc_row wpb_row vc_row-fluid vc_custom_1681218263514 vc_row-has-fill vc_row-o-equal-height vc_row-o-content-middle vc_row-flex\"><div class=\"wpb_column vc_column_container vc_col-sm-6 vc_col-lg-6 vc_col-md-6 vc_col-has-fill\"><div class=\"vc_column-inner  vc_custom_1713614450982\"><div class=\"wpb_wrapper\"><style>@media (max-width: 991px) {.spacer-507728179 {height: 500px !important;}}<\/style><style>@media (max-width: 480px) {.spacer-507728179 {height: 350px !important;}}<\/style><div class=\"vc_empty_space spacer-507728179\"   style=\"height: 700px\"><span class=\"vc_empty_space_inner\"><\/span><\/div><\/div><\/div><\/div><div class=\"wpb_column vc_column_container vc_col-sm-6 vc_col-lg-6 vc_col-md-6\"><div class=\"vc_column-inner  vc_custom_1681218032015 vc_custom_1681218032015\"><div class=\"wpb_wrapper\">\n\t<div class=\"title-subtitle-box\" style=\" text-align: left;\">\n\t\t<h1 style=\" font-style: normal;\">Vinifikations<\/h1>\n\t<\/div> \n\t<div class=\"wpb_text_column wpb_content_element\" >\n\t\t<div class=\"wpb_wrapper\">\n\t\t\t<p><span class=\"OYPEnA text-decoration-none text-strikethrough-none\">Dir Ernte wird vor der<\/span> <span class=\"OYPEnA text-decoration-none text-strikethrough-none\">pneumatischen<\/span> <span class=\"OYPEnA text-decoration-none text-strikethrough-none\">Niederdruckpressung entrappt. Statische Kaltkl\u00e4rung (bei konstanten 15\u00b0C). <\/span><span class=\"OYPEnA text-decoration-none text-strikethrough-none\"><strong>Indigene Hefen<\/strong>.<\/span><span class=\"OYPEnA text-decoration-none text-strikethrough-none\"> Temperaturkontrolle der alkoholischen G\u00e4rung (13\u00b0C) in Edelstahltanks, dann Abschluss der G\u00e4rung in <\/span><strong><span class=\"OYPEnA text-decoration-none text-strikethrough-none\">600-Liter-Gresamphoren.<\/span><\/strong><span class=\"OYPEnA text-decoration-none text-strikethrough-none\"><strong>.<\/strong> Kein Abziehen, Ausbau auf Feinhefe. Kein Aufr\u00fchren der Hefe. Blockierung der malolaktischen G\u00e4rung. Abf\u00fcllung am 17. Februar 2024.<\/span><\/p>\n\n\t\t<\/div>\n\t<\/div>\n<\/div><\/div><\/div><\/div><div class=\"vc_row wpb_row vc_row-fluid vc_custom_1681218268463 reverse_columns_mobile vc_row-has-fill vc_row-o-equal-height vc_row-o-content-middle vc_row-flex\"><div class=\"wpb_column vc_column_container vc_col-sm-6 vc_col-lg-6 vc_col-md-6\"><div class=\"vc_column-inner  vc_custom_1681218040522 vc_custom_1681218040523\"><div class=\"wpb_wrapper\">\n\t<div class=\"title-subtitle-box\" style=\" text-align: left;\">\n\t\t<p  style=\"\">Notizen<\/p>\n\t\t<h1 style=\" font-style: normal;\">Verkostung<\/h1>\n\t<\/div> \n\t<div class=\"wpb_text_column wpb_content_element\" >\n\t\t<div class=\"wpb_wrapper\">\n\t\t\t<p><span class=\"OYPEnA text-decoration-none text-strikethrough-none\">Sehr feiner Wein mit ausgepr\u00e4gten Noten von frischer Zitrone<\/span> <span class=\"OYPEnA text-decoration-none text-strikethrough-none\">und Mirabelle. Er entfaltet sein volles Potenzial, wenn er zwischen <\/span><span class=\"OYPEnA text-decoration-none text-strikethrough-none\">9 und 11\u00b0C getrunken wird.<\/span><span class=\"OYPEnA text-decoration-none text-strikethrough-none\">Mit einer gesch\u00e4tzten Lagerf\u00e4higkeit <\/span><span class=\"OYPEnA text-decoration-none text-strikethrough-none\">von 5 Jahren<\/span><span class=\"OYPEnA text-decoration-none text-strikethrough-none\">wird sich dieser Wein zu Aromen von N\u00fcssen und getrockneten Aprikosen entwickeln.<\/span><\/p>\n\n\t\t<\/div>\n\t<\/div>\n<\/div><\/div><\/div><div class=\"wpb_column vc_column_container vc_col-sm-6 vc_col-lg-6 vc_col-md-6 vc_col-has-fill\"><div class=\"vc_column-inner  vc_custom_1713601388085\"><div class=\"wpb_wrapper\"><style>@media (max-width: 991px) {.spacer-86520488 {height: 500px !important;}}<\/style><style>@media (max-width: 480px) {.spacer-86520488 {height: 350px !important;}}<\/style><div class=\"vc_empty_space spacer-86520488\"   style=\"height: 700px\"><span class=\"vc_empty_space_inner\"><\/span><\/div><\/div><\/div><\/div><\/div><div class=\"vc_row wpb_row vc_row-fluid\"><div class=\"wpb_column vc_column_container vc_col-sm-12\"><div class=\"vc_column-inner\"><div class=\"wpb_wrapper\"><div class=\"vc_btn3-container vc_btn3-center\" ><a style=\"background-color:#ad8366; color:#ffffff;\" class=\"vc_general vc_btn3 vc_btn3-size-lg vc_btn3-shape-square vc_btn3-style-custom vc_btn3-block vc_btn3-icon-left\" href=\"http:\/\/closcoquet.fr\/wp-content\/uploads\/2024\/05\/Fiche-technique-Chardonnay-GE.pdf\" title=\"\"><i class=\"vc_btn3-icon fas fa-angle-double-down\"><\/i> Datenblatt herunterladen<\/a><\/div><\/div><\/div><\/div><\/div>\n<\/div>","protected":false},"excerpt":{"rendered":"<p><span class=\"OYPEnA text-decoration-none text-strikethrough-none\">Unser Juwel... Ein in Amphoren vinifizierter Wein. In unserer zu 100% recycelten Flasche \"Oroshi\", die mit Punkten versehen ist, die unsere Abweichung von standardisierten und fehlerfreien Flaschen kennzeichnen.\u00a0<\/span><\/p>","protected":false},"featured_media":2625,"comment_status":"open","ping_status":"closed","template":"","meta":{"_acf_changed":false,"om_disable_all_campaigns":false,"_monsterinsights_skip_tracking":false,"_monsterinsights_sitenote_active":false,"_monsterinsights_sitenote_note":"","_monsterinsights_sitenote_category":0},"product_brand":[],"product_cat":[29],"product_tag":[36,47,44,34,43,35,42,37],"class_list":{"0":"post-2639","1":"product","2":"type-product","3":"status-publish","4":"has-post-thumbnail","6":"product_cat-vins-blancs","7":"product_tag-amphores","8":"product_tag-bouteille-oroshi","9":"product_tag-chardonnay","10":"product_tag-levures-indigenes","11":"product_tag-monocepage","12":"product_tag-selection-parcellaire","13":"product_tag-selections-massales","14":"product_tag-vin-de-france","16":"first","17":"instock","18":"taxable","19":"shipping-taxable","20":"purchasable","21":"product-type-simple"},"group_of_quantity":0,"min_quantity":0,"max_quantity":"","exclude_order_quantity_value_rules":"no","exclude_category_quantity_rules":"no","combine_variations":"no","acf":[],"aioseo_notices":[],"_links":{"self":[{"href":"https:\/\/closcoquet.fr\/de\/wp-json\/wp\/v2\/product\/2639","targetHints":{"allow":["GET"]}}],"collection":[{"href":"https:\/\/closcoquet.fr\/de\/wp-json\/wp\/v2\/product"}],"about":[{"href":"https:\/\/closcoquet.fr\/de\/wp-json\/wp\/v2\/types\/product"}],"replies":[{"embeddable":true,"href":"https:\/\/closcoquet.fr\/de\/wp-json\/wp\/v2\/comments?post=2639"}],"wp:featuredmedia":[{"embeddable":true,"href":"https:\/\/closcoquet.fr\/de\/wp-json\/wp\/v2\/media\/2625"}],"wp:attachment":[{"href":"https:\/\/closcoquet.fr\/de\/wp-json\/wp\/v2\/media?parent=2639"}],"wp:term":[{"taxonomy":"product_brand","embeddable":true,"href":"https:\/\/closcoquet.fr\/de\/wp-json\/wp\/v2\/product_brand?post=2639"},{"taxonomy":"product_cat","embeddable":true,"href":"https:\/\/closcoquet.fr\/de\/wp-json\/wp\/v2\/product_cat?post=2639"},{"taxonomy":"product_tag","embeddable":true,"href":"https:\/\/closcoquet.fr\/de\/wp-json\/wp\/v2\/product_tag?post=2639"}],"curies":[{"name":"wp","href":"https:\/\/api.w.org\/{rel}","templated":true}]}}