{"id":2641,"date":"2024-04-20T14:07:34","date_gmt":"2024-04-20T12:07:34","guid":{"rendered":"https:\/\/closcoquet.fr\/?post_type=product&#038;p=2641"},"modified":"2025-11-04T15:40:39","modified_gmt":"2025-11-04T14:40:39","slug":"clos-coquet-rouge","status":"publish","type":"product","link":"https:\/\/closcoquet.fr\/de\/produkt\/clos-coquet-rouge\/","title":{"rendered":"Clos Coquet rouge"},"content":{"rendered":"<div class=\"wpb-content-wrapper\"><div class=\"vc_row wpb_row vc_row-fluid vc_custom_1713597243624 reverse_columns_mobile vc_row-has-fill vc_row-o-equal-height vc_row-o-content-middle vc_row-flex\"><div class=\"wpb_column vc_column_container vc_col-sm-6 vc_col-lg-6 vc_col-md-6\"><div class=\"vc_column-inner  vc_custom_1681218019260 vc_custom_1681218019261\"><div class=\"wpb_wrapper\">\n\t<div class=\"title-subtitle-box\" style=\" text-align: left;\">\n\t\t<h1 style=\" font-style: normal;\">Terroir<\/h1>\n\t<\/div> \n\t<div class=\"wpb_text_column wpb_content_element  vc_custom_1713598145028\" >\n\t\t<div class=\"wpb_wrapper\">\n\t\t\t<p><span class=\"OYPEnA text-decoration-none text-strikethrough-none\">Weinberge auf <\/span><strong><span class=\"OYPEnA text-decoration-none text-strikethrough-none\">200 Metern H\u00f6he<\/span><\/strong><span class=\"OYPEnA text-decoration-none text-strikethrough-none\"> auf<\/span> <span class=\"OYPEnA text-decoration-none text-strikethrough-none\">einem Orthogneiss-Plateau, was einen<strong> gut drainierten und mineralischen Boden bietet,<\/strong>der f\u00fcr die Produktion von Weinen h\u00f6chster Qualit\u00e4t g\u00fcnstig ist.<\/span><\/p>\n\n\t\t<\/div>\n\t<\/div>\n<\/div><\/div><\/div><div class=\"wpb_column vc_column_container vc_col-sm-6 vc_col-lg-6 vc_col-md-6 vc_col-has-fill\"><div class=\"vc_column-inner  vc_custom_1713598264036\"><div class=\"wpb_wrapper\"><style>@media (max-width: 991px) {.spacer-695809694 {height: 500px !important;}}<\/style><style>@media (max-width: 480px) {.spacer-695809694 {height: 350px !important;}}<\/style><div class=\"vc_empty_space spacer-695809694\"   style=\"height: 700px\"><span class=\"vc_empty_space_inner\"><\/span><\/div><\/div><\/div><\/div><\/div><div class=\"vc_row wpb_row vc_row-fluid vc_custom_1681218263514 vc_row-has-fill vc_row-o-equal-height vc_row-o-content-middle vc_row-flex\"><div class=\"wpb_column vc_column_container vc_col-sm-6 vc_col-lg-6 vc_col-md-6 vc_col-has-fill\"><div class=\"vc_column-inner  vc_custom_1713598504274\"><div class=\"wpb_wrapper\"><style>@media (max-width: 991px) {.spacer-747998604 {height: 500px !important;}}<\/style><style>@media (max-width: 480px) {.spacer-747998604 {height: 350px !important;}}<\/style><div class=\"vc_empty_space spacer-747998604\"   style=\"height: 700px\"><span class=\"vc_empty_space_inner\"><\/span><\/div><\/div><\/div><\/div><div class=\"wpb_column vc_column_container vc_col-sm-6 vc_col-lg-6 vc_col-md-6\"><div class=\"vc_column-inner  vc_custom_1681218032015 vc_custom_1681218032015\"><div class=\"wpb_wrapper\">\n\t<div class=\"title-subtitle-box\" style=\" text-align: left;\">\n\t\t<h1 style=\" font-style: normal;\">Weinbau<\/h1>\n\t<\/div> \n\t<div class=\"wpb_text_column wpb_content_element\" >\n\t\t<div class=\"wpb_wrapper\">\n\t\t\t<p><span class=\"OYPEnA text-decoration-none text-strikethrough-none\">Bodenbearbeitung mit unseren <\/span><span class=\"OYPEnA text-decoration-none text-strikethrough-none\">Kaltbl\u00fcterpferde<\/span><span class=\"OYPEnA text-decoration-none text-strikethrough-none\">Anlage <\/span><strong><span class=\"OYPEnA text-decoration-none text-strikethrough-none\">einer Begr\u00fcnung<\/span><\/strong><span class=\"OYPEnA text-decoration-none text-strikethrough-none\"><strong> jeden zweiten Reihen.<\/strong>Das Alter der Reben reicht von 5 bis 50 Jahren. Unsere Ausbeute betr\u00e4gt 25 hl\/ha, was eine gute Konzentration der Beeren gew\u00e4hrleistet.<\/span><\/p>\n\n\t\t<\/div>\n\t<\/div>\n<\/div><\/div><\/div><\/div><div class=\"vc_row wpb_row vc_row-fluid vc_custom_1681218268463 reverse_columns_mobile vc_row-has-fill vc_row-o-equal-height vc_row-o-content-middle vc_row-flex\"><div class=\"wpb_column vc_column_container vc_col-sm-6 vc_col-lg-6 vc_col-md-6\"><div class=\"vc_column-inner  vc_custom_1681218040522 vc_custom_1681218040523\"><div class=\"wpb_wrapper\">\n\t<div class=\"title-subtitle-box\" style=\" text-align: left;\">\n\t\t<h1 style=\" font-style: normal;\">Weinlese<\/h1>\n\t<\/div> \n\t<div class=\"wpb_text_column wpb_content_element\" >\n\t\t<div class=\"wpb_wrapper\">\n\t\t\t<p><span class=\"OYPEnA text-decoration-none text-strikethrough-none\">Unsere Weinlese wird vollst\u00e4ndig <\/span><strong><span class=\"OYPEnA text-decoration-none text-strikethrough-none\">von Hand <\/span><\/strong><span class=\"OYPEnA text-decoration-none text-strikethrough-none\">und werden in Kisten gesammelt, um die Integrit\u00e4t der Frucht zu bewahren. Grenache und Mourv\u00e8dre wurden am 7. September geerntet, Carignan am 12. September, um jedem Rebsorten die optimale Reife zu erm\u00f6glichen.<\/span><\/p>\n\n\t\t<\/div>\n\t<\/div>\n<\/div><\/div><\/div><div class=\"wpb_column vc_column_container vc_col-sm-6 vc_col-lg-6 vc_col-md-6 vc_col-has-fill\"><div class=\"vc_column-inner  vc_custom_1713599059603\"><div class=\"wpb_wrapper\"><style>@media (max-width: 991px) {.spacer-1062974370 {height: 500px !important;}}<\/style><style>@media (max-width: 480px) {.spacer-1062974370 {height: 350px !important;}}<\/style><div class=\"vc_empty_space spacer-1062974370\"   style=\"height: 700px\"><span class=\"vc_empty_space_inner\"><\/span><\/div><\/div><\/div><\/div><\/div><div class=\"vc_row wpb_row vc_row-fluid vc_custom_1681218263514 vc_row-has-fill vc_row-o-equal-height vc_row-o-content-middle vc_row-flex\"><div class=\"wpb_column vc_column_container vc_col-sm-6 vc_col-lg-6 vc_col-md-6 vc_col-has-fill\"><div class=\"vc_column-inner  vc_custom_1713615050361\"><div class=\"wpb_wrapper\"><style>@media (max-width: 991px) {.spacer-465886761 {height: 500px !important;}}<\/style><style>@media (max-width: 480px) {.spacer-465886761 {height: 350px !important;}}<\/style><div class=\"vc_empty_space spacer-465886761\"   style=\"height: 700px\"><span class=\"vc_empty_space_inner\"><\/span><\/div><\/div><\/div><\/div><div class=\"wpb_column vc_column_container vc_col-sm-6 vc_col-lg-6 vc_col-md-6\"><div class=\"vc_column-inner  vc_custom_1681218032015 vc_custom_1681218032015\"><div class=\"wpb_wrapper\">\n\t<div class=\"title-subtitle-box\" style=\" text-align: left;\">\n\t\t<h1 style=\" font-style: normal;\">Vinifikations<\/h1>\n\t<\/div> \n\t<div class=\"wpb_text_column wpb_content_element\" >\n\t\t<div class=\"wpb_wrapper\">\n\t\t\t<p><span class=\"OYPEnA text-decoration-none text-strikethrough-none\">Wir haben die Stiele der Carignan-Trauben belassen, um an Struktur und Frische zu gewinnen. <\/span><span class=\"OYPEnA text-decoration-none text-strikethrough-none\"><strong>Ausschlie\u00dflich indigene Hefen.<\/strong> exclusivement<\/span><span class=\"OYPEnA text-decoration-none text-strikethrough-none\">. Der Wein wurde in einer <\/span><strong><span class=\"OYPEnA text-decoration-none text-strikethrough-none\">alten Holzpresse mit 50 Litern gepresst<\/span><\/strong><span class=\"OYPEnA text-decoration-none text-strikethrough-none\"> und dann 10 Monate lang <\/span><span class=\"OYPEnA text-decoration-none text-strikethrough-none\">in Halbhogsheads<\/span><span class=\"OYPEnA text-decoration-none text-strikethrough-none\"> und <\/span><span class=\"OYPEnA text-decoration-none text-strikethrough-none\">Barriques<\/span><span class=\"OYPEnA text-decoration-none text-strikethrough-none\"> aus dem Jahr 2018 ausgebaut. Abgef\u00fcllt<\/span> <span class=\"OYPEnA text-decoration-none text-strikethrough-none\">le 27 f\u00e9vrier 2025.<\/span><\/p>\n\n\t\t<\/div>\n\t<\/div>\n<\/div><\/div><\/div><\/div><div class=\"vc_row wpb_row vc_row-fluid vc_custom_1681218268463 reverse_columns_mobile vc_row-has-fill vc_row-o-equal-height vc_row-o-content-middle vc_row-flex\"><div class=\"wpb_column vc_column_container vc_col-sm-6 vc_col-lg-6 vc_col-md-6\"><div class=\"vc_column-inner  vc_custom_1681218040522 vc_custom_1681218040523\"><div class=\"wpb_wrapper\">\n\t<div class=\"title-subtitle-box\" style=\" text-align: left;\">\n\t\t<h1 style=\" font-style: normal;\">Verkostung<\/h1>\n\t<\/div> \n\t<div class=\"wpb_text_column wpb_content_element\" >\n\t\t<div class=\"wpb_wrapper\">\n\t\t\t<p><span class=\"OYPEnA text-decoration-none text-strikethrough-none\">Dieser Wein zeigt eine gro\u00dfe <\/span><span class=\"OYPEnA text-decoration-none text-strikethrough-none\">Geschmeidigkeit<\/span><span class=\"OYPEnA text-decoration-none text-strikethrough-none\"> mit sch\u00f6nen Noten von Lakritze, Pflaume und Cassis. Er entfaltet sein volles Potenzial, wenn er zwischen <\/span><span class=\"OYPEnA text-decoration-none text-strikethrough-none\">18 und 20\u00b0C serviert wird.<\/span><span class=\"OYPEnA text-decoration-none text-strikethrough-none\">Mit einem gesch\u00e4tzten Lagerpotenzial von <\/span><span class=\"OYPEnA text-decoration-none text-strikethrough-none\">10 Jahren<\/span><span class=\"OYPEnA text-decoration-none text-strikethrough-none\">verspricht dieser Wein eine Entwicklung mit komplexen Aromen<\/span> <span class=\"OYPEnA text-decoration-none text-strikethrough-none\">von Pflaume und Leder im Laufe der Zeit.<\/span><\/p>\n\n\t\t<\/div>\n\t<\/div>\n<\/div><\/div><\/div><div class=\"wpb_column vc_column_container vc_col-sm-6 vc_col-lg-6 vc_col-md-6 vc_col-has-fill\"><div class=\"vc_column-inner  vc_custom_1713615207015\"><div class=\"wpb_wrapper\"><style>@media (max-width: 991px) {.spacer-696440928 {height: 500px !important;}}<\/style><style>@media (max-width: 480px) {.spacer-696440928 {height: 350px !important;}}<\/style><div class=\"vc_empty_space spacer-696440928\"   style=\"height: 700px\"><span class=\"vc_empty_space_inner\"><\/span><\/div><\/div><\/div><\/div><\/div><div class=\"vc_row wpb_row vc_row-fluid\"><div class=\"wpb_column vc_column_container vc_col-sm-12\"><div class=\"vc_column-inner\"><div class=\"wpb_wrapper\"><div class=\"vc_btn3-container vc_btn3-center\" ><a style=\"background-color:#ad8366; color:rgb(255,255,255);color:rgba(255,255,255,0.92);\" class=\"vc_general vc_btn3 vc_btn3-size-lg vc_btn3-shape-square vc_btn3-style-custom vc_btn3-block vc_btn3-icon-left\" href=\"\" title=\"\"><i class=\"vc_btn3-icon fas fa-angle-double-down\"><\/i> Datenblatt herunterladen<\/a><\/div><\/div><\/div><\/div><\/div>\n<\/div>","protected":false},"excerpt":{"rendered":"<p><span class=\"OYPEnA text-decoration-none text-strikethrough-none\">Lassen Sie sich \u00fcberraschen... Unser Wein, der in einer alten kleinen Presse mit 50 Litern gepresst wurde.<\/span><\/p>","protected":false},"featured_media":2626,"comment_status":"open","ping_status":"closed","template":"","meta":{"_acf_changed":false,"om_disable_all_campaigns":false,"_monsterinsights_skip_tracking":false,"_monsterinsights_sitenote_active":false,"_monsterinsights_sitenote_note":"","_monsterinsights_sitenote_category":0},"product_brand":[],"product_cat":[27],"product_tag":[47,41,39,38,40,34],"class_list":{"0":"post-2641","1":"product","2":"type-product","3":"status-publish","4":"has-post-thumbnail","6":"product_cat-vins-rouges","7":"product_tag-bouteille-oroshi","8":"product_tag-carignan","9":"product_tag-cotes-de-provence","10":"product_tag-elevage-au-bois","11":"product_tag-grenache","12":"product_tag-levures-indigenes","14":"first","15":"instock","16":"taxable","17":"shipping-taxable","18":"purchasable","19":"product-type-simple"},"group_of_quantity":0,"min_quantity":0,"max_quantity":"","exclude_order_quantity_value_rules":"no","exclude_category_quantity_rules":"no","combine_variations":"no","acf":[],"aioseo_notices":[],"_links":{"self":[{"href":"https:\/\/closcoquet.fr\/de\/wp-json\/wp\/v2\/product\/2641","targetHints":{"allow":["GET"]}}],"collection":[{"href":"https:\/\/closcoquet.fr\/de\/wp-json\/wp\/v2\/product"}],"about":[{"href":"https:\/\/closcoquet.fr\/de\/wp-json\/wp\/v2\/types\/product"}],"replies":[{"embeddable":true,"href":"https:\/\/closcoquet.fr\/de\/wp-json\/wp\/v2\/comments?post=2641"}],"wp:featuredmedia":[{"embeddable":true,"href":"https:\/\/closcoquet.fr\/de\/wp-json\/wp\/v2\/media\/2626"}],"wp:attachment":[{"href":"https:\/\/closcoquet.fr\/de\/wp-json\/wp\/v2\/media?parent=2641"}],"wp:term":[{"taxonomy":"product_brand","embeddable":true,"href":"https:\/\/closcoquet.fr\/de\/wp-json\/wp\/v2\/product_brand?post=2641"},{"taxonomy":"product_cat","embeddable":true,"href":"https:\/\/closcoquet.fr\/de\/wp-json\/wp\/v2\/product_cat?post=2641"},{"taxonomy":"product_tag","embeddable":true,"href":"https:\/\/closcoquet.fr\/de\/wp-json\/wp\/v2\/product_tag?post=2641"}],"curies":[{"name":"wp","href":"https:\/\/api.w.org\/{rel}","templated":true}]}}