{"id":3070,"date":"2026-05-07T09:38:06","date_gmt":"2026-05-07T07:38:06","guid":{"rendered":"https:\/\/closcoquet.fr\/?post_type=product&#038;p=3070"},"modified":"2026-05-07T10:05:11","modified_gmt":"2026-05-07T08:05:11","slug":"oroshi-rose-cote-de-provence-75-cl","status":"publish","type":"product","link":"https:\/\/closcoquet.fr\/de\/produkt\/oroshi-rose-cote-de-provence-75-cl\/","title":{"rendered":"Oroshi &#8211; Ros\u00e9 C\u00f4te de Provence 75 cl"},"content":{"rendered":"<p>L&rsquo;Oroshi Ros\u00e9 incarne l&rsquo;\u00e9l\u00e9gance et la fra\u00eecheur des ros\u00e9s de Provence. Avec sa robe p\u00e2le aux reflets lumineux , cette cuv\u00e9e s\u00e9duit par sa finesse aromatique , ses notes d\u00e9licatement fruit\u00e9es et sa belle vivacit\u00e9. L\u00e9ger , raffin\u00e9 et parfaitement \u00e9quilibr\u00e9 , il accompagne aussi bien les ap\u00e9ritifs ensoleill\u00e9s que les repas d&rsquo;\u00e9t\u00e9 et les moments de partage. Un ros\u00e9 tout en subtilit\u00e9 et en transparence , pens\u00e9 pour offrir une d\u00e9gustation fraiche , \u00e9l\u00e9gante et pleine de convivialit\u00e9.<\/p>","protected":false},"excerpt":{"rendered":"<p>Une robe p\u00e2le , un \u00e9clat de fraicheur<\/p>","protected":false},"featured_media":3072,"comment_status":"open","ping_status":"closed","template":"","meta":{"_acf_changed":false,"om_disable_all_campaigns":false,"_monsterinsights_skip_tracking":false,"_monsterinsights_sitenote_active":false,"_monsterinsights_sitenote_note":"","_monsterinsights_sitenote_category":0},"product_brand":[],"product_cat":[15],"product_tag":[],"class_list":{"0":"post-3070","1":"product","2":"type-product","3":"status-publish","4":"has-post-thumbnail","6":"product_cat-vins-roses","8":"first","9":"instock","10":"taxable","11":"shipping-taxable","12":"purchasable","13":"product-type-simple"},"group_of_quantity":0,"min_quantity":0,"max_quantity":"","exclude_order_quantity_value_rules":"no","exclude_category_quantity_rules":"no","combine_variations":"no","acf":[],"aioseo_notices":[],"_links":{"self":[{"href":"https:\/\/closcoquet.fr\/de\/wp-json\/wp\/v2\/product\/3070","targetHints":{"allow":["GET"]}}],"collection":[{"href":"https:\/\/closcoquet.fr\/de\/wp-json\/wp\/v2\/product"}],"about":[{"href":"https:\/\/closcoquet.fr\/de\/wp-json\/wp\/v2\/types\/product"}],"replies":[{"embeddable":true,"href":"https:\/\/closcoquet.fr\/de\/wp-json\/wp\/v2\/comments?post=3070"}],"wp:featuredmedia":[{"embeddable":true,"href":"https:\/\/closcoquet.fr\/de\/wp-json\/wp\/v2\/media\/3072"}],"wp:attachment":[{"href":"https:\/\/closcoquet.fr\/de\/wp-json\/wp\/v2\/media?parent=3070"}],"wp:term":[{"taxonomy":"product_brand","embeddable":true,"href":"https:\/\/closcoquet.fr\/de\/wp-json\/wp\/v2\/product_brand?post=3070"},{"taxonomy":"product_cat","embeddable":true,"href":"https:\/\/closcoquet.fr\/de\/wp-json\/wp\/v2\/product_cat?post=3070"},{"taxonomy":"product_tag","embeddable":true,"href":"https:\/\/closcoquet.fr\/de\/wp-json\/wp\/v2\/product_tag?post=3070"}],"curies":[{"name":"wp","href":"https:\/\/api.w.org\/{rel}","templated":true}]}}