{"id":688,"date":"2016-03-27T16:13:09","date_gmt":"2016-03-27T16:13:09","guid":{"rendered":"http:\/\/okthemes.com\/villenoirdemonew\/product\/villenoir-sauvignon-blank\/"},"modified":"2025-11-04T15:56:30","modified_gmt":"2025-11-04T14:56:30","slug":"rose-baptiste-zunino","status":"publish","type":"product","link":"https:\/\/closcoquet.fr\/de\/produkt\/rose-baptiste-zunino\/","title":{"rendered":"Ros\u00e9 Baptiste Zunino"},"content":{"rendered":"<div class=\"wpb-content-wrapper\"><div class=\"vc_row wpb_row vc_row-fluid vc_custom_1713597243624 reverse_columns_mobile vc_row-has-fill vc_row-o-equal-height vc_row-o-content-middle vc_row-flex\"><div class=\"wpb_column vc_column_container vc_col-sm-6 vc_col-lg-6 vc_col-md-6\"><div class=\"vc_column-inner  vc_custom_1681218019260 vc_custom_1681218019261\"><div class=\"wpb_wrapper\">\n\t<div class=\"title-subtitle-box\" style=\" text-align: left;\">\n\t\t<h1 style=\" font-style: normal;\">Terroir<\/h1>\n\t<\/div> \n\t<div class=\"wpb_text_column wpb_content_element  vc_custom_1713598145028\" >\n\t\t<div class=\"wpb_wrapper\">\n\t\t\t<p><span class=\"OYPEnA text-decoration-none text-strikethrough-none\">Weinberge auf <\/span><strong><span class=\"OYPEnA text-decoration-none text-strikethrough-none\">200 Metern H\u00f6he<\/span><\/strong><span class=\"OYPEnA text-decoration-none text-strikethrough-none\"> auf<\/span> <span class=\"OYPEnA text-decoration-none text-strikethrough-none\">einem Orthogneiss-Plateau, was einen<strong> gut drainierten und mineralischen Boden bietet,<\/strong>der f\u00fcr die Produktion von Weinen h\u00f6chster Qualit\u00e4t g\u00fcnstig ist.<\/span><\/p>\n\n\t\t<\/div>\n\t<\/div>\n<\/div><\/div><\/div><div class=\"wpb_column vc_column_container vc_col-sm-6 vc_col-lg-6 vc_col-md-6 vc_col-has-fill\"><div class=\"vc_column-inner  vc_custom_1713598264036\"><div class=\"wpb_wrapper\"><style>@media (max-width: 991px) {.spacer-962781160 {height: 500px !important;}}<\/style><style>@media (max-width: 480px) {.spacer-962781160 {height: 350px !important;}}<\/style><div class=\"vc_empty_space spacer-962781160\"   style=\"height: 700px\"><span class=\"vc_empty_space_inner\"><\/span><\/div><\/div><\/div><\/div><\/div><div class=\"vc_row wpb_row vc_row-fluid vc_custom_1681218263514 vc_row-has-fill vc_row-o-equal-height vc_row-o-content-middle vc_row-flex\"><div class=\"wpb_column vc_column_container vc_col-sm-6 vc_col-lg-6 vc_col-md-6 vc_col-has-fill\"><div class=\"vc_column-inner  vc_custom_1713598504274\"><div class=\"wpb_wrapper\"><style>@media (max-width: 991px) {.spacer-785876956 {height: 500px !important;}}<\/style><style>@media (max-width: 480px) {.spacer-785876956 {height: 350px !important;}}<\/style><div class=\"vc_empty_space spacer-785876956\"   style=\"height: 700px\"><span class=\"vc_empty_space_inner\"><\/span><\/div><\/div><\/div><\/div><div class=\"wpb_column vc_column_container vc_col-sm-6 vc_col-lg-6 vc_col-md-6\"><div class=\"vc_column-inner  vc_custom_1681218032015 vc_custom_1681218032015\"><div class=\"wpb_wrapper\">\n\t<div class=\"title-subtitle-box\" style=\" text-align: left;\">\n\t\t<h1 style=\" font-style: normal;\">Weinbau<\/h1>\n\t<\/div> \n\t<div class=\"wpb_text_column wpb_content_element\" >\n\t\t<div class=\"wpb_wrapper\">\n\t\t\t<p><span class=\"OYPEnA text-decoration-none text-strikethrough-none\">Die Grenache-Reben sind 20 Jahre alt, die Rolle- und Syrah-Reben 4 Jahre und wurden von Baptiste gepflanzt. Bodenbearbeitung durchgef\u00fchrt mit unseren <\/span><span class=\"OYPEnA text-decoration-none text-strikethrough-none\">Kaltbl\u00fcterpferde<\/span><span class=\"OYPEnA text-decoration-none text-strikethrough-none\">Anlage <\/span><strong><span class=\"OYPEnA text-decoration-none text-strikethrough-none\">einer Begr\u00fcnung<\/span><\/strong><span class=\"OYPEnA text-decoration-none text-strikethrough-none\"><strong> jeden zweiten Reihen.<\/strong>Unser Ertrag betr\u00e4gt 35 hl\/ha, was eine gute Konzentration der Beeren sicherstellt.<\/span><\/p>\n\n\t\t<\/div>\n\t<\/div>\n<\/div><\/div><\/div><\/div><div class=\"vc_row wpb_row vc_row-fluid vc_custom_1681218268463 reverse_columns_mobile vc_row-has-fill vc_row-o-equal-height vc_row-o-content-middle vc_row-flex\"><div class=\"wpb_column vc_column_container vc_col-sm-6 vc_col-lg-6 vc_col-md-6\"><div class=\"vc_column-inner  vc_custom_1681218040522 vc_custom_1681218040523\"><div class=\"wpb_wrapper\">\n\t<div class=\"title-subtitle-box\" style=\" text-align: left;\">\n\t\t<h1 style=\" font-style: normal;\">Weinlese<\/h1>\n\t<\/div> \n\t<div class=\"wpb_text_column wpb_content_element\" >\n\t\t<div class=\"wpb_wrapper\">\n\t\t\t<p><span class=\"OYPEnA text-decoration-none text-strikethrough-none\">Unsere Weinlese wird vollst\u00e4ndig <\/span><span class=\"OYPEnA text-decoration-none text-strikethrough-none\"><strong>von Hand<\/strong> <\/span><span class=\"OYPEnA text-decoration-none text-strikethrough-none\">durchgef\u00fchrt und in kleinen Kisten gesammelt, um die Integrit\u00e4t der Fr\u00fcchte zu bewahren. Nach der Ernte bewahren wir die Trauben <strong>\u00fcber Nacht in einem K\u00fchlcontainer auf,<\/strong> bevor sie einer direkten pneumatischen Pressung unter geringem Druck unterzogen werden. Die Weinlese fand am <strong>28. August<\/strong> f\u00fcr die Syrah und Rolle <strong>und am 30. August<\/strong> f\u00fcr die Grenache statt.<\/span><\/p>\n\n\t\t<\/div>\n\t<\/div>\n<\/div><\/div><\/div><div class=\"wpb_column vc_column_container vc_col-sm-6 vc_col-lg-6 vc_col-md-6 vc_col-has-fill\"><div class=\"vc_column-inner  vc_custom_1713599059603\"><div class=\"wpb_wrapper\"><style>@media (max-width: 991px) {.spacer-1766807285 {height: 500px !important;}}<\/style><style>@media (max-width: 480px) {.spacer-1766807285 {height: 350px !important;}}<\/style><div class=\"vc_empty_space spacer-1766807285\"   style=\"height: 700px\"><span class=\"vc_empty_space_inner\"><\/span><\/div><\/div><\/div><\/div><\/div><div class=\"vc_row wpb_row vc_row-fluid vc_custom_1681218263514 vc_row-has-fill vc_row-o-equal-height vc_row-o-content-middle vc_row-flex\"><div class=\"wpb_column vc_column_container vc_col-sm-6 vc_col-lg-6 vc_col-md-6 vc_col-has-fill\"><div class=\"vc_column-inner  vc_custom_1713599235176\"><div class=\"wpb_wrapper\"><style>@media (max-width: 991px) {.spacer-65497820 {height: 500px !important;}}<\/style><style>@media (max-width: 480px) {.spacer-65497820 {height: 350px !important;}}<\/style><div class=\"vc_empty_space spacer-65497820\"   style=\"height: 700px\"><span class=\"vc_empty_space_inner\"><\/span><\/div><\/div><\/div><\/div><div class=\"wpb_column vc_column_container vc_col-sm-6 vc_col-lg-6 vc_col-md-6\"><div class=\"vc_column-inner  vc_custom_1681218032015 vc_custom_1681218032015\"><div class=\"wpb_wrapper\">\n\t<div class=\"title-subtitle-box\" style=\" text-align: left;\">\n\t\t<h1 style=\" font-style: normal;\">Vinifikations<\/h1>\n\t<\/div> \n\t<div class=\"wpb_text_column wpb_content_element\" >\n\t\t<div class=\"wpb_wrapper\">\n\t\t\t<p><span class=\"OYPEnA text-decoration-none text-strikethrough-none\">Die Ernte wird vor der pneumatischen Pressung unter niedrigem Druck entrappt.<\/span> <span class=\"OYPEnA text-decoration-none text-strikethrough-none\">Alle schwarzen Rebsorten werden zusammen gepresst, dann alle wei\u00dfen zusammen. Statisches Absetzen bei K\u00e4lte (konstant 15\u00b0C). Thermische Regulierung der alkoholischen G\u00e4rung (17\u00b0C) in Edelstahltanks. <\/span><strong><span class=\"OYPEnA text-decoration-none text-strikethrough-none\">Ausbau auf Feinhefe mit 4 bis 5 Aufr\u00fchrungen, um die Aromen zu offenbaren<\/span><\/strong><span class=\"OYPEnA text-decoration-none text-strikethrough-none\">. Lose Filtration. Abf\u00fcllung<\/span> <span class=\"OYPEnA text-decoration-none text-strikethrough-none\">le 26 f\u00e9vrier 2025.<\/span><\/p>\n\n\t\t<\/div>\n\t<\/div>\n<\/div><\/div><\/div><\/div><div class=\"vc_row wpb_row vc_row-fluid vc_custom_1681218268463 reverse_columns_mobile vc_row-has-fill vc_row-o-equal-height vc_row-o-content-middle vc_row-flex\"><div class=\"wpb_column vc_column_container vc_col-sm-6 vc_col-lg-6 vc_col-md-6\"><div class=\"vc_column-inner  vc_custom_1681218040522 vc_custom_1681218040523\"><div class=\"wpb_wrapper\">\n\t<div class=\"title-subtitle-box\" style=\" text-align: left;\">\n\t\t<h1 style=\" font-style: normal;\">Verkostung<\/h1>\n\t<\/div> \n\t<div class=\"wpb_text_column wpb_content_element\" >\n\t\t<div class=\"wpb_wrapper\">\n\t\t\t<p><span class=\"OYPEnA text-decoration-none text-strikethrough-none\">Sehr feiner und weicher Wein im Mund. Aromen von gelbem Zitronen und Limetten sind deutlich erkennbar. Er entfaltet sein volles Potenzial, wenn er zwischen <\/span><span class=\"OYPEnA text-decoration-none text-strikethrough-none\">9 und 11\u00b0C getrunken wird.<\/span><span class=\"OYPEnA text-decoration-none text-strikethrough-none\">In dem Jahr trinken.<\/span><\/p>\n\n\t\t<\/div>\n\t<\/div>\n<\/div><\/div><\/div><div class=\"wpb_column vc_column_container vc_col-sm-6 vc_col-lg-6 vc_col-md-6 vc_col-has-fill\"><div class=\"vc_column-inner  vc_custom_1713599339115\"><div class=\"wpb_wrapper\"><style>@media (max-width: 991px) {.spacer-1065459014 {height: 500px !important;}}<\/style><style>@media (max-width: 480px) {.spacer-1065459014 {height: 350px !important;}}<\/style><div class=\"vc_empty_space spacer-1065459014\"   style=\"height: 700px\"><span class=\"vc_empty_space_inner\"><\/span><\/div><\/div><\/div><\/div><\/div><div class=\"vc_row wpb_row vc_row-fluid\"><div class=\"wpb_column vc_column_container vc_col-sm-12\"><div class=\"vc_column-inner\"><div class=\"wpb_wrapper\"><div class=\"vc_btn3-container vc_btn3-center vc_custom_1754918260665\" ><a style=\"background-color:#ad8366; color:#ffffff;\" class=\"vc_general vc_btn3 vc_btn3-size-lg vc_btn3-shape-square vc_btn3-style-custom vc_btn3-block vc_btn3-icon-left\" href=\"\" title=\"\"><i class=\"vc_btn3-icon fas fa-angle-double-down\"><\/i> Datenblatt herunterladen<\/a><\/div><\/div><\/div><\/div><\/div>\n<\/div>","protected":false},"excerpt":{"rendered":"<p><span class=\"OYPEnA text-decoration-none text-strikethrough-none\">Unser Signature-Ros\u00e9 in seiner schlanken Burgunderflasche, die Finesse und Eleganz verk\u00f6rpert.<\/span><\/p>","protected":false},"featured_media":3041,"comment_status":"open","ping_status":"closed","template":"","meta":{"_acf_changed":false,"om_disable_all_campaigns":false,"_monsterinsights_skip_tracking":false,"_monsterinsights_sitenote_active":false,"_monsterinsights_sitenote_note":"","_monsterinsights_sitenote_category":0},"product_brand":[],"product_cat":[15],"product_tag":[39,40,46],"class_list":{"0":"post-688","1":"product","2":"type-product","3":"status-publish","4":"has-post-thumbnail","6":"product_cat-vins-roses","7":"product_tag-cotes-de-provence","8":"product_tag-grenache","9":"product_tag-rolle","11":"first","12":"instock","13":"taxable","14":"shipping-taxable","15":"purchasable","16":"product-type-simple"},"group_of_quantity":0,"min_quantity":0,"max_quantity":"","exclude_order_quantity_value_rules":"no","exclude_category_quantity_rules":"no","combine_variations":"no","acf":[],"aioseo_notices":[],"_links":{"self":[{"href":"https:\/\/closcoquet.fr\/de\/wp-json\/wp\/v2\/product\/688","targetHints":{"allow":["GET"]}}],"collection":[{"href":"https:\/\/closcoquet.fr\/de\/wp-json\/wp\/v2\/product"}],"about":[{"href":"https:\/\/closcoquet.fr\/de\/wp-json\/wp\/v2\/types\/product"}],"replies":[{"embeddable":true,"href":"https:\/\/closcoquet.fr\/de\/wp-json\/wp\/v2\/comments?post=688"}],"wp:featuredmedia":[{"embeddable":true,"href":"https:\/\/closcoquet.fr\/de\/wp-json\/wp\/v2\/media\/3041"}],"wp:attachment":[{"href":"https:\/\/closcoquet.fr\/de\/wp-json\/wp\/v2\/media?parent=688"}],"wp:term":[{"taxonomy":"product_brand","embeddable":true,"href":"https:\/\/closcoquet.fr\/de\/wp-json\/wp\/v2\/product_brand?post=688"},{"taxonomy":"product_cat","embeddable":true,"href":"https:\/\/closcoquet.fr\/de\/wp-json\/wp\/v2\/product_cat?post=688"},{"taxonomy":"product_tag","embeddable":true,"href":"https:\/\/closcoquet.fr\/de\/wp-json\/wp\/v2\/product_tag?post=688"}],"curies":[{"name":"wp","href":"https:\/\/api.w.org\/{rel}","templated":true}]}}