{"id":2484,"date":"2023-02-20T22:56:59","date_gmt":"2023-02-20T22:56:59","guid":{"rendered":"http:\/\/localhost\/villenoir\/?page_id=2484"},"modified":"2024-11-04T10:46:54","modified_gmt":"2024-11-04T09:46:54","slug":"accueil","status":"publish","type":"page","link":"https:\/\/closcoquet.fr\/en\/","title":{"rendered":"Accueil"},"content":{"rendered":"<div class=\"wpb-content-wrapper\"><div class=\"vc_row wpb_row vc_row-fluid reverse_columns_mobile\"><div class=\"wpb_column vc_column_container vc_col-sm-8\"><div class=\"vc_column-inner  vc_custom_1713594181503 vc_custom_1713594181506\"><div class=\"wpb_wrapper\">\n\t<div class=\"title-subtitle-box  vc_custom_1713581507629 vc_custom_1713581507630 vc_custom_1713581507631 kd-animated fadeIn\" style=\" text-align: left;\">\n\t\t<h1 style=\" font-style: normal;\">La passion du vin et du cheval<br \/>\nr\u00e9unies par la famille Zunino<br \/>\nen Provence.<\/h1>\n\t<\/div> <\/div><\/div><\/div><div class=\"wpb_column vc_column_container vc_col-sm-4\"><div class=\"vc_column-inner\"><div class=\"wpb_wrapper\">\n\t<div  class=\"wpb_single_image wpb_content_element vc_align_left\">\n\t\t\n\t\t<figure class=\"wpb_wrapper vc_figure\">\n\t\t\t<div class=\"vc_single_image-wrapper   vc_box_border_grey\"><img loading=\"lazy\" decoding=\"async\" width=\"300\" height=\"202\" src=\"https:\/\/closcoquet.fr\/wp-content\/uploads\/2024\/04\/signature-baptiste-zuninno-300x202.png\" class=\"vc_single_image-img attachment-medium\" alt=\"signature baptiste zunino\" title=\"signature baptiste zunino\" srcset=\"https:\/\/closcoquet.fr\/wp-content\/uploads\/2024\/04\/signature-baptiste-zuninno-300x202.png 300w, https:\/\/closcoquet.fr\/wp-content\/uploads\/2024\/04\/signature-baptiste-zuninno.png 715w\" sizes=\"auto, (max-width: 300px) 100vw, 300px\" \/><\/div>\n\t\t<\/figure>\n\t<\/div>\n<\/div><\/div><\/div><\/div><div data-vc-full-width=\"true\" data-vc-full-width-init=\"false\" class=\"vc_row wpb_row vc_row-fluid vc_custom_1713594266387 vc_row-o-content-middle vc_row-flex\"><div class=\"wpb_column vc_column_container vc_col-sm-4\"><div class=\"vc_column-inner\"><div class=\"wpb_wrapper\">\n\t<div class=\"counter-holder media  \" style=\"text-align:left;   \">\n\t\t\t<div class=\"counter-content media-body\">\n\t\t\t\t<span style=\" font-size:60px;\" class=\"counter\" data-number=\"2018\" data-interval=\"100\" data-speed=\"1500\">2018<\/span>\n\t\t\t\t<p >Ann\u00e9e de cr\u00e9ation du domaine<\/p>\n\t\t\t<\/div>\n\t<\/div> <\/div><\/div><\/div><div class=\"wpb_column vc_column_container vc_col-sm-4\"><div class=\"vc_column-inner  vc_custom_1713593674159 vc_custom_1713593674161\"><div class=\"wpb_wrapper\">\n\t<div class=\"counter-holder media  \" style=\"text-align:left;   \">\n\t\t\t<div class=\"counter-content media-body\">\n\t\t\t\t<span style=\" font-size:60px;\" class=\"counter\" data-number=\"2023\" data-interval=\"100\" data-speed=\"1500\">2023<\/span>\n\t\t\t\t<p >certification agriculture biologique<\/p>\n\t\t\t<\/div>\n\t<\/div> <\/div><\/div><\/div><div class=\"wpb_column vc_column_container vc_col-sm-4\"><div class=\"vc_column-inner\"><div class=\"wpb_wrapper\">\n\t<div class=\"counter-holder media  \" style=\"text-align:left;   \">\n\t\t\t<div class=\"counter-content media-body\">\n\t\t\t\t<span style=\" font-size:60px;\" class=\"counter\" data-number=\"3\" data-interval=\"100\" data-speed=\"1500\">3<\/span>\n\t\t\t\t<p >chevaux pour le labour des vignes<\/p>\n\t\t\t<\/div>\n\t<\/div> <\/div><\/div><\/div><\/div><div class=\"vc_row-full-width vc_clearfix\"><\/div><div class=\"vc_row wpb_row vc_row-fluid\"><div class=\"wpb_column vc_column_container vc_col-sm-12\"><div class=\"vc_column-inner\"><div class=\"wpb_wrapper\">\n<div class=\"vc-zigzag-wrapper vc-zigzag-align-center\"><div class=\"vc-zigzag-inner\" style=\"width: 100%;min-height: 14px;background: 0 repeat-x url(&#039;data:image\/svg+xml;utf-8,%3C%3Fxml%20version%3D%221.0%22%20encoding%3D%22utf-8%22%3F%3E%3C%21DOCTYPE%20svg%20PUBLIC%20%22-%2F%2FW3C%2F%2FDTD%20SVG%201.1%2F%2FEN%22%20%22http%3A%2F%2Fwww.w3.org%2FGraphics%2FSVG%2F1.1%2FDTD%2Fsvg11.dtd%22%3E%3Csvg%20width%3D%2214px%22%20height%3D%2212px%22%20viewBox%3D%220%200%2018%2015%22%20version%3D%221.1%22%20xmlns%3D%22http%3A%2F%2Fwww.w3.org%2F2000%2Fsvg%22%20xmlns%3Axlink%3D%22http%3A%2F%2Fwww.w3.org%2F1999%2Fxlink%22%3E%3Cpolygon%20id%3D%22Combined-Shape%22%20fill%3D%22%23ebebeb%22%20points%3D%228.98762301%200%200%209.12771969%200%2014.519983%209%205.40479869%2018%2014.519983%2018%209.12771969%22%3E%3C%2Fpolygon%3E%3C%2Fsvg%3E&#039;);\"><\/div><\/div><\/div><\/div><\/div><\/div><div data-vc-full-width=\"true\" data-vc-full-width-init=\"false\" class=\"vc_row wpb_row vc_row-fluid vc_custom_1713594266387 vc_row-o-content-middle vc_row-flex\"><div class=\"wpb_column vc_column_container vc_col-sm-4\"><div class=\"vc_column-inner\"><div class=\"wpb_wrapper\">\n\t<div class=\"counter-holder media  \" style=\"text-align:left;   \">\n\t\t\t<div class=\"counter-content media-body\">\n\t\t\t\t<span style=\" font-size:60px;\" class=\"counter\" data-number=\"5\" data-interval=\"100\" data-speed=\"1500\">5<\/span>\n\t\t\t\t<p >cuv\u00e9es en blanc, rouge, ros\u00e9s<\/p>\n\t\t\t<\/div>\n\t<\/div> <\/div><\/div><\/div><div class=\"wpb_column vc_column_container vc_col-sm-4\"><div class=\"vc_column-inner  vc_custom_1713593674159 vc_custom_1713593674161\"><div class=\"wpb_wrapper\">\n\t<div class=\"counter-holder media  \" style=\"text-align:left;   \">\n\t\t\t<div class=\"counter-content media-body\">\n\t\t\t\t<span style=\" font-size:60px;\" class=\"counter\" data-number=\"2\" data-interval=\"100\" data-speed=\"1500\">2<\/span>\n\t\t\t\t<p >appellations : C\u00f4tes de Provence et Vin de France<\/p>\n\t\t\t<\/div>\n\t<\/div> <\/div><\/div><\/div><div class=\"wpb_column vc_column_container vc_col-sm-4\"><div class=\"vc_column-inner\"><div class=\"wpb_wrapper\">\n\t<div class=\"counter-holder media  \" style=\"text-align:left;   \">\n\t\t\t<div class=\"counter-content media-body\">\n\t\t\t\t<span style=\" font-size:60px;\" class=\"counter\" data-number=\"8\" data-interval=\"100\" data-speed=\"1500\">8<\/span>\n\t\t\t\t<p >hectares de vignes, dont la moiti\u00e9 de c\u00e9pages blancs<\/p>\n\t\t\t<\/div>\n\t<\/div> <\/div><\/div><\/div><\/div><div class=\"vc_row-full-width vc_clearfix\"><\/div><div class=\"vc_row wpb_row vc_row-fluid vc_custom_1677365943121\"><div class=\"wpb_column vc_column_container vc_col-sm-12\"><div class=\"vc_column-inner\"><div class=\"wpb_wrapper\">\n\t<blockquote style=\"color: #ffffff;\" class=\"gg-vc-quote style_1 vc_custom_1713638032289\">\n\tLa passion n\u2019exprime pas la fatigue\n\t<cite >Baptiste Zunino<\/cite>\n\t<\/blockquote>\n<div class=\"vc-zigzag-wrapper vc-zigzag-align-center\"><div class=\"vc-zigzag-inner\" style=\"width: 100%;min-height: 14px;background: 0 repeat-x url(&#039;data:image\/svg+xml;utf-8,%3C%3Fxml%20version%3D%221.0%22%20encoding%3D%22utf-8%22%3F%3E%3C%21DOCTYPE%20svg%20PUBLIC%20%22-%2F%2FW3C%2F%2FDTD%20SVG%201.1%2F%2FEN%22%20%22http%3A%2F%2Fwww.w3.org%2FGraphics%2FSVG%2F1.1%2FDTD%2Fsvg11.dtd%22%3E%3Csvg%20width%3D%2214px%22%20height%3D%2212px%22%20viewBox%3D%220%200%2018%2015%22%20version%3D%221.1%22%20xmlns%3D%22http%3A%2F%2Fwww.w3.org%2F2000%2Fsvg%22%20xmlns%3Axlink%3D%22http%3A%2F%2Fwww.w3.org%2F1999%2Fxlink%22%3E%3Cpolygon%20id%3D%22Combined-Shape%22%20fill%3D%22%23ebebeb%22%20points%3D%228.98762301%200%200%209.12771969%200%2014.519983%209%205.40479869%2018%2014.519983%2018%209.12771969%22%3E%3C%2Fpolygon%3E%3C%2Fsvg%3E&#039;);\"><\/div><\/div><\/div><\/div><\/div><\/div><div class=\"vc_row wpb_row vc_row-fluid vc_custom_1677365943121\"><div class=\"wpb_column vc_column_container vc_col-sm-12\"><div class=\"vc_column-inner\"><div class=\"wpb_wrapper\">\n\t<div class=\"title-subtitle-box \" style=\" text-align: left;\">\n\t\t<p  style=\"\">D\u00e9couvrez<\/p>\n\t\t<h2 style=\" font-style: normal;\">Nos vins<\/h2>\n\t<\/div> <\/div><\/div><\/div><\/div><div class=\"vc_row wpb_row vc_row-fluid vc_custom_1677366892447\"><div class=\"wpb_column vc_column_container vc_col-sm-12\"><div class=\"vc_column-inner\"><div class=\"wpb_wrapper\">\n\t<div class=\" woocommerce\">\n\t<div class=\"gg_products_grid gg-shop-style3\">\n\t<div class=\"clearfix\"><\/div><div  data-slick='{  \"slidesToShow\": 3,  \"arrows\": true,  \"dots\": true,  \"autoplay\": false,  \"infinite\": true,  \"slidesToScroll\": 1,  \"responsive\": [{\"breakpoint\": 800, \"settings\": {\"slidesToShow\": 2, \"slidesToScroll\": 1}}, {\"breakpoint\": 480, \"settings\": {\"slidesToShow\": 1, \"slidesToScroll\": 1}}]  }'  class=\"el-grid no_magnific products row gg-slick-carousel \" data-layout-mode=\"carousel\" data-pagination=\"none\">\n\t<div class=\" product  grid-cat-vins-rouges \">\n\t\r\n\r\n<figure class=\"gg-product-image-wrapper effect-zoe\">\r\n\t<img loading=\"lazy\" decoding=\"async\" width=\"840\" height=\"1335\" src=\"https:\/\/closcoquet.fr\/wp-content\/uploads\/2016\/03\/Coquet-rouge-syrah-cheval.jpg\" class=\"attachment-woocommerce_thumbnail size-woocommerce_thumbnail\" alt=\"Syrah cheval\" srcset=\"https:\/\/closcoquet.fr\/wp-content\/uploads\/2016\/03\/Coquet-rouge-syrah-cheval.jpg 840w, https:\/\/closcoquet.fr\/wp-content\/uploads\/2016\/03\/Coquet-rouge-syrah-cheval-189x300.jpg 189w, https:\/\/closcoquet.fr\/wp-content\/uploads\/2016\/03\/Coquet-rouge-syrah-cheval-644x1024.jpg 644w, https:\/\/closcoquet.fr\/wp-content\/uploads\/2016\/03\/Coquet-rouge-syrah-cheval-768x1221.jpg 768w\" sizes=\"auto, (max-width: 840px) 100vw, 840px\" \/>\t<figcaption class=\"product-image-overlay\">\r\n\t\t<span class=\"product-overlay-meta\">\r\n\r\n\t\t\t\t\t\t\t<span class=\"year\">2022<\/span>\r\n\t\t\t\t\t\t<a href=\"https:\/\/closcoquet.fr\/en\/product\/syrah-cheval\/\" class=\"woocommerce-LoopProduct-link woocommerce-loop-product__link\"><\/a>\r\n\t\t\t\r\n\t\t\t<h2 class=\"woocommerce-loop-product__title\">Syrah cheval<\/h2>           \r\n\t\t\t\r\n\t\t\t\t\t\t    \r\n\t\t\t\t<span class=\"price\"><span class=\"woocommerce-Price-amount amount\"><bdi>29,90&nbsp;<span class=\"woocommerce-Price-currencySymbol\">&euro;<\/span><\/bdi><\/span><\/span>\r\n\t\t\t\t\t\t\t\t\t\r\n        \t<a href=\"\/en\/wp-json\/wp\/v2\/pages\/2484?add-to-cart=2644\" data-quantity=\"1\" class=\"button\" >Add to basket<\/a>\t\t<\/span>\r\n\t<\/figcaption>\r\n<\/figure>\n\t<\/div>\n\t<div class=\" product  grid-cat-vins-rouges \">\n\t\r\n\r\n<figure class=\"gg-product-image-wrapper effect-zoe\">\r\n\t<img loading=\"lazy\" decoding=\"async\" width=\"840\" height=\"1335\" src=\"https:\/\/closcoquet.fr\/wp-content\/uploads\/2016\/03\/Clos-Coquet-rouge.jpg\" class=\"attachment-woocommerce_thumbnail size-woocommerce_thumbnail\" alt=\"Clos Coquet rouge\" srcset=\"https:\/\/closcoquet.fr\/wp-content\/uploads\/2016\/03\/Clos-Coquet-rouge.jpg 840w, https:\/\/closcoquet.fr\/wp-content\/uploads\/2016\/03\/Clos-Coquet-rouge-189x300.jpg 189w, https:\/\/closcoquet.fr\/wp-content\/uploads\/2016\/03\/Clos-Coquet-rouge-644x1024.jpg 644w, https:\/\/closcoquet.fr\/wp-content\/uploads\/2016\/03\/Clos-Coquet-rouge-768x1221.jpg 768w\" sizes=\"auto, (max-width: 840px) 100vw, 840px\" \/>\t<figcaption class=\"product-image-overlay\">\r\n\t\t<span class=\"product-overlay-meta\">\r\n\r\n\t\t\t\t\t\t\t<span class=\"year\">2023<\/span>\r\n\t\t\t\t\t\t<a href=\"https:\/\/closcoquet.fr\/en\/product\/clos-coquet-rouge\/\" class=\"woocommerce-LoopProduct-link woocommerce-loop-product__link\"><\/a>\r\n\t\t\t\r\n\t\t\t<h2 class=\"woocommerce-loop-product__title\">Clos Coquet rouge<\/h2>           \r\n\t\t\t\r\n\t\t\t\t\t\t    \r\n\t\t\t\t<span class=\"price\"><span class=\"woocommerce-Price-amount amount\"><bdi>18,90&nbsp;<span class=\"woocommerce-Price-currencySymbol\">&euro;<\/span><\/bdi><\/span><\/span>\r\n\t\t\t\t\t\t\t\t\t\r\n        \t<a href=\"\/en\/wp-json\/wp\/v2\/pages\/2484?add-to-cart=2641\" data-quantity=\"1\" class=\"button\" >Add to basket<\/a>\t\t<\/span>\r\n\t<\/figcaption>\r\n<\/figure>\n\t<\/div>\n\t<div class=\" product  grid-cat-vins-blancs \">\n\t\r\n\r\n<figure class=\"gg-product-image-wrapper effect-zoe\">\r\n\t<img loading=\"lazy\" decoding=\"async\" width=\"840\" height=\"1335\" src=\"https:\/\/closcoquet.fr\/wp-content\/uploads\/2016\/03\/Clos-coquet-chardonnay.jpg\" class=\"attachment-woocommerce_thumbnail size-woocommerce_thumbnail\" alt=\"Clos Coquet Chardonnay\" srcset=\"https:\/\/closcoquet.fr\/wp-content\/uploads\/2016\/03\/Clos-coquet-chardonnay.jpg 840w, https:\/\/closcoquet.fr\/wp-content\/uploads\/2016\/03\/Clos-coquet-chardonnay-189x300.jpg 189w, https:\/\/closcoquet.fr\/wp-content\/uploads\/2016\/03\/Clos-coquet-chardonnay-644x1024.jpg 644w, https:\/\/closcoquet.fr\/wp-content\/uploads\/2016\/03\/Clos-coquet-chardonnay-768x1221.jpg 768w\" sizes=\"auto, (max-width: 840px) 100vw, 840px\" \/>\t<figcaption class=\"product-image-overlay\">\r\n\t\t<span class=\"product-overlay-meta\">\r\n\r\n\t\t\t\t\t\t\t<span class=\"year\">2023<\/span>\r\n\t\t\t\t\t\t<a href=\"https:\/\/closcoquet.fr\/en\/product\/clos-coquet-chardonnay\/\" class=\"woocommerce-LoopProduct-link woocommerce-loop-product__link\"><\/a>\r\n\t\t\t\r\n\t\t\t<h2 class=\"woocommerce-loop-product__title\">Chardonnay<\/h2>           \r\n\t\t\t\r\n\t\t\t\t\t\t    \r\n\t\t\t\t<span class=\"price\"><span class=\"woocommerce-Price-amount amount\"><bdi>35,90&nbsp;<span class=\"woocommerce-Price-currencySymbol\">&euro;<\/span><\/bdi><\/span><\/span>\r\n\t\t\t\t\t\t\t\t\t\r\n        \t<a href=\"\/en\/wp-json\/wp\/v2\/pages\/2484?add-to-cart=2639\" data-quantity=\"1\" class=\"button\" >Add to basket<\/a>\t\t<\/span>\r\n\t<\/figcaption>\r\n<\/figure>\n\t<\/div>\n\t<div class=\" product  grid-cat-vins-blancs \">\n\t\r\n\r\n<figure class=\"gg-product-image-wrapper effect-zoe\">\r\n\t<img loading=\"lazy\" decoding=\"async\" width=\"840\" height=\"1335\" src=\"https:\/\/closcoquet.fr\/wp-content\/uploads\/2016\/03\/Clos-coquet-blanc.jpg\" class=\"attachment-woocommerce_thumbnail size-woocommerce_thumbnail\" alt=\"bouteille de clos coquet blanc\" srcset=\"https:\/\/closcoquet.fr\/wp-content\/uploads\/2016\/03\/Clos-coquet-blanc.jpg 840w, https:\/\/closcoquet.fr\/wp-content\/uploads\/2016\/03\/Clos-coquet-blanc-189x300.jpg 189w, https:\/\/closcoquet.fr\/wp-content\/uploads\/2016\/03\/Clos-coquet-blanc-644x1024.jpg 644w, https:\/\/closcoquet.fr\/wp-content\/uploads\/2016\/03\/Clos-coquet-blanc-768x1221.jpg 768w\" sizes=\"auto, (max-width: 840px) 100vw, 840px\" \/>\t<figcaption class=\"product-image-overlay\">\r\n\t\t<span class=\"product-overlay-meta\">\r\n\r\n\t\t\t\t\t\t\t<span class=\"year\">2023<\/span>\r\n\t\t\t\t\t\t<a href=\"https:\/\/closcoquet.fr\/en\/product\/clos-coquet-blanc\/\" class=\"woocommerce-LoopProduct-link woocommerce-loop-product__link\"><\/a>\r\n\t\t\t\r\n\t\t\t<h2 class=\"woocommerce-loop-product__title\">Clos Coquet Blanc<\/h2>           \r\n\t\t\t\r\n\t\t\t\t\t\t    \r\n\t\t\t\t<span class=\"price\"><span class=\"woocommerce-Price-amount amount\"><bdi>18,90&nbsp;<span class=\"woocommerce-Price-currencySymbol\">&euro;<\/span><\/bdi><\/span><\/span>\r\n\t\t\t\t\t\t\t\t\t\r\n        \t<a href=\"\/en\/wp-json\/wp\/v2\/pages\/2484?add-to-cart=2634\" data-quantity=\"1\" class=\"button\" >Add to basket<\/a>\t\t<\/span>\r\n\t<\/figcaption>\r\n<\/figure>\n\t<\/div>\n\t<div class=\" product  grid-cat-vins-roses \">\n\t\r\n\r\n<figure class=\"gg-product-image-wrapper effect-zoe\">\r\n\t<img loading=\"lazy\" decoding=\"async\" width=\"900\" height=\"1600\" src=\"https:\/\/closcoquet.fr\/wp-content\/uploads\/2016\/03\/Rose-2024-Photoroom1-1.jpg\" class=\"attachment-woocommerce_thumbnail size-woocommerce_thumbnail\" alt=\"Ros\u00e9 Baptiste Zunino\" srcset=\"https:\/\/closcoquet.fr\/wp-content\/uploads\/2016\/03\/Rose-2024-Photoroom1-1.jpg 900w, https:\/\/closcoquet.fr\/wp-content\/uploads\/2016\/03\/Rose-2024-Photoroom1-1-169x300.jpg 169w, https:\/\/closcoquet.fr\/wp-content\/uploads\/2016\/03\/Rose-2024-Photoroom1-1-576x1024.jpg 576w, https:\/\/closcoquet.fr\/wp-content\/uploads\/2016\/03\/Rose-2024-Photoroom1-1-768x1365.jpg 768w, https:\/\/closcoquet.fr\/wp-content\/uploads\/2016\/03\/Rose-2024-Photoroom1-1-864x1536.jpg 864w, https:\/\/closcoquet.fr\/wp-content\/uploads\/2016\/03\/Rose-2024-Photoroom1-1-7x12.jpg 7w\" sizes=\"auto, (max-width: 900px) 100vw, 900px\" \/>\t<figcaption class=\"product-image-overlay\">\r\n\t\t<span class=\"product-overlay-meta\">\r\n\r\n\t\t\t\t\t\t\t<span class=\"year\">2024<\/span>\r\n\t\t\t\t\t\t<a href=\"https:\/\/closcoquet.fr\/en\/product\/rose-baptiste-zunino\/\" class=\"woocommerce-LoopProduct-link woocommerce-loop-product__link\"><\/a>\r\n\t\t\t\r\n\t\t\t<h2 class=\"woocommerce-loop-product__title\">Ros\u00e9 Baptiste Zunino<\/h2>           \r\n\t\t\t\r\n\t\t\t\t\t\t    \r\n\t\t\t\t<span class=\"price\"><span class=\"woocommerce-Price-amount amount\"><bdi>10,90&nbsp;<span class=\"woocommerce-Price-currencySymbol\">&euro;<\/span><\/bdi><\/span><\/span>\r\n\t\t\t\t\t\t\t\t\t\r\n        \t<a href=\"\/en\/wp-json\/wp\/v2\/pages\/2484?add-to-cart=688\" data-quantity=\"1\" class=\"button\" >Add to basket<\/a>\t\t<\/span>\r\n\t<\/figcaption>\r\n<\/figure>\n\t<\/div>\n\t<\/div>\n\t<\/div>\n\t<\/div><div class=\"vc_btn3-container vc_btn3-right\" ><a class=\"vc_general vc_btn3 vc_btn3-size-md vc_btn3-shape-square vc_btn3-style-flat vc_btn3-color-black\" href=\"https:\/\/closcoquet.fr\/nos-vins\" title=\"Nos vins\">D\u00e9couvrez tous nos vins<\/a><\/div><\/div><\/div><\/div><\/div><div data-vc-full-width=\"true\" data-vc-full-width-init=\"false\" class=\"vc_row wpb_row vc_row-fluid vc_custom_1680873349679 vc_row-has-fill\"><div class=\"wpb_column vc_column_container vc_col-sm-12\"><div class=\"vc_column-inner\"><div class=\"wpb_wrapper\"><div class=\"vc_row wpb_row vc_inner vc_row-fluid vc_custom_1677059858248\"><div class=\"wpb_column vc_column_container vc_col-sm-6\"><div class=\"vc_column-inner\"><div class=\"wpb_wrapper\">\n\t<div class=\"featured-image-box  text-align-center vc_custom_1713595197443\">\n\t\t<figure class=\" sadie default\">\n\t\t\t<a href=\"https:\/\/closcoquet.fr\/une-histoire-de-famille\/\" title=\"Une histoire de famille\" target=\"_self\"> <img decoding=\"async\" class=\"wp-post-image default\" src=\"https:\/\/closcoquet.fr\/wp-content\/uploads\/2024\/04\/pepe-Louis-avec-ARpin-et-Coquet-blackwhite.jpg\" alt=\"\" \/> <\/a>\n\t\t<figcaption>\n\t\t\t<a href=\"https:\/\/closcoquet.fr\/une-histoire-de-famille\/\" title=\"Une histoire de famille\" target=\"_self\"><\/a>\n\t\t\t<span class=\"villenoir-icon icon-next-article-arrow\">\r\n\t\t\t<svg version=\"1.1\" width=\"54\" height=\"6\" xmlns=\"http:\/\/www.w3.org\/2000\/svg\" xmlns:xlink=\"http:\/\/www.w3.org\/1999\/xlink\" x=\"0px\" y=\"0px\" viewBox=\"0 0 54.7 6\" style=\"enable-background:new 0 0 54.7 6;\" xml:space=\"preserve\">\r\n\t\t\t<polygon points=\"0,3.5 50.6,3.5 50.6,6 54.7,3 50.6,0 50.6,2.5 0,2.5 \"><\/polygon>\r\n\t\t\t<\/svg><\/span>\n\t\t\t<span class=\"toptitle\">D\u00e9couvrez...<\/span>\n\t\t\t<h4>Notre histoire<\/h4>\n\t\t<\/figcaption>\n\t\t<\/figure>\n\t<\/div> <\/div><\/div><\/div><div class=\"wpb_column vc_column_container vc_col-sm-6\"><div class=\"vc_column-inner\"><div class=\"wpb_wrapper\">\n\t<div class=\"featured-image-box  text-align-center vc_custom_1718184254122\">\n\t\t<figure class=\" sadie default\">\n\t\t\t<a href=\"https:\/\/closcoquet.fr\/nos-chevaux\/\" title=\"Nos chevaux\" target=\"_self\"> <img decoding=\"async\" class=\"wp-post-image default\" src=\"https:\/\/closcoquet.fr\/wp-content\/uploads\/2024\/06\/dino-1-blackwhite.jpg\" alt=\"\" \/> <\/a>\n\t\t<figcaption>\n\t\t\t<a href=\"https:\/\/closcoquet.fr\/nos-chevaux\/\" title=\"Nos chevaux\" target=\"_self\"><\/a>\n\t\t\t<span class=\"villenoir-icon icon-next-article-arrow\">\r\n\t\t\t<svg version=\"1.1\" width=\"54\" height=\"6\" xmlns=\"http:\/\/www.w3.org\/2000\/svg\" xmlns:xlink=\"http:\/\/www.w3.org\/1999\/xlink\" x=\"0px\" y=\"0px\" viewBox=\"0 0 54.7 6\" style=\"enable-background:new 0 0 54.7 6;\" xml:space=\"preserve\">\r\n\t\t\t<polygon points=\"0,3.5 50.6,3.5 50.6,6 54.7,3 50.6,0 50.6,2.5 0,2.5 \"><\/polygon>\r\n\t\t\t<\/svg><\/span>\n\t\t\t<span class=\"toptitle\">D\u00e9couvrez...<\/span>\n\t\t\t<h4>Nos chevaux<\/h4>\n\t\t<\/figcaption>\n\t\t<\/figure>\n\t<\/div> <\/div><\/div><\/div><\/div><div class=\"vc_row wpb_row vc_inner vc_row-fluid\"><div class=\"wpb_column vc_column_container vc_col-sm-6\"><div class=\"vc_column-inner\"><div class=\"wpb_wrapper\">\n\t<div class=\"featured-image-box  text-align-center vc_custom_1713595247255\">\n\t\t<figure class=\" sadie default\">\n\t\t\t<a href=\"https:\/\/closcoquet.fr\/le-vignoble\/\" title=\"Le vignoble\" target=\"_self\"> <img decoding=\"async\" class=\"wp-post-image default\" src=\"https:\/\/closcoquet.fr\/wp-content\/uploads\/2024\/04\/vignes-avec-coquelicots-blackwhite.jpg\" alt=\"vigne clos coquet\" \/> <\/a>\n\t\t<figcaption>\n\t\t\t<a href=\"https:\/\/closcoquet.fr\/le-vignoble\/\" title=\"Le vignoble\" target=\"_self\"><\/a>\n\t\t\t<span class=\"villenoir-icon icon-next-article-arrow\">\r\n\t\t\t<svg version=\"1.1\" width=\"54\" height=\"6\" xmlns=\"http:\/\/www.w3.org\/2000\/svg\" xmlns:xlink=\"http:\/\/www.w3.org\/1999\/xlink\" x=\"0px\" y=\"0px\" viewBox=\"0 0 54.7 6\" style=\"enable-background:new 0 0 54.7 6;\" xml:space=\"preserve\">\r\n\t\t\t<polygon points=\"0,3.5 50.6,3.5 50.6,6 54.7,3 50.6,0 50.6,2.5 0,2.5 \"><\/polygon>\r\n\t\t\t<\/svg><\/span>\n\t\t\t<span class=\"toptitle\">D\u00e9couvrez...<\/span>\n\t\t\t<h4>Le vignoble<\/h4>\n\t\t<\/figcaption>\n\t\t<\/figure>\n\t<\/div> <\/div><\/div><\/div><div class=\"wpb_column vc_column_container vc_col-sm-6\"><div class=\"vc_column-inner\"><div class=\"wpb_wrapper\">\n\t<div class=\"featured-image-box  text-align-center vc_custom_1713595160564\">\n\t\t<figure class=\" sadie default\">\n\t\t\t<a href=\"https:\/\/closcoquet.fr\/contact\/\" title=\"Contact\" target=\"_self\"> <img decoding=\"async\" class=\"wp-post-image default\" src=\"https:\/\/closcoquet.fr\/wp-content\/uploads\/2024\/04\/contact-blackwhite.jpg\" alt=\"\" \/> <\/a>\n\t\t<figcaption>\n\t\t\t<a href=\"https:\/\/closcoquet.fr\/contact\/\" title=\"Contact\" target=\"_self\"><\/a>\n\t\t\t<span class=\"villenoir-icon icon-next-article-arrow\">\r\n\t\t\t<svg version=\"1.1\" width=\"54\" height=\"6\" xmlns=\"http:\/\/www.w3.org\/2000\/svg\" xmlns:xlink=\"http:\/\/www.w3.org\/1999\/xlink\" x=\"0px\" y=\"0px\" viewBox=\"0 0 54.7 6\" style=\"enable-background:new 0 0 54.7 6;\" xml:space=\"preserve\">\r\n\t\t\t<polygon points=\"0,3.5 50.6,3.5 50.6,6 54.7,3 50.6,0 50.6,2.5 0,2.5 \"><\/polygon>\r\n\t\t\t<\/svg><\/span>\n\t\t\t<span class=\"toptitle\">Contactez-nous<\/span>\n\t\t\t<h4>Nos coodonn\u00e9es<\/h4>\n\t\t<\/figcaption>\n\t\t<\/figure>\n\t<\/div> <\/div><\/div><\/div><\/div><\/div><\/div><\/div><\/div><div class=\"vc_row-full-width vc_clearfix\"><\/div>\n<\/div>","protected":false},"excerpt":{"rendered":"Terroir Vignes \u00e0 200m d\u2019altitude sur un plateau d'orthogneiss, ce qui offre un sol bien drain\u00e9 et min\u00e9ral, favorable \u00e0 la production de vins de tr\u00e8s grande qualit\u00e9. Viticulture Les vignes de Grenache ont 20 ans, les rolle et les syrah 4 ans et ont \u00e9t\u00e9 plant\u00e9s par Baptiste. Travail du sol effectu\u00e9 avec nos<br class=\"read-more-spacer\"> <a class=\"more-link\" href=\"https:\/\/closcoquet.fr\/en\/product\/rose-baptiste-zunino\/\">Read More<\/a>","protected":false},"author":1,"featured_media":0,"parent":0,"menu_order":0,"comment_status":"closed","ping_status":"closed","template":"","meta":{"_acf_changed":false,"om_disable_all_campaigns":false,"_monsterinsights_skip_tracking":false,"_monsterinsights_sitenote_active":false,"_monsterinsights_sitenote_note":"","_monsterinsights_sitenote_category":0,"footnotes":""},"class_list":["post-2484","page","type-page","status-publish","hentry"],"acf":[],"aioseo_notices":[],"_links":{"self":[{"href":"https:\/\/closcoquet.fr\/en\/wp-json\/wp\/v2\/pages\/2484","targetHints":{"allow":["GET"]}}],"collection":[{"href":"https:\/\/closcoquet.fr\/en\/wp-json\/wp\/v2\/pages"}],"about":[{"href":"https:\/\/closcoquet.fr\/en\/wp-json\/wp\/v2\/types\/page"}],"author":[{"embeddable":true,"href":"https:\/\/closcoquet.fr\/en\/wp-json\/wp\/v2\/users\/1"}],"replies":[{"embeddable":true,"href":"https:\/\/closcoquet.fr\/en\/wp-json\/wp\/v2\/comments?post=2484"}],"version-history":[{"count":24,"href":"https:\/\/closcoquet.fr\/en\/wp-json\/wp\/v2\/pages\/2484\/revisions"}],"predecessor-version":[{"id":3017,"href":"https:\/\/closcoquet.fr\/en\/wp-json\/wp\/v2\/pages\/2484\/revisions\/3017"}],"wp:attachment":[{"href":"https:\/\/closcoquet.fr\/en\/wp-json\/wp\/v2\/media?parent=2484"}],"curies":[{"name":"wp","href":"https:\/\/api.w.org\/{rel}","templated":true}]}}