{"id":341,"date":"2016-03-15T14:31:38","date_gmt":"2016-03-15T14:31:38","guid":{"rendered":"http:\/\/okthemes.com\/villenoirdemonew\/?page_id=341"},"modified":"2024-04-20T18:47:13","modified_gmt":"2024-04-20T16:47:13","slug":"une-histoire-de-famille","status":"publish","type":"page","link":"https:\/\/closcoquet.fr\/en\/une-histoire-de-famille\/","title":{"rendered":"A family story"},"content":{"rendered":"<div class=\"wpb-content-wrapper\"><div data-vc-full-width=\"true\" data-vc-full-width-init=\"false\" class=\"vc_row wpb_row vc_row-fluid vc_custom_1460974692501 vc_row-has-fill\"><div class=\"wpb_column vc_column_container vc_col-sm-12\"><div class=\"vc_column-inner\"><div class=\"wpb_wrapper\">\n\t<div class=\"title-subtitle-box  vc_custom_1713630693507 vc_custom_1713630693508 vc_custom_1713630693508\" style=\" margin-bottom:90px; text-align: left;\">\n\t\t<p  style=\"\">Clos Coquet<\/p>\n\t\t<h1 style=\" font-style: normal;\">Our visual timeline<\/h1>\n\t<\/div> <section id=\"cd-timeline\" class=\"cd-container horizontal\">\n\t<div class=\"cd-timeline-block\">\n\t\t<div class=\"cd-timeline-img cd-picture kd-animated\">\n\t\t<img decoding=\"async\" src=\"https:\/\/closcoquet.fr\/wp-content\/themes\/villenoir\/images\/cd-icon-location.svg\" alt=\"Location\">\n\t\t<\/div>\n\t\t<div class=\"cd-timeline-content kd-animated\">\n\t\t <img decoding=\"async\" class=\"wp-post-image\" src=\"https:\/\/closcoquet.fr\/wp-content\/uploads\/2024\/04\/pepe-Louis-avec-ARpin-et-Coquet.jpg\" alt=\"p\u00e9p\u00e9 Louis avec ARpin et Coquet\" \/> \n\t\t<div class=\"cd-timeline-content-wrapper\">\n\t\t<p class=\"cd-title\">Grandpa Louis<\/p>\n\t\t<p>Grandpa Louis works the farm with his draft horses, Arpin and Coquet. These will be requisitioned during the Second World War.<\/p>\n\t\t<h4 class=\"cd-date\">1930<\/h4>\n\t\t<\/div>\n\t\t<\/div>\n\t<\/div>\n\t<div class=\"cd-timeline-block\">\n\t\t<div class=\"cd-timeline-img cd-picture kd-animated\">\n\t\t<img decoding=\"async\" src=\"https:\/\/closcoquet.fr\/wp-content\/themes\/villenoir\/images\/cd-icon-location.svg\" alt=\"Location\">\n\t\t<\/div>\n\t\t<div class=\"cd-timeline-content kd-animated\">\n\t\t <img decoding=\"async\" class=\"wp-post-image\" src=\"https:\/\/closcoquet.fr\/wp-content\/uploads\/2024\/04\/20240306114214_IMG_8721-scaled.jpg\" alt=\"\" \/> \n\t\t<div class=\"cd-timeline-content-wrapper\">\n\t\t<p class=\"cd-title\">Foundation of the estate<\/p>\n\t\t<p>Christophe establishes the estate with the intention of involving his children and leaving them a beautiful heritage over time.<\/p>\n\t\t<h4 class=\"cd-date\">2018<\/h4>\n\t\t<\/div>\n\t\t<\/div>\n\t<\/div>\n\t<div class=\"cd-timeline-block\">\n\t\t<div class=\"cd-timeline-img cd-picture kd-animated\">\n\t\t<img decoding=\"async\" src=\"https:\/\/closcoquet.fr\/wp-content\/themes\/villenoir\/images\/cd-icon-location.svg\" alt=\"Location\">\n\t\t<\/div>\n\t\t<div class=\"cd-timeline-content kd-animated\">\n\t\t <img decoding=\"async\" class=\"wp-post-image\" src=\"https:\/\/closcoquet.fr\/wp-content\/uploads\/2024\/04\/coccinelle-vignes-scaled.jpg\" alt=\"\" \/> \n\t\t<div class=\"cd-timeline-content-wrapper\">\n\t\t<p class=\"cd-title\">EU Organic Certification<\/p>\n\t\t<p>Baptiste obtains certification as early as 2023, with the goal of going even further with biodynamics.<\/p>\n\t\t<h4 class=\"cd-date\">2023<\/h4>\n\t\t<\/div>\n\t\t<\/div>\n\t<\/div>\n\t<div class=\"cd-timeline-block\">\n\t\t<div class=\"cd-timeline-img cd-picture kd-animated\">\n\t\t<img decoding=\"async\" src=\"https:\/\/closcoquet.fr\/wp-content\/themes\/villenoir\/images\/cd-icon-location.svg\" alt=\"Location\">\n\t\t<\/div>\n\t\t<div class=\"cd-timeline-content kd-animated\">\n\t\t <img decoding=\"async\" class=\"wp-post-image\" src=\"https:\/\/closcoquet.fr\/wp-content\/uploads\/2024\/04\/caveau-1-scaled.jpg\" alt=\"\" \/> \n\t\t<div class=\"cd-timeline-content-wrapper\">\n\t\t<p class=\"cd-title\">Opening of the tasting room<\/p>\n\t\t<p>Opening of the tasting room under the responsibility of Camille.<\/p>\n\t\t<h4 class=\"cd-date\">2024<\/h4>\n\t\t<\/div>\n\t\t<\/div>\n\t<\/div><\/section><\/div><\/div><\/div><\/div><div class=\"vc_row-full-width vc_clearfix\"><\/div><div data-vc-full-width=\"true\" data-vc-full-width-init=\"false\" class=\"vc_row wpb_row vc_row-fluid gg-force-background-bottom-no-cover vc_custom_1713631378623 vc_row-has-fill\"><div class=\"wpb_column vc_column_container vc_col-sm-4\"><div class=\"vc_column-inner\"><div class=\"wpb_wrapper\"><\/div><\/div><\/div><div class=\"wpb_column vc_column_container vc_col-sm-4\"><div class=\"vc_column-inner  vc_custom_1458310150528\"><div class=\"wpb_wrapper\">\n\t<div class=\"title-subtitle-box\" style=\" text-align: left;\">\n\t\t<p  style=\"\">History<\/p>\n\t<\/div> \n\t<div class=\"wpb_text_column wpb_content_element\" >\n\t\t<div class=\"wpb_wrapper\">\n\t\t\t<p><span class=\"OYPEnA text-decoration-none text-strikethrough-none\">The history of the estate dates back to <\/span><span class=\"OYPEnA text-decoration-none text-strikethrough-none\">Grandpa Louis Victor Alibert <\/span><span class=\"OYPEnA text-decoration-none text-strikethrough-none\">who lived in the region at the Saint Jaumes hamlet. This family place witnessed the birth of all family members, including Christophe.\u00a0<\/span><\/p>\n\n\t\t<\/div>\n\t<\/div>\n<\/div><\/div><\/div><div class=\"wpb_column vc_column_container vc_col-sm-4\"><div class=\"vc_column-inner\"><div class=\"wpb_wrapper\">\n\t<div class=\"title-subtitle-box\" style=\" text-align: left;\">\n\t\t<p  style=\"\">The name \"Clos Coquet\"<\/p>\n\t<\/div> \n\t<div class=\"wpb_text_column wpb_content_element\" >\n\t\t<div class=\"wpb_wrapper\">\n\t\t\t<p><span class=\"OYPEnA text-decoration-none text-strikethrough-none\">Louis Victor owned horses that he used mainly for work in the vineyards and to pull his cart (called \u201cchareton\u201d). However, during the war period, his horses were requisitioned by the armed forces. In the adjacent photo, we see Grandpa Louis with his faithful work animals, Arpin and Coquet. It is from the latter that the name of the estate \u201c<\/span><span class=\"OYPEnA text-decoration-none text-strikethrough-none\">Clos Coquet<\/span><span class=\"OYPEnA text-decoration-none text-strikethrough-none\">\u201d.<\/span><\/p>\n\n\t\t<\/div>\n\t<\/div>\n<\/div><\/div><\/div><\/div><div class=\"vc_row-full-width vc_clearfix\"><\/div><div data-vc-full-width=\"true\" data-vc-full-width-init=\"false\" class=\"vc_row wpb_row vc_row-fluid gg-force-background-bottom vc_custom_1459442923303 vc_row-has-fill\"><div class=\"wpb_column vc_column_container vc_col-sm-6\"><div class=\"vc_column-inner\"><div class=\"wpb_wrapper\">\n\t<div class=\"wpb_text_column wpb_content_element\" >\n\t\t<div class=\"wpb_wrapper\">\n\t\t\t<h2><span class=\"OYPEnA text-decoration-none text-strikethrough-none\">Christophe's dream<\/span><\/h2>\n<p><span class=\"OYPEnA text-decoration-none text-strikethrough-none\">After a successful career in the <\/span><span class=\"OYPEnA text-decoration-none text-strikethrough-none\">design and supply of high-end bottles for major ros\u00e9 producers in Provence<\/span><span class=\"OYPEnA text-decoration-none text-strikethrough-none\">Christophe decided to return to his roots and create his own vineyard with his son Baptiste. The latter, a graduate of a BTS viticulture-enology program, takes care of the vines with great care and dedication, which is already reflected in the quality of the <\/span><span class=\"OYPEnA text-decoration-none text-strikethrough-none\">first vinifications in 2022<\/span><span class=\"OYPEnA text-decoration-none text-strikethrough-none\">,promising and praised for their excellence.<\/span><\/p>\n<h2>Camille joins the adventure in 2024<\/h2>\n<p><span class=\"OYPEnA text-decoration-none text-strikethrough-none\"> In 2024, his sister Camille joins the family venture to take charge of the sales cellar, bringing her passion and dynamism to the team. Lydia, their mother, efficiently manages all the administrative aspects of the estate. <\/span><\/p>\n<p><span class=\"OYPEnA text-decoration-none text-strikethrough-none\">Le Clos Coquet is more than a vineyard; it is a family project rooted in the land of their ancestors, symbolizing the union and strength of a family united by a common passion for wine and their native Provence.<\/span><\/p>\n\n\t\t<\/div>\n\t<\/div>\n<\/div><\/div><\/div><div class=\"wpb_column vc_column_container vc_col-sm-6\"><div class=\"vc_column-inner\"><div class=\"wpb_wrapper\">\n\t<div class=\"title-subtitle-box  vc_custom_1713631601168 vc_custom_1713631601169 vc_custom_1713631601169\" style=\" padding: 90px 0 0 0px; text-align: center;\">\n\t\t<p  style=\" color:#ad8366; \">Camille Zunino<\/p>\n\t\t<h1 style=\" font-style: normal;\">It's dad's second life<\/h1>\n\t<\/div> <\/div><\/div><\/div><\/div><div class=\"vc_row-full-width vc_clearfix\"><\/div>\n<\/div>","protected":false},"excerpt":{"rendered":"Clos Coquet Retour dans le temps P\u00e9p\u00e9 Louis P\u00e9p\u00e9 Louis travaille la ferme avec ses chevaux de trait, Arpin et coquet. Ces derniers seront r\u00e9quisitionn\u00e9s pendant la deuxi\u00e8me guerre mondiale. 1930 Cr\u00e9ation du domaine Christophe cr\u00e9\u00e9e le domaine avec la volont\u00e9 d'y impliquer ses enfants et de leur laisser un beau patrimoine sur la dur\u00e9e.<br class=\"read-more-spacer\"> <a class=\"more-link\" href=\"https:\/\/closcoquet.fr\/en\/une-histoire-de-famille\/\">Read More<\/a>","protected":false},"author":1,"featured_media":2616,"parent":0,"menu_order":0,"comment_status":"closed","ping_status":"closed","template":"","meta":{"_acf_changed":false,"om_disable_all_campaigns":false,"_monsterinsights_skip_tracking":false,"_monsterinsights_sitenote_active":false,"_monsterinsights_sitenote_note":"","_monsterinsights_sitenote_category":0,"footnotes":""},"class_list":["post-341","page","type-page","status-publish","has-post-thumbnail","hentry"],"acf":[],"aioseo_notices":[],"_links":{"self":[{"href":"https:\/\/closcoquet.fr\/en\/wp-json\/wp\/v2\/pages\/341","targetHints":{"allow":["GET"]}}],"collection":[{"href":"https:\/\/closcoquet.fr\/en\/wp-json\/wp\/v2\/pages"}],"about":[{"href":"https:\/\/closcoquet.fr\/en\/wp-json\/wp\/v2\/types\/page"}],"author":[{"embeddable":true,"href":"https:\/\/closcoquet.fr\/en\/wp-json\/wp\/v2\/users\/1"}],"replies":[{"embeddable":true,"href":"https:\/\/closcoquet.fr\/en\/wp-json\/wp\/v2\/comments?post=341"}],"version-history":[{"count":15,"href":"https:\/\/closcoquet.fr\/en\/wp-json\/wp\/v2\/pages\/341\/revisions"}],"predecessor-version":[{"id":3053,"href":"https:\/\/closcoquet.fr\/en\/wp-json\/wp\/v2\/pages\/341\/revisions\/3053"}],"wp:featuredmedia":[{"embeddable":true,"href":"https:\/\/closcoquet.fr\/en\/wp-json\/wp\/v2\/media\/2616"}],"wp:attachment":[{"href":"https:\/\/closcoquet.fr\/en\/wp-json\/wp\/v2\/media?parent=341"}],"curies":[{"name":"wp","href":"https:\/\/api.w.org\/{rel}","templated":true}]}}