{"id":406,"date":"2016-03-21T07:36:56","date_gmt":"2016-03-21T07:36:56","guid":{"rendered":"http:\/\/okthemes.com\/villenoirdemonew\/?page_id=406"},"modified":"2024-04-21T16:42:59","modified_gmt":"2024-04-21T14:42:59","slug":"nos-vins","status":"publish","type":"page","link":"https:\/\/closcoquet.fr\/en\/nos-vins\/","title":{"rendered":"Our Wines"},"content":{"rendered":"<div class=\"wpb-content-wrapper\"><div data-vc-full-width=\"true\" data-vc-full-width-init=\"false\" class=\"vc_row wpb_row vc_row-fluid vc_custom_1458552690761 vc_row-has-fill\"><div class=\"wpb_column vc_column_container vc_col-sm-12\"><div class=\"vc_column-inner\"><div class=\"wpb_wrapper\"><div class=\"vc_row wpb_row vc_inner vc_row-fluid\"><div class=\"wpb_column vc_column_container vc_col-sm-7 vc_col-lg-8 vc_col-md-8\"><div class=\"vc_column-inner\"><div class=\"wpb_wrapper\">\n\t<div  class=\"wpb_single_image wpb_content_element vc_align_center  vc_custom_1713618113285  gg-display-inline\">\n\t\t\n\t\t<figure class=\"wpb_wrapper vc_figure\">\n\t\t\t<div class=\"vc_single_image-wrapper   vc_box_border_grey\"><img loading=\"lazy\" decoding=\"async\" width=\"940\" height=\"788\" src=\"https:\/\/closcoquet.fr\/wp-content\/uploads\/2024\/04\/rose-clos-coquet-fond-bois-2-Photoroom.jpg\" class=\"vc_single_image-img attachment-full\" alt=\"ros\u00e9 du clos coquet\" title=\"ros\u00e9 du clos coquet\" srcset=\"https:\/\/closcoquet.fr\/wp-content\/uploads\/2024\/04\/rose-clos-coquet-fond-bois-2-Photoroom.jpg 940w, https:\/\/closcoquet.fr\/wp-content\/uploads\/2024\/04\/rose-clos-coquet-fond-bois-2-Photoroom-300x251.jpg 300w, https:\/\/closcoquet.fr\/wp-content\/uploads\/2024\/04\/rose-clos-coquet-fond-bois-2-Photoroom-768x644.jpg 768w\" sizes=\"auto, (max-width: 940px) 100vw, 940px\" \/><\/div>\n\t\t<\/figure>\n\t<\/div>\n<\/div><\/div><\/div><div class=\"wpb_column vc_column_container vc_col-sm-5 vc_col-lg-4 vc_col-md-4 vc_col-has-fill\"><div class=\"vc_column-inner vc_custom_1713626404779\"><div class=\"wpb_wrapper\">\n\t<div class=\"title-subtitle-box\" style=\" text-align: left;\">\n\t\t<p  style=\"\">Range<\/p>\n\t\t<h2 style=\" font-style: normal;\">The Ros\u00e9<\/h2>\n\t<\/div> \n\t<div class=\"gg_list list_style_line\">\n<ul>\n<li>Ros\u00e9 Baptiste Zunino<\/li>\n<\/ul>\n<\/div><div class=\"vc_btn3-container vc_btn3-inline vc_custom_1713625980095\" ><a style=\"background-color:#baa78f; color:#ffffff;\" class=\"vc_general vc_btn3 vc_btn3-size-md vc_btn3-shape-square vc_btn3-style-custom\" href=\"https:\/\/closcoquet.fr\/en\/product\/rose-baptiste-zunino\/\" title=\"E-shop\">Discover our ros\u00e9<\/a><\/div><\/div><\/div><\/div><\/div><div class=\"vc_row wpb_row vc_inner vc_row-fluid vc_custom_1458553570458\"><div class=\"wpb_column vc_column_container vc_col-sm-5 vc_col-lg-4 vc_col-md-4 vc_col-has-fill\"><div class=\"vc_column-inner vc_custom_1713626459364\"><div class=\"wpb_wrapper\">\n\t<div class=\"title-subtitle-box\" style=\" text-align: left;\">\n\t\t<p  style=\"\">Range<\/p>\n\t\t<h2 style=\" font-style: normal;\">The Whites<\/h2>\n\t<\/div> \n\t<div class=\"gg_list list_style_line\">\n<ul>\n<li>Clos Coquet white<\/li>\n<li>Chardonnay<\/li>\n<\/ul>\n<\/div><div class=\"vc_btn3-container vc_btn3-inline vc_custom_1713624745416\" ><a style=\"background-color:#ad8366; color:#ffffff;\" class=\"vc_general vc_btn3 vc_btn3-size-md vc_btn3-shape-square vc_btn3-style-custom\" href=\"https:\/\/closcoquet.fr\/en\/product\/clos-coquet-blanc\/\" title=\"E-shop\">Discover our Clos Coquet white<\/a><\/div>\n<div class=\"vc-zigzag-wrapper vc-zigzag-align-center\"><div class=\"vc-zigzag-inner\" style=\"width: 100%;min-height: 14px;background: 0 repeat-x url(&#039;data:image\/svg+xml;utf-8,%3C%3Fxml%20version%3D%221.0%22%20encoding%3D%22utf-8%22%3F%3E%3C%21DOCTYPE%20svg%20PUBLIC%20%22-%2F%2FW3C%2F%2FDTD%20SVG%201.1%2F%2FEN%22%20%22http%3A%2F%2Fwww.w3.org%2FGraphics%2FSVG%2F1.1%2FDTD%2Fsvg11.dtd%22%3E%3Csvg%20width%3D%2214px%22%20height%3D%2212px%22%20viewBox%3D%220%200%2018%2015%22%20version%3D%221.1%22%20xmlns%3D%22http%3A%2F%2Fwww.w3.org%2F2000%2Fsvg%22%20xmlns%3Axlink%3D%22http%3A%2F%2Fwww.w3.org%2F1999%2Fxlink%22%3E%3Cpolygon%20id%3D%22Combined-Shape%22%20fill%3D%22%23ebebeb%22%20points%3D%228.98762301%200%200%209.12771969%200%2014.519983%209%205.40479869%2018%2014.519983%2018%209.12771969%22%3E%3C%2Fpolygon%3E%3C%2Fsvg%3E&#039;);\"><\/div><\/div><div class=\"vc_btn3-container vc_btn3-inline vc_custom_1713624782409\" ><a style=\"background-color:#ad8366; color:#ffffff;\" class=\"vc_general vc_btn3 vc_btn3-size-md vc_btn3-shape-square vc_btn3-style-custom\" href=\"https:\/\/closcoquet.fr\/en\/product\/clos-coquet-chardonnay\/\" title=\"E-shop\">Discover our Chardonnay<\/a><\/div><\/div><\/div><\/div><div class=\"wpb_column vc_column_container vc_col-sm-7 vc_col-lg-8 vc_col-md-8\"><div class=\"vc_column-inner\"><div class=\"wpb_wrapper\">\n\t<div  class=\"wpb_single_image wpb_content_element vc_align_center  vc_custom_1713617521754  gg-display-inline\">\n\t\t\n\t\t<figure class=\"wpb_wrapper vc_figure\">\n\t\t\t<div class=\"vc_single_image-wrapper   vc_box_border_grey\"><img loading=\"lazy\" decoding=\"async\" width=\"940\" height=\"788\" src=\"https:\/\/closcoquet.fr\/wp-content\/uploads\/2024\/04\/blancs-clos-coquet-fond-beton-Photoroom.jpg\" class=\"vc_single_image-img attachment-full\" alt=\"vins blancs du clos coquet\" title=\"The whites of clos coquet\" srcset=\"https:\/\/closcoquet.fr\/wp-content\/uploads\/2024\/04\/blancs-clos-coquet-fond-beton-Photoroom.jpg 940w, https:\/\/closcoquet.fr\/wp-content\/uploads\/2024\/04\/blancs-clos-coquet-fond-beton-Photoroom-300x251.jpg 300w, https:\/\/closcoquet.fr\/wp-content\/uploads\/2024\/04\/blancs-clos-coquet-fond-beton-Photoroom-768x644.jpg 768w\" sizes=\"auto, (max-width: 940px) 100vw, 940px\" \/><\/div>\n\t\t<\/figure>\n\t<\/div>\n<\/div><\/div><\/div><\/div><div class=\"vc_row wpb_row vc_inner vc_row-fluid\"><div class=\"wpb_column vc_column_container vc_col-sm-7 vc_col-lg-8 vc_col-md-8\"><div class=\"vc_column-inner\"><div class=\"wpb_wrapper\">\n\t<div  class=\"wpb_single_image wpb_content_element vc_align_center  vc_custom_1713616968717  gg-display-inline\">\n\t\t\n\t\t<figure class=\"wpb_wrapper vc_figure\">\n\t\t\t<div class=\"vc_single_image-wrapper   vc_box_border_grey\"><img loading=\"lazy\" decoding=\"async\" width=\"940\" height=\"788\" src=\"https:\/\/closcoquet.fr\/wp-content\/uploads\/2024\/04\/rouges-clos-coquet-fond-bois-Photoroom.jpg\" class=\"vc_single_image-img attachment-full\" alt=\"les rouges du clos Coquet\" title=\"the reds of clos coquet\" srcset=\"https:\/\/closcoquet.fr\/wp-content\/uploads\/2024\/04\/rouges-clos-coquet-fond-bois-Photoroom.jpg 940w, https:\/\/closcoquet.fr\/wp-content\/uploads\/2024\/04\/rouges-clos-coquet-fond-bois-Photoroom-300x251.jpg 300w, https:\/\/closcoquet.fr\/wp-content\/uploads\/2024\/04\/rouges-clos-coquet-fond-bois-Photoroom-768x644.jpg 768w\" sizes=\"auto, (max-width: 940px) 100vw, 940px\" \/><\/div>\n\t\t<\/figure>\n\t<\/div>\n<\/div><\/div><\/div><div class=\"wpb_column vc_column_container vc_col-sm-5 vc_col-lg-4 vc_col-md-4 vc_col-has-fill\"><div class=\"vc_column-inner vc_custom_1713626357448\"><div class=\"wpb_wrapper\">\n\t<div class=\"title-subtitle-box\" style=\" text-align: left;\">\n\t\t<p  style=\"\">Range<\/p>\n\t\t<h2 style=\" font-style: normal;\">The Reds<\/h2>\n\t<\/div> \n\t<div class=\"gg_list list_style_line\">\n<ul>\n<li>Clos Coquet red<\/li>\n<li>Horse Syrah<\/li>\n<\/ul>\n<\/div><div class=\"vc_btn3-container vc_btn3-inline vc_custom_1713626030753\" ><a style=\"background-color:#ad8366; color:#ffffff;\" class=\"vc_general vc_btn3 vc_btn3-size-md vc_btn3-shape-square vc_btn3-style-custom\" href=\"https:\/\/closcoquet.fr\/en\/product\/clos-coquet-rouge\/\" title=\"E-shop\">Discover our Clos Coquet red<\/a><\/div>\n<div class=\"vc-zigzag-wrapper vc-zigzag-align-center\"><div class=\"vc-zigzag-inner\" style=\"width: 100%;min-height: 14px;background: 0 repeat-x url(&#039;data:image\/svg+xml;utf-8,%3C%3Fxml%20version%3D%221.0%22%20encoding%3D%22utf-8%22%3F%3E%3C%21DOCTYPE%20svg%20PUBLIC%20%22-%2F%2FW3C%2F%2FDTD%20SVG%201.1%2F%2FEN%22%20%22http%3A%2F%2Fwww.w3.org%2FGraphics%2FSVG%2F1.1%2FDTD%2Fsvg11.dtd%22%3E%3Csvg%20width%3D%2214px%22%20height%3D%2212px%22%20viewBox%3D%220%200%2018%2015%22%20version%3D%221.1%22%20xmlns%3D%22http%3A%2F%2Fwww.w3.org%2F2000%2Fsvg%22%20xmlns%3Axlink%3D%22http%3A%2F%2Fwww.w3.org%2F1999%2Fxlink%22%3E%3Cpolygon%20id%3D%22Combined-Shape%22%20fill%3D%22%23ebebeb%22%20points%3D%228.98762301%200%200%209.12771969%200%2014.519983%209%205.40479869%2018%2014.519983%2018%209.12771969%22%3E%3C%2Fpolygon%3E%3C%2Fsvg%3E&#039;);\"><\/div><\/div><div class=\"vc_btn3-container vc_btn3-inline vc_custom_1713626074223\" ><a style=\"background-color:#ad8366; color:#ffffff;\" class=\"vc_general vc_btn3 vc_btn3-size-md vc_btn3-shape-square vc_btn3-style-custom\" href=\"https:\/\/closcoquet.fr\/en\/product\/syrah-cheval\/\" title=\"E-shop\">Discover our Horse Syrah<\/a><\/div><\/div><\/div><\/div><\/div><div class=\"vc_row wpb_row vc_inner vc_row-fluid vc_custom_1713622426051 vc_row-has-fill\"><div class=\"wpb_column vc_column_container vc_col-sm-4\"><div class=\"vc_column-inner\"><div class=\"wpb_wrapper\">\n\t<div class=\"counter-holder media\" style=\"text-align:center;   \">\n\t\t\t<div class=\"counter-content media-body\">\n\t\t\t\t<span style=\" font-size:60px; color:#ad8366;\" class=\"counter\" data-number=\"8\" data-interval=\"100\" data-speed=\"1500\">8<\/span>\n\t\t\t\t<p style=\"color:#593f01\">hectares if vines<\/p>\n\t\t\t<\/div>\n\t<\/div> <\/div><\/div><\/div><div class=\"wpb_column vc_column_container vc_col-sm-4\"><div class=\"vc_column-inner\"><div class=\"wpb_wrapper\">\n\t<div class=\"counter-holder media\" style=\"text-align:center;   \">\n\t\t\t<div class=\"counter-content media-body\">\n\t\t\t\t<span style=\" font-size:60px; color:#ad8366;\" class=\"counter\" data-number=\"5\" data-interval=\"100\" data-speed=\"1500\">5<\/span>\n\t\t\t\t<p style=\"color:#593f01\">wines in white, red and ros\u00e9<\/p>\n\t\t\t<\/div>\n\t<\/div> <\/div><\/div><\/div><div class=\"wpb_column vc_column_container vc_col-sm-4\"><div class=\"vc_column-inner\"><div class=\"wpb_wrapper\">\n\t<div class=\"counter-holder media\" style=\"text-align:center;   \">\n\t\t\t<div class=\"counter-content media-body\">\n\t\t\t\t<span style=\" font-size:60px; color:#ad8366;\" class=\"counter\" data-number=\"2\" data-interval=\"100\" data-speed=\"1500\">2<\/span>\n\t\t\t\t<p style=\"color:#593f01\">appellations: C\u00f4tes de Provence and Vin de France<\/p>\n\t\t\t<\/div>\n\t<\/div> <\/div><\/div><\/div><\/div><div class=\"vc_row wpb_row vc_inner vc_row-fluid vc_custom_1713622449964 vc_row-has-fill\"><div class=\"wpb_column vc_column_container vc_col-sm-4\"><div class=\"vc_column-inner\"><div class=\"wpb_wrapper\">\n\t<div class=\"counter-holder media\" style=\"text-align:center;   \">\n\t\t\t<div class=\"counter-content media-body\">\n\t\t\t\t<span style=\" font-size:60px; color:#ad8366;\" class=\"counter\" data-number=\"3\" data-interval=\"100\" data-speed=\"1500\">3<\/span>\n\t\t\t\t<p style=\"color:#593f01\">Draft horses to work the vineyards<\/p>\n\t\t\t<\/div>\n\t<\/div> <\/div><\/div><\/div><div class=\"wpb_column vc_column_container vc_col-sm-4\"><div class=\"vc_column-inner\"><div class=\"wpb_wrapper\">\n\t<div class=\"counter-holder media\" style=\"text-align:center;   \">\n\t\t\t<div class=\"counter-content media-body\">\n\t\t\t\t<span style=\" font-size:60px; color:#ad8366;\" class=\"counter\" data-number=\"2018\" data-interval=\"100\" data-speed=\"1500\">2018<\/span>\n\t\t\t\t<p style=\"color:#593f01\">Year the estate was founded<\/p>\n\t\t\t<\/div>\n\t<\/div> <\/div><\/div><\/div><div class=\"wpb_column vc_column_container vc_col-sm-4\"><div class=\"vc_column-inner\"><div class=\"wpb_wrapper\">\n\t<div class=\"counter-holder media\" style=\"text-align:center;   \">\n\t\t\t<div class=\"counter-content media-body\">\n\t\t\t\t<span style=\" font-size:60px; color:#ad8366;\" class=\"counter\" data-number=\"2023\" data-interval=\"100\" data-speed=\"1500\">2023<\/span>\n\t\t\t\t<p style=\"color:#593f01\">EU Organic Certification<\/p>\n\t\t\t<\/div>\n\t<\/div> <\/div><\/div><\/div><\/div><\/div><\/div><\/div><\/div><div class=\"vc_row-full-width vc_clearfix\"><\/div><div class=\"vc_row wpb_row vc_row-fluid vc_custom_1713621893265 vc_row-has-fill\"><div class=\"wpb_column vc_column_container vc_col-sm-12\"><div class=\"vc_column-inner\"><div class=\"wpb_wrapper\">\n\t<blockquote  class=\"gg-vc-quote style_1\">\n\t\"Passion does not express fatigue\".\n\t<cite >Baptiste Zunino<\/cite>\n\t<\/blockquote><\/div><\/div><\/div><\/div><div class=\"vc_row wpb_row vc_row-fluid\"><div class=\"wpb_column vc_column_container vc_col-sm-12\"><div class=\"vc_column-inner\"><div class=\"wpb_wrapper\">\n\t<div class=\"title-subtitle-box\" style=\" text-align: center;\">\n\t\t<p  style=\"\">Since 2018<\/p>\n\t\t<h1 style=\" font-style: normal;\">Daring wines<\/h1>\n\t<\/div> <div class=\"vc_row wpb_row vc_inner vc_row-fluid\"><div class=\"wpb_column vc_column_container vc_col-sm-2\"><div class=\"vc_column-inner\"><div class=\"wpb_wrapper\"><\/div><\/div><\/div><div class=\"wpb_column vc_column_container vc_col-sm-4\"><div class=\"vc_column-inner\"><div class=\"wpb_wrapper\">\n\t<div class=\"wpb_text_column wpb_content_element\" >\n\t\t<div class=\"wpb_wrapper\">\n\t\t\t<p><span class=\"OYPEnA text-decoration-none text-strikethrough-none\">Baptiste embodies the new generation of winegrowers who combine respect for nature with innovation. In 2023, he obtained the <\/span><span class=\"OYPEnA text-decoration-none text-strikethrough-none\">organic farming<\/span><span class=\"OYPEnA text-decoration-none text-strikethrough-none\">but his approach goes far beyond that. Baptiste follows the <strong>lunar cycles<\/strong> and applies a <strong>minimalist interventionist approach<\/strong> in its winemaking methods. His philosophy? To intervene as little as possible, to let each cuv\u00e9e fully express the unique character of its terroir and grape varieties. Working with small volumes, Baptiste concentrates on <\/span><strong><span class=\"OYPEnA text-decoration-none text-strikethrough-none\">microcuv\u00e9es<\/span><\/strong><span class=\"OYPEnA text-decoration-none text-strikethrough-none\">a true expression of his creative talent.\u00a0<\/span><\/p>\n\n\t\t<\/div>\n\t<\/div>\n<\/div><\/div><\/div><div class=\"wpb_column vc_column_container vc_col-sm-4\"><div class=\"vc_column-inner\"><div class=\"wpb_wrapper\">\n\t<div class=\"wpb_text_column wpb_content_element\" >\n\t\t<div class=\"wpb_wrapper\">\n\t\t\t<p><span class=\"OYPEnA text-decoration-none text-strikethrough-none\">Each wine is original and creative, reflecting his inspiration and personal feelings. Off the beaten track, he doesn't hesitate to give priority to cuv\u00e9es en <strong>Vin de France<\/strong> rather than AOP. This freedom allowed him to explore new blends and avant-garde techniques, giving birth to <strong>des <\/strong><\/span><strong><span class=\"OYPEnA text-decoration-none text-strikethrough-none\">daring wines<\/span><\/strong><span class=\"OYPEnA text-decoration-none text-strikethrough-none\"><strong>.<\/strong> These wines, often experimental, attract those in search of new taste experiences, affirming Le Clos Coquet's reputation as a place of creativity and excellence in Provence.<\/span><\/p>\n\n\t\t<\/div>\n\t<\/div>\n<\/div><\/div><\/div><div class=\"wpb_column vc_column_container vc_col-sm-2\"><div class=\"vc_column-inner\"><div class=\"wpb_wrapper\"><\/div><\/div><\/div><\/div><div class=\"vc_row wpb_row vc_inner vc_row-fluid\"><div class=\"wpb_column vc_column_container vc_col-sm-2\"><div class=\"vc_column-inner\"><div class=\"wpb_wrapper\"><\/div><\/div><\/div><div class=\"wpb_column vc_column_container vc_col-sm-4\"><div class=\"vc_column-inner\"><div class=\"wpb_wrapper\">\n\t<div class=\"featured-image-box  text-align-left\">\n\t\t<figure class=\"default\">\n\t\t\t <img decoding=\"async\" class=\"wp-post-image default\" src=\"https:\/\/closcoquet.fr\/wp-content\/uploads\/2024\/04\/vignification-rouge.jpg\" alt=\"petit pressoir \u00e0 l&#039;ancienne\" \/> \n\t\t<figcaption>\n\t\t\t<span class=\"toptitle\"><\/span>\n\t\t\t<h4>Our ancient wine press<\/h4>\n\t\t\t<p>Baptiste spends many hours, working late into the night, pressing his red wines. He uses a small traditional wooden press with a capacity of 50 liters.<\/p>\n\t\t<\/figcaption>\n\t\t<\/figure>\n\t<\/div> \n\t<div class=\"featured-image-box  text-align-left\">\n\t\t<figure class=\"default\">\n\t\t\t <img decoding=\"async\" class=\"wp-post-image default\" src=\"https:\/\/closcoquet.fr\/wp-content\/uploads\/2024\/04\/cave-clos-coquet-scaled.jpg\" alt=\"chai de vinification du clos coquet\" \/> \n\t\t<figcaption>\n\t\t\t<span class=\"toptitle\"><\/span>\n\t\t\t<h4>Our vinification cellar<\/h4>\n\t\t\t<p>We built an all-wooden winery, designed to blend harmoniously with the surrounding forests, preserving the natural aesthetics of the site.<\/p>\n\t\t<\/figcaption>\n\t\t<\/figure>\n\t<\/div> <\/div><\/div><\/div><div class=\"wpb_column vc_column_container vc_col-sm-4\"><div class=\"vc_column-inner\"><div class=\"wpb_wrapper\">\n\t<div class=\"featured-image-box  text-align-left\">\n\t\t<figure class=\"default\">\n\t\t\t <img decoding=\"async\" class=\"wp-post-image default\" src=\"https:\/\/closcoquet.fr\/wp-content\/uploads\/2024\/04\/amphores-clos-coquet-1-scaled.jpg\" alt=\"amphores de 600 litres en gr\u00e8s\" \/> \n\t\t<figcaption>\n\t\t\t<span class=\"toptitle\"><\/span>\n\t\t\t<h4>Our amphorae<\/h4>\n\t\t\t<p>Baptiste refines his parcel-selected cuv\u00e9es in 600-liter sandstone amphorae, imparting remarkable finesse to his wines.<\/p>\n\t\t<\/figcaption>\n\t\t<\/figure>\n\t<\/div> \n\t<div class=\"featured-image-box  text-align-left\">\n\t\t<figure class=\"default\">\n\t\t\t <img decoding=\"async\" class=\"wp-post-image default\" src=\"https:\/\/closcoquet.fr\/wp-content\/uploads\/2024\/04\/parclle-du-clos-scaled.jpg\" alt=\"parcelle du clos\" \/> \n\t\t<figcaption>\n\t\t\t<span class=\"toptitle\"><\/span>\n\t\t\t<h4>The name ``Clos Coquet``<\/h4>\n\t\t\t<p>The name of our estate, 'Clos Coquet', comes from Coquet, a horse owned by our grandfather Louis, and also refers to the enclosed configuration of our property.<\/p>\n\t\t<\/figcaption>\n\t\t<\/figure>\n\t<\/div> <\/div><\/div><\/div><div class=\"wpb_column vc_column_container vc_col-sm-2\"><div class=\"vc_column-inner\"><div class=\"wpb_wrapper\"><\/div><\/div><\/div><\/div><\/div><\/div><\/div><\/div><div class=\"vc_row wpb_row vc_row-fluid\"><div class=\"wpb_column vc_column_container vc_col-sm-12\"><div class=\"vc_column-inner\"><div class=\"wpb_wrapper\">\n\t<div  class=\"wpb_single_image wpb_content_element vc_align_left\">\n\t\t\n\t\t<figure class=\"wpb_wrapper vc_figure\">\n\t\t\t<div class=\"vc_single_image-wrapper   vc_box_border_grey\"><img loading=\"lazy\" decoding=\"async\" width=\"1200\" height=\"800\" src=\"https:\/\/closcoquet.fr\/wp-content\/uploads\/2024\/04\/bouteille-oroshi-fond-blanc-Photoroom.jpg\" class=\"vc_single_image-img attachment-full\" alt=\"boutille oroshi\" title=\"boutille oroshi\" srcset=\"https:\/\/closcoquet.fr\/wp-content\/uploads\/2024\/04\/bouteille-oroshi-fond-blanc-Photoroom.jpg 1200w, https:\/\/closcoquet.fr\/wp-content\/uploads\/2024\/04\/bouteille-oroshi-fond-blanc-Photoroom-300x200.jpg 300w, https:\/\/closcoquet.fr\/wp-content\/uploads\/2024\/04\/bouteille-oroshi-fond-blanc-Photoroom-1024x683.jpg 1024w, https:\/\/closcoquet.fr\/wp-content\/uploads\/2024\/04\/bouteille-oroshi-fond-blanc-Photoroom-768x512.jpg 768w, https:\/\/closcoquet.fr\/wp-content\/uploads\/2024\/04\/bouteille-oroshi-fond-blanc-Photoroom-18x12.jpg 18w\" sizes=\"auto, (max-width: 1200px) 100vw, 1200px\" \/><\/div>\n\t\t<\/figure>\n\t<\/div>\n<\/div><\/div><\/div><\/div><div class=\"vc_row wpb_row vc_row-fluid\"><div class=\"wpb_column vc_column_container vc_col-sm-12\"><div class=\"vc_column-inner\"><div class=\"wpb_wrapper\">\n\t<div class=\"wpb_text_column wpb_content_element\" >\n\t\t<div class=\"wpb_wrapper\">\n\t\t\t<h2>Th \"Oroshi\" bottle<\/h2>\n<p>We have chosen the \"Oroshi\" bottle, for which we hold exclusivity. This choice is motivated by its characteristic marks and imperfections on the glass, allowing us to stand out in a market that consistently favors perfection and flawlessness in glass bottles.<\/p>\n\n\t\t<\/div>\n\t<\/div>\n<\/div><\/div><\/div><\/div><div class=\"vc_row wpb_row vc_row-fluid\"><div class=\"wpb_column vc_column_container vc_col-sm-12\"><div class=\"vc_column-inner\"><div class=\"wpb_wrapper\">\n\t<div  class=\"wpb_single_image wpb_content_element vc_align_left\">\n\t\t\n\t\t<figure class=\"wpb_wrapper vc_figure\">\n\t\t\t<div class=\"vc_single_image-wrapper   vc_box_border_grey\"><img loading=\"lazy\" decoding=\"async\" width=\"1200\" height=\"800\" src=\"https:\/\/closcoquet.fr\/wp-content\/uploads\/2024\/04\/bouteille-oroshi-2.png\" class=\"vc_single_image-img attachment-full\" alt=\"d\u00e9tail bouteille oroshi\" title=\"d\u00e9tail bouteille oroshi\" srcset=\"https:\/\/closcoquet.fr\/wp-content\/uploads\/2024\/04\/bouteille-oroshi-2.png 1200w, https:\/\/closcoquet.fr\/wp-content\/uploads\/2024\/04\/bouteille-oroshi-2-300x200.png 300w, https:\/\/closcoquet.fr\/wp-content\/uploads\/2024\/04\/bouteille-oroshi-2-1024x683.png 1024w, https:\/\/closcoquet.fr\/wp-content\/uploads\/2024\/04\/bouteille-oroshi-2-768x512.png 768w, https:\/\/closcoquet.fr\/wp-content\/uploads\/2024\/04\/bouteille-oroshi-2-18x12.png 18w\" sizes=\"auto, (max-width: 1200px) 100vw, 1200px\" \/><\/div>\n\t\t<\/figure>\n\t<\/div>\n<\/div><\/div><\/div><\/div>\n<\/div>","protected":false},"excerpt":{"rendered":"Gamme Le ros\u00e9 Ros\u00e9 Baptiste Zunino D\u00e9couvrir notre ros\u00e9 Gamme Les blancs Clos Coquet blanc Chardonnay D\u00e9couvrir le Clos Coquet blanc D\u00e9couvrir le Chardonnay Gamme Les rouges Clos Coquet rouge Syrah Cheval D\u00e9couvrir le Clos Coquet rouge D\u00e9couvrir la Syrah Cheval 8 hectares de vignes 5 cuv\u00e9es en blanc, rouge, ros\u00e9s 2 appellations : C\u00f4tes<br class=\"read-more-spacer\"> <a class=\"more-link\" href=\"https:\/\/closcoquet.fr\/en\/nos-vins\/\">Read More<\/a>","protected":false},"author":1,"featured_media":2647,"parent":0,"menu_order":0,"comment_status":"closed","ping_status":"closed","template":"","meta":{"_acf_changed":false,"om_disable_all_campaigns":false,"_monsterinsights_skip_tracking":false,"_monsterinsights_sitenote_active":false,"_monsterinsights_sitenote_note":"","_monsterinsights_sitenote_category":0,"footnotes":""},"class_list":["post-406","page","type-page","status-publish","has-post-thumbnail","hentry"],"acf":[],"aioseo_notices":[],"_links":{"self":[{"href":"https:\/\/closcoquet.fr\/en\/wp-json\/wp\/v2\/pages\/406","targetHints":{"allow":["GET"]}}],"collection":[{"href":"https:\/\/closcoquet.fr\/en\/wp-json\/wp\/v2\/pages"}],"about":[{"href":"https:\/\/closcoquet.fr\/en\/wp-json\/wp\/v2\/types\/page"}],"author":[{"embeddable":true,"href":"https:\/\/closcoquet.fr\/en\/wp-json\/wp\/v2\/users\/1"}],"replies":[{"embeddable":true,"href":"https:\/\/closcoquet.fr\/en\/wp-json\/wp\/v2\/comments?post=406"}],"version-history":[{"count":30,"href":"https:\/\/closcoquet.fr\/en\/wp-json\/wp\/v2\/pages\/406\/revisions"}],"predecessor-version":[{"id":2848,"href":"https:\/\/closcoquet.fr\/en\/wp-json\/wp\/v2\/pages\/406\/revisions\/2848"}],"wp:featuredmedia":[{"embeddable":true,"href":"https:\/\/closcoquet.fr\/en\/wp-json\/wp\/v2\/media\/2647"}],"wp:attachment":[{"href":"https:\/\/closcoquet.fr\/en\/wp-json\/wp\/v2\/media?parent=406"}],"curies":[{"name":"wp","href":"https:\/\/api.w.org\/{rel}","templated":true}]}}