{"id":3060,"date":"2026-05-07T08:54:48","date_gmt":"2026-05-07T06:54:48","guid":{"rendered":"https:\/\/closcoquet.fr\/?post_type=product&#038;p=3060"},"modified":"2026-05-07T08:54:48","modified_gmt":"2026-05-07T06:54:48","slug":"trait-clair-rose-cote-de-provence-2025-75-cl","status":"publish","type":"product","link":"https:\/\/closcoquet.fr\/en\/product\/trait-clair-rose-cote-de-provence-2025-75-cl\/","title":{"rendered":"Trait Clair &#8211; Ros\u00e9 C\u00f4te de Provence 2025 75 cl"},"content":{"rendered":"<p>Une robe p\u00e2le, un nez doux , un nouveau look simpliste&#8230; Nous vous laisserons le d\u00e9couvrir par vous m\u00eame<\/p>","protected":false},"excerpt":{"rendered":"<p>Une robe p\u00e2le, un nez doux , un nouveau look simpliste&#8230; Nous vous laisserons le d\u00e9couvrir par vous m\u00eame<\/p>","protected":false},"featured_media":3062,"comment_status":"open","ping_status":"closed","template":"","meta":{"_acf_changed":false,"om_disable_all_campaigns":false,"_monsterinsights_skip_tracking":false,"_monsterinsights_sitenote_active":false,"_monsterinsights_sitenote_note":"","_monsterinsights_sitenote_category":0},"product_brand":[],"product_cat":[15],"product_tag":[],"class_list":{"0":"post-3060","1":"product","2":"type-product","3":"status-publish","4":"has-post-thumbnail","6":"product_cat-vins-roses","8":"first","9":"instock","10":"taxable","11":"shipping-taxable","12":"purchasable","13":"product-type-simple"},"group_of_quantity":0,"min_quantity":0,"max_quantity":"","exclude_order_quantity_value_rules":"no","exclude_category_quantity_rules":"no","combine_variations":"no","acf":[],"aioseo_notices":[],"_links":{"self":[{"href":"https:\/\/closcoquet.fr\/en\/wp-json\/wp\/v2\/product\/3060","targetHints":{"allow":["GET"]}}],"collection":[{"href":"https:\/\/closcoquet.fr\/en\/wp-json\/wp\/v2\/product"}],"about":[{"href":"https:\/\/closcoquet.fr\/en\/wp-json\/wp\/v2\/types\/product"}],"replies":[{"embeddable":true,"href":"https:\/\/closcoquet.fr\/en\/wp-json\/wp\/v2\/comments?post=3060"}],"wp:featuredmedia":[{"embeddable":true,"href":"https:\/\/closcoquet.fr\/en\/wp-json\/wp\/v2\/media\/3062"}],"wp:attachment":[{"href":"https:\/\/closcoquet.fr\/en\/wp-json\/wp\/v2\/media?parent=3060"}],"wp:term":[{"taxonomy":"product_brand","embeddable":true,"href":"https:\/\/closcoquet.fr\/en\/wp-json\/wp\/v2\/product_brand?post=3060"},{"taxonomy":"product_cat","embeddable":true,"href":"https:\/\/closcoquet.fr\/en\/wp-json\/wp\/v2\/product_cat?post=3060"},{"taxonomy":"product_tag","embeddable":true,"href":"https:\/\/closcoquet.fr\/en\/wp-json\/wp\/v2\/product_tag?post=3060"}],"curies":[{"name":"wp","href":"https:\/\/api.w.org\/{rel}","templated":true}]}}