{"id":3065,"date":"2026-05-07T09:09:43","date_gmt":"2026-05-07T07:09:43","guid":{"rendered":"https:\/\/closcoquet.fr\/?post_type=product&#038;p=3065"},"modified":"2026-05-07T09:43:33","modified_gmt":"2026-05-07T07:43:33","slug":"trait-clair-blanc-cote-de-provence-2025","status":"publish","type":"product","link":"https:\/\/closcoquet.fr\/en\/product\/trait-clair-blanc-cote-de-provence-2025\/","title":{"rendered":"Trait Clair &#8211; Blanc C\u00f4te de Provence 2025"},"content":{"rendered":"<p>Avec sa robe lumineuse et son profil d\u00e9licatement fruit\u00e9 et floral , ce vin blanc s\u00e9duit par son \u00e9quilibre entre vivacit\u00e9 et douceur. Id\u00e9al \u00e0 l&rsquo;ap\u00e9ritif , en terrasse ou autour d&rsquo;un repas l\u00e9ger , il accompagne parfaitement les instants simples qui m\u00e9ritent d&rsquo;\u00eatre savour\u00e9s. Une cuv\u00e9e pens\u00e9e pour ceux qui aiment les vins frais , harmonieux et faciles \u00e0 partager.<\/p>","protected":false},"excerpt":{"rendered":"<p>Simplement frais , naturellement \u00e9l\u00e9gant<\/p>","protected":false},"featured_media":3067,"comment_status":"open","ping_status":"closed","template":"","meta":{"_acf_changed":false,"om_disable_all_campaigns":false,"_monsterinsights_skip_tracking":false,"_monsterinsights_sitenote_active":false,"_monsterinsights_sitenote_note":"","_monsterinsights_sitenote_category":0},"product_brand":[],"product_cat":[29],"product_tag":[],"class_list":{"0":"post-3065","1":"product","2":"type-product","3":"status-publish","4":"has-post-thumbnail","6":"product_cat-vins-blancs","8":"first","9":"instock","10":"taxable","11":"shipping-taxable","12":"purchasable","13":"product-type-simple"},"group_of_quantity":0,"min_quantity":0,"max_quantity":"","exclude_order_quantity_value_rules":"no","exclude_category_quantity_rules":"no","combine_variations":"no","acf":[],"aioseo_notices":[],"_links":{"self":[{"href":"https:\/\/closcoquet.fr\/en\/wp-json\/wp\/v2\/product\/3065","targetHints":{"allow":["GET"]}}],"collection":[{"href":"https:\/\/closcoquet.fr\/en\/wp-json\/wp\/v2\/product"}],"about":[{"href":"https:\/\/closcoquet.fr\/en\/wp-json\/wp\/v2\/types\/product"}],"replies":[{"embeddable":true,"href":"https:\/\/closcoquet.fr\/en\/wp-json\/wp\/v2\/comments?post=3065"}],"wp:featuredmedia":[{"embeddable":true,"href":"https:\/\/closcoquet.fr\/en\/wp-json\/wp\/v2\/media\/3067"}],"wp:attachment":[{"href":"https:\/\/closcoquet.fr\/en\/wp-json\/wp\/v2\/media?parent=3065"}],"wp:term":[{"taxonomy":"product_brand","embeddable":true,"href":"https:\/\/closcoquet.fr\/en\/wp-json\/wp\/v2\/product_brand?post=3065"},{"taxonomy":"product_cat","embeddable":true,"href":"https:\/\/closcoquet.fr\/en\/wp-json\/wp\/v2\/product_cat?post=3065"},{"taxonomy":"product_tag","embeddable":true,"href":"https:\/\/closcoquet.fr\/en\/wp-json\/wp\/v2\/product_tag?post=3065"}],"curies":[{"name":"wp","href":"https:\/\/api.w.org\/{rel}","templated":true}]}}