{"id":3068,"date":"2026-05-07T09:23:02","date_gmt":"2026-05-07T07:23:02","guid":{"rendered":"https:\/\/closcoquet.fr\/?post_type=product&#038;p=3068"},"modified":"2026-05-07T09:23:02","modified_gmt":"2026-05-07T07:23:02","slug":"trait-clair-rouge-2025","status":"publish","type":"product","link":"https:\/\/closcoquet.fr\/en\/product\/trait-clair-rouge-2025\/","title":{"rendered":"Trait Clair &#8211; Rouge 2025"},"content":{"rendered":"<p>Le trait Clair Rouge r\u00e9v\u00e8le toute l&rsquo;originalit\u00e9 d&rsquo;un 100% Carignan \u00e0 la robe tr\u00e8s clair et \u00e9clatante \u00e0 la fois. L\u00e9ger et frais avec ses 11%, ce rouge d&rsquo;ap\u00e9ritif s\u00e9duit par son fruit gourmand, sa souplesse et sa belle vivacit\u00e9. Servi l\u00e9g\u00e8rement frais, il accompagne parfaitement les moments de partage. Une cuv\u00e9e accessible et \u00e9l\u00e9gante , comme une petite p\u00e9pite rouge \u00e0 d\u00e9couvrir et \u00e0 faire d\u00e9couvrir.<\/p>","protected":false},"excerpt":{"rendered":"<p>Le rubis l\u00e9ger qui illumine l&rsquo;ap\u00e9ro<\/p>","protected":false},"featured_media":3061,"comment_status":"open","ping_status":"closed","template":"","meta":{"_acf_changed":false,"om_disable_all_campaigns":false,"_monsterinsights_skip_tracking":false,"_monsterinsights_sitenote_active":false,"_monsterinsights_sitenote_note":"","_monsterinsights_sitenote_category":0},"product_brand":[],"product_cat":[15],"product_tag":[],"class_list":{"0":"post-3068","1":"product","2":"type-product","3":"status-publish","4":"has-post-thumbnail","6":"product_cat-vins-roses","8":"first","9":"instock","10":"taxable","11":"shipping-taxable","12":"purchasable","13":"product-type-simple"},"group_of_quantity":0,"min_quantity":0,"max_quantity":"","exclude_order_quantity_value_rules":"no","exclude_category_quantity_rules":"no","combine_variations":"no","acf":[],"aioseo_notices":[],"_links":{"self":[{"href":"https:\/\/closcoquet.fr\/en\/wp-json\/wp\/v2\/product\/3068","targetHints":{"allow":["GET"]}}],"collection":[{"href":"https:\/\/closcoquet.fr\/en\/wp-json\/wp\/v2\/product"}],"about":[{"href":"https:\/\/closcoquet.fr\/en\/wp-json\/wp\/v2\/types\/product"}],"replies":[{"embeddable":true,"href":"https:\/\/closcoquet.fr\/en\/wp-json\/wp\/v2\/comments?post=3068"}],"wp:featuredmedia":[{"embeddable":true,"href":"https:\/\/closcoquet.fr\/en\/wp-json\/wp\/v2\/media\/3061"}],"wp:attachment":[{"href":"https:\/\/closcoquet.fr\/en\/wp-json\/wp\/v2\/media?parent=3068"}],"wp:term":[{"taxonomy":"product_brand","embeddable":true,"href":"https:\/\/closcoquet.fr\/en\/wp-json\/wp\/v2\/product_brand?post=3068"},{"taxonomy":"product_cat","embeddable":true,"href":"https:\/\/closcoquet.fr\/en\/wp-json\/wp\/v2\/product_cat?post=3068"},{"taxonomy":"product_tag","embeddable":true,"href":"https:\/\/closcoquet.fr\/en\/wp-json\/wp\/v2\/product_tag?post=3068"}],"curies":[{"name":"wp","href":"https:\/\/api.w.org\/{rel}","templated":true}]}}